{"id":31148,"date":"2024-04-19T11:08:42","date_gmt":"2024-04-19T15:08:42","guid":{"rendered":"https:\/\/lucasoil.co.uk\/fachgebiet-landwirtschaft\/"},"modified":"2025-11-25T11:49:37","modified_gmt":"2025-11-25T16:49:37","slug":"fachgebiet-landwirtschaft","status":"publish","type":"page","link":"https:\/\/lucasoil.co.uk\/de\/fachgebiet-landwirtschaft\/","title":{"rendered":"Fachgebiet: Landwirtschaft"},"content":{"rendered":"\n<h2 class=\"gb-headline gb-headline-01d1275c gb-headline-text\">LANDWIRTSCHAFT<\/h2>\n\n<p>Sch\u00f6pfen Sie das volle Potenzial Ihrer hart arbeitenden Maschinen aus \u2013 mit unserer innovativen Serie von \u00d6len, Additiven, Fetten und Probleml\u00f6sern, die daf\u00fcr entwickelt wurden, Ihren Betrieb am Laufen zu halten. Die Additive von Lucas wurden entwickelt, um Reibung zu reduzieren, Motorverschlei\u00df zu verhindern, die Kraftstoffeffizienz zu verbessern, Emissionen zu reduzieren und die Motorkomponenten sauberer zu halten. Sie tragen zu einer besseren Gesamteffizienz und Zuverl\u00e4ssigkeit der Maschinen bei und helfen so, maximale Produktivit\u00e4t und Rentabilit\u00e4t zu erzielen. <\/p>\n","protected":false},"excerpt":{"rendered":"<p>LANDWIRTSCHAFT Sch\u00f6pfen Sie das volle Potenzial Ihrer hart arbeitenden Maschinen aus \u2013 mit unserer innovativen Serie von \u00d6len, Additiven, Fetten und Probleml\u00f6sern, die daf\u00fcr entwickelt wurden, Ihren Betrieb am Laufen zu halten. Die Additive von Lucas wurden entwickelt, um Reibung zu reduzieren, Motorverschlei\u00df zu verhindern, die Kraftstoffeffizienz zu verbessern, Emissionen zu reduzieren und die Motorkomponenten [&hellip;]<\/p>\n","protected":false},"author":1,"featured_media":0,"parent":0,"menu_order":0,"comment_status":"closed","ping_status":"closed","template":"lifestyle-agriculture.php","meta":{"_acf_changed":false,"footnotes":""},"class_list":["post-31148","page","type-page","status-publish","hentry"],"acf":[],"_links":{"self":[{"href":"https:\/\/lucasoil.co.uk\/de\/wp-json\/wp\/v2\/pages\/31148","targetHints":{"allow":["GET"]}}],"collection":[{"href":"https:\/\/lucasoil.co.uk\/de\/wp-json\/wp\/v2\/pages"}],"about":[{"href":"https:\/\/lucasoil.co.uk\/de\/wp-json\/wp\/v2\/types\/page"}],"author":[{"embeddable":true,"href":"https:\/\/lucasoil.co.uk\/de\/wp-json\/wp\/v2\/users\/1"}],"replies":[{"embeddable":true,"href":"https:\/\/lucasoil.co.uk\/de\/wp-json\/wp\/v2\/comments?post=31148"}],"version-history":[{"count":1,"href":"https:\/\/lucasoil.co.uk\/de\/wp-json\/wp\/v2\/pages\/31148\/revisions"}],"predecessor-version":[{"id":31149,"href":"https:\/\/lucasoil.co.uk\/de\/wp-json\/wp\/v2\/pages\/31148\/revisions\/31149"}],"wp:attachment":[{"href":"https:\/\/lucasoil.co.uk\/de\/wp-json\/wp\/v2\/media?parent=31148"}],"curies":[{"name":"wp","href":"https:\/\/api.w.org\/{rel}","templated":true}]}}