{"id":31210,"date":"2024-04-19T12:08:52","date_gmt":"2024-04-19T16:08:52","guid":{"rendered":"https:\/\/lucasoil.co.uk\/spezialgebiet-hot-rods-classic-cars\/"},"modified":"2025-11-25T11:55:22","modified_gmt":"2025-11-25T16:55:22","slug":"spezialgebiet-hot-rods-classic-cars","status":"publish","type":"page","link":"https:\/\/lucasoil.co.uk\/de\/spezialgebiet-hot-rods-classic-cars\/","title":{"rendered":"Spezialgebiet: Hot Rods &amp; Classic Cars"},"content":{"rendered":"\n<h2 class=\"gb-headline gb-headline-e048480c gb-headline-text\">HOT RODS &amp; CLASSIC CARS<\/h2>\n\n<p>Bewahren Sie das Erbe und Leben Ihrer a7&gt; klassischen Auto oder entfesseln Sie das Potenzial Ihres hei\u00dfen Rods mit Produkten speziell f\u00fcr beliebte Muscle-Cars und Ausstellungsst\u00fccke und Oldtimer und Vintage-Autos Klassikern und Oldtimern Autos. Mit einer umfassenden Palette an Produkten f\u00fcr sowohl interne Motor Komponenten und externe Optik Details Lucas hat alles, was Sie ben\u00f6tigen, um die Leistung zu steigern, Langlebigkeit und \u00c4sthetik Ihrer Fahrt. <\/p>\n","protected":false},"excerpt":{"rendered":"<p>HOT RODS &amp; CLASSIC CARS Bewahren Sie das Erbe und Leben Ihrer a7&gt; klassischen Auto oder entfesseln Sie das Potenzial Ihres hei\u00dfen Rods mit Produkten speziell f\u00fcr beliebte Muscle-Cars und Ausstellungsst\u00fccke und Oldtimer und Vintage-Autos Klassikern und Oldtimern Autos. Mit einer umfassenden Palette an Produkten f\u00fcr sowohl interne Motor Komponenten und externe Optik Details Lucas [&hellip;]<\/p>\n","protected":false},"author":1,"featured_media":0,"parent":0,"menu_order":0,"comment_status":"closed","ping_status":"closed","template":"lifestyle-classic-cars.php","meta":{"_acf_changed":false,"footnotes":""},"class_list":["post-31210","page","type-page","status-publish","hentry"],"acf":[],"_links":{"self":[{"href":"https:\/\/lucasoil.co.uk\/de\/wp-json\/wp\/v2\/pages\/31210","targetHints":{"allow":["GET"]}}],"collection":[{"href":"https:\/\/lucasoil.co.uk\/de\/wp-json\/wp\/v2\/pages"}],"about":[{"href":"https:\/\/lucasoil.co.uk\/de\/wp-json\/wp\/v2\/types\/page"}],"author":[{"embeddable":true,"href":"https:\/\/lucasoil.co.uk\/de\/wp-json\/wp\/v2\/users\/1"}],"replies":[{"embeddable":true,"href":"https:\/\/lucasoil.co.uk\/de\/wp-json\/wp\/v2\/comments?post=31210"}],"version-history":[{"count":1,"href":"https:\/\/lucasoil.co.uk\/de\/wp-json\/wp\/v2\/pages\/31210\/revisions"}],"predecessor-version":[{"id":31211,"href":"https:\/\/lucasoil.co.uk\/de\/wp-json\/wp\/v2\/pages\/31210\/revisions\/31211"}],"wp:attachment":[{"href":"https:\/\/lucasoil.co.uk\/de\/wp-json\/wp\/v2\/media?parent=31210"}],"curies":[{"name":"wp","href":"https:\/\/api.w.org\/{rel}","templated":true}]}}