{"id":31212,"date":"2024-04-19T12:11:49","date_gmt":"2024-04-19T16:11:49","guid":{"rendered":"https:\/\/lucasoil.co.uk\/spezialgebiet-alltaegliche-auto-pflege\/"},"modified":"2025-11-25T12:01:21","modified_gmt":"2025-11-25T17:01:21","slug":"spezialgebiet-alltaegliche-auto-pflege","status":"publish","type":"page","link":"https:\/\/lucasoil.co.uk\/de\/spezialgebiet-alltaegliche-auto-pflege\/","title":{"rendered":"Spezialgebiet: Allt\u00e4gliche Auto Pflege"},"content":{"rendered":"\n<h2 class=\"gb-headline gb-headline-62f25bfa gb-headline-text\">ALLTAG AUTO PFLEGE<\/h2>\n\n<p>Wenn es darum geht Sie in Bewegung zu halten und auf dem Laufenden zu bleiben und auf dem Laufenden zu bleiben top of your game in your busy life, Lucas hat Sie abgedeckt. Ob Sie nun auf der Suche sind nach einer M\u00f6glichkeit Geld zu sparen bei der Betankung Ihres umpe durch Erh\u00f6hung Ihres Fahrzeugs Kraftstoffverbrauchs sparsamer fahren m\u00f6chten, behalten Sie ein \u00e4lteres Auto in ausgezeichnetem Betriebszustand halten oder ein Leck beheben, bietet Lucas eine umfassende Reihe von benutzerfreundlichen Auto Pflegeprodukten Produkten die funktionieren. <\/p>\n","protected":false},"excerpt":{"rendered":"<p>ALLTAG AUTO PFLEGE Wenn es darum geht Sie in Bewegung zu halten und auf dem Laufenden zu bleiben und auf dem Laufenden zu bleiben top of your game in your busy life, Lucas hat Sie abgedeckt. Ob Sie nun auf der Suche sind nach einer M\u00f6glichkeit Geld zu sparen bei der Betankung Ihres umpe durch [&hellip;]<\/p>\n","protected":false},"author":1,"featured_media":0,"parent":0,"menu_order":0,"comment_status":"closed","ping_status":"closed","template":"lifestyle-everyday-car-care.php","meta":{"_acf_changed":false,"footnotes":""},"class_list":["post-31212","page","type-page","status-publish","hentry"],"acf":[],"_links":{"self":[{"href":"https:\/\/lucasoil.co.uk\/de\/wp-json\/wp\/v2\/pages\/31212","targetHints":{"allow":["GET"]}}],"collection":[{"href":"https:\/\/lucasoil.co.uk\/de\/wp-json\/wp\/v2\/pages"}],"about":[{"href":"https:\/\/lucasoil.co.uk\/de\/wp-json\/wp\/v2\/types\/page"}],"author":[{"embeddable":true,"href":"https:\/\/lucasoil.co.uk\/de\/wp-json\/wp\/v2\/users\/1"}],"replies":[{"embeddable":true,"href":"https:\/\/lucasoil.co.uk\/de\/wp-json\/wp\/v2\/comments?post=31212"}],"version-history":[{"count":1,"href":"https:\/\/lucasoil.co.uk\/de\/wp-json\/wp\/v2\/pages\/31212\/revisions"}],"predecessor-version":[{"id":31213,"href":"https:\/\/lucasoil.co.uk\/de\/wp-json\/wp\/v2\/pages\/31212\/revisions\/31213"}],"wp:attachment":[{"href":"https:\/\/lucasoil.co.uk\/de\/wp-json\/wp\/v2\/media?parent=31212"}],"curies":[{"name":"wp","href":"https:\/\/api.w.org\/{rel}","templated":true}]}}