{"id":31214,"date":"2024-04-19T12:13:57","date_gmt":"2024-04-19T16:13:57","guid":{"rendered":"https:\/\/lucasoil.co.uk\/spezialgebiet-nutzfahrzeuge\/"},"modified":"2025-11-25T12:02:55","modified_gmt":"2025-11-25T17:02:55","slug":"spezialgebiet-nutzfahrzeuge","status":"publish","type":"page","link":"https:\/\/lucasoil.co.uk\/de\/spezialgebiet-nutzfahrzeuge\/","title":{"rendered":"Spezialgebiet: Nutzfahrzeuge"},"content":{"rendered":"\n<h2 class=\"gb-headline gb-headline-74cbe06d gb-headline-text\">NUTZFAHRZEUGE<\/h2>\n\n<p>Wir verstehen die Herausforderungen, denen sich Fahrer von Schwerlastkraftwagen und Spediteure t\u00e4glich stellen m\u00fcssen. Aus diesem Grund haben wir eine Reihe hochwertiger \u00d6lzus\u00e4tze entwickelt, die speziell auf die hohen Anforderungen der Lkw-Branche zugeschnitten sind. Mit den Produkten von Lucas k\u00f6nnen Sie die Kraftstoffeffizienz, Leistung und Zuverl\u00e4ssigkeit Ihrer Schwerlastflotten verbessern und sicherstellen, dass sie ohne zus\u00e4tzliche Kosten mehr leisten.  <\/p>\n","protected":false},"excerpt":{"rendered":"<p>NUTZFAHRZEUGE Wir verstehen die Herausforderungen, denen sich Fahrer von Schwerlastkraftwagen und Spediteure t\u00e4glich stellen m\u00fcssen. Aus diesem Grund haben wir eine Reihe hochwertiger \u00d6lzus\u00e4tze entwickelt, die speziell auf die hohen Anforderungen der Lkw-Branche zugeschnitten sind. Mit den Produkten von Lucas k\u00f6nnen Sie die Kraftstoffeffizienz, Leistung und Zuverl\u00e4ssigkeit Ihrer Schwerlastflotten verbessern und sicherstellen, dass sie ohne [&hellip;]<\/p>\n","protected":false},"author":1,"featured_media":0,"parent":0,"menu_order":0,"comment_status":"closed","ping_status":"closed","template":"lifestyle-hdt.php","meta":{"_acf_changed":false,"footnotes":""},"class_list":["post-31214","page","type-page","status-publish","hentry"],"acf":[],"_links":{"self":[{"href":"https:\/\/lucasoil.co.uk\/de\/wp-json\/wp\/v2\/pages\/31214","targetHints":{"allow":["GET"]}}],"collection":[{"href":"https:\/\/lucasoil.co.uk\/de\/wp-json\/wp\/v2\/pages"}],"about":[{"href":"https:\/\/lucasoil.co.uk\/de\/wp-json\/wp\/v2\/types\/page"}],"author":[{"embeddable":true,"href":"https:\/\/lucasoil.co.uk\/de\/wp-json\/wp\/v2\/users\/1"}],"replies":[{"embeddable":true,"href":"https:\/\/lucasoil.co.uk\/de\/wp-json\/wp\/v2\/comments?post=31214"}],"version-history":[{"count":1,"href":"https:\/\/lucasoil.co.uk\/de\/wp-json\/wp\/v2\/pages\/31214\/revisions"}],"predecessor-version":[{"id":31215,"href":"https:\/\/lucasoil.co.uk\/de\/wp-json\/wp\/v2\/pages\/31214\/revisions\/31215"}],"wp:attachment":[{"href":"https:\/\/lucasoil.co.uk\/de\/wp-json\/wp\/v2\/media?parent=31214"}],"curies":[{"name":"wp","href":"https:\/\/api.w.org\/{rel}","templated":true}]}}