{"id":31271,"date":"2024-04-19T15:08:22","date_gmt":"2024-04-19T19:08:22","guid":{"rendered":"https:\/\/lucasoil.co.uk\/fachgebiet-industrie\/"},"modified":"2025-11-25T12:04:58","modified_gmt":"2025-11-25T17:04:58","slug":"fachgebiet-industrie","status":"publish","type":"page","link":"https:\/\/lucasoil.co.uk\/de\/fachgebiet-industrie\/","title":{"rendered":"Fachgebiet: Industrie"},"content":{"rendered":"\n<h2 class=\"gb-headline gb-headline-db048c54 gb-headline-text\">INDUSTRIELL<\/h2>\n\n<p>Vertrauen Sie auf unser Premium-Sortiment an Schmiermitteln, \u00d6len und Reinigungsmitteln, damit Ihre Maschinen auch unter h\u00e4rtesten Bedingungen reibungslos und effizient laufen. Lucas bietet eine bessere thermische Stabilit\u00e4t, Korrosionsschutz und Oxidationsbest\u00e4ndigkeit, wodurch ein zuverl\u00e4ssiger Betrieb gew\u00e4hrleistet und Ausfallzeiten in industriellen Umgebungen minimiert werden. <\/p>\n","protected":false},"excerpt":{"rendered":"<p>INDUSTRIELL Vertrauen Sie auf unser Premium-Sortiment an Schmiermitteln, \u00d6len und Reinigungsmitteln, damit Ihre Maschinen auch unter h\u00e4rtesten Bedingungen reibungslos und effizient laufen. Lucas bietet eine bessere thermische Stabilit\u00e4t, Korrosionsschutz und Oxidationsbest\u00e4ndigkeit, wodurch ein zuverl\u00e4ssiger Betrieb gew\u00e4hrleistet und Ausfallzeiten in industriellen Umgebungen minimiert werden.<\/p>\n","protected":false},"author":1,"featured_media":0,"parent":0,"menu_order":0,"comment_status":"closed","ping_status":"closed","template":"lifestyle-industrial.php","meta":{"_acf_changed":false,"footnotes":""},"class_list":["post-31271","page","type-page","status-publish","hentry"],"acf":[],"_links":{"self":[{"href":"https:\/\/lucasoil.co.uk\/de\/wp-json\/wp\/v2\/pages\/31271","targetHints":{"allow":["GET"]}}],"collection":[{"href":"https:\/\/lucasoil.co.uk\/de\/wp-json\/wp\/v2\/pages"}],"about":[{"href":"https:\/\/lucasoil.co.uk\/de\/wp-json\/wp\/v2\/types\/page"}],"author":[{"embeddable":true,"href":"https:\/\/lucasoil.co.uk\/de\/wp-json\/wp\/v2\/users\/1"}],"replies":[{"embeddable":true,"href":"https:\/\/lucasoil.co.uk\/de\/wp-json\/wp\/v2\/comments?post=31271"}],"version-history":[{"count":1,"href":"https:\/\/lucasoil.co.uk\/de\/wp-json\/wp\/v2\/pages\/31271\/revisions"}],"predecessor-version":[{"id":31272,"href":"https:\/\/lucasoil.co.uk\/de\/wp-json\/wp\/v2\/pages\/31271\/revisions\/31272"}],"wp:attachment":[{"href":"https:\/\/lucasoil.co.uk\/de\/wp-json\/wp\/v2\/media?parent=31271"}],"curies":[{"name":"wp","href":"https:\/\/api.w.org\/{rel}","templated":true}]}}