{"id":31289,"date":"2024-04-19T15:11:42","date_gmt":"2024-04-19T19:11:42","guid":{"rendered":"https:\/\/lucasoil.co.uk\/fachgebiet-marine\/"},"modified":"2025-11-25T12:08:06","modified_gmt":"2025-11-25T17:08:06","slug":"fachgebiet-marine","status":"publish","type":"page","link":"https:\/\/lucasoil.co.uk\/de\/fachgebiet-marine\/","title":{"rendered":"Fachgebiet: Marine"},"content":{"rendered":"\n<h2 class=\"gb-headline gb-headline-31aad6ec gb-headline-text\">MARINE<\/h2>\n\n<p>Machen Sie sich bereit f\u00fcr das Wasser mit Lucas&#8216; breitem Sortiment an hochleistungsf\u00e4higen Marine\u00f6len, Additiven und Pflegeprodukten. Entwickelt, um die Leistung und den Schutz von Motoren in Marineumgebungen zu optimieren, unser sorgf\u00e4ltig hergestelltes \u00d6l und Kraftstoff Additive sind entwickelt um Ihr Schiff in Betrieb zu halten reibungslos. <\/p>\n","protected":false},"excerpt":{"rendered":"<p>MARINE Machen Sie sich bereit f\u00fcr das Wasser mit Lucas&#8216; breitem Sortiment an hochleistungsf\u00e4higen Marine\u00f6len, Additiven und Pflegeprodukten. Entwickelt, um die Leistung und den Schutz von Motoren in Marineumgebungen zu optimieren, unser sorgf\u00e4ltig hergestelltes \u00d6l und Kraftstoff Additive sind entwickelt um Ihr Schiff in Betrieb zu halten reibungslos.<\/p>\n","protected":false},"author":1,"featured_media":0,"parent":0,"menu_order":0,"comment_status":"closed","ping_status":"closed","template":"lifestyle-marine.php","meta":{"_acf_changed":false,"footnotes":""},"class_list":["post-31289","page","type-page","status-publish","hentry"],"acf":[],"_links":{"self":[{"href":"https:\/\/lucasoil.co.uk\/de\/wp-json\/wp\/v2\/pages\/31289","targetHints":{"allow":["GET"]}}],"collection":[{"href":"https:\/\/lucasoil.co.uk\/de\/wp-json\/wp\/v2\/pages"}],"about":[{"href":"https:\/\/lucasoil.co.uk\/de\/wp-json\/wp\/v2\/types\/page"}],"author":[{"embeddable":true,"href":"https:\/\/lucasoil.co.uk\/de\/wp-json\/wp\/v2\/users\/1"}],"replies":[{"embeddable":true,"href":"https:\/\/lucasoil.co.uk\/de\/wp-json\/wp\/v2\/comments?post=31289"}],"version-history":[{"count":1,"href":"https:\/\/lucasoil.co.uk\/de\/wp-json\/wp\/v2\/pages\/31289\/revisions"}],"predecessor-version":[{"id":31290,"href":"https:\/\/lucasoil.co.uk\/de\/wp-json\/wp\/v2\/pages\/31289\/revisions\/31290"}],"wp:attachment":[{"href":"https:\/\/lucasoil.co.uk\/de\/wp-json\/wp\/v2\/media?parent=31289"}],"curies":[{"name":"wp","href":"https:\/\/api.w.org\/{rel}","templated":true}]}}