{"id":31298,"date":"2024-04-19T15:14:41","date_gmt":"2024-04-19T19:14:41","guid":{"rendered":"https:\/\/lucasoil.co.uk\/spezialgebiet-motorrad\/"},"modified":"2025-11-25T12:09:00","modified_gmt":"2025-11-25T17:09:00","slug":"spezialgebiet-motorrad","status":"publish","type":"page","link":"https:\/\/lucasoil.co.uk\/de\/spezialgebiet-motorrad\/","title":{"rendered":"Spezialgebiet: Motorrad"},"content":{"rendered":"\n<h2 class=\"gb-headline gb-headline-7f77424e gb-headline-text\">MOTORRAD<\/h2>\n\n<p>Wenn es Zeit ist, zu fahren, sorgt Lucas daf\u00fcr, dass Sie in Bewegung bleiben. Unsere spezielle Motorrad Produkt Linie bietet Fahrern eine Reihe von hochwertigen \u00d6le, Kraftstoffzus\u00e4tze, und Schmiermittel f\u00fcr jedes zweir\u00e4drige Abenteuer. Mit Lucas Produkten im Tank k\u00f6nnen Sie eine bessere Motorleistung erwarten, verl\u00e4ngerte Lebensdauer, verbesserte Kraftstoffeffizienz und m\u00fchelose Wartung, erm\u00f6glichen Ihnen die Ruhe des Geistes ich abzuschalten und einfach zu fahren.  <\/p>\n","protected":false},"excerpt":{"rendered":"<p>MOTORRAD Wenn es Zeit ist, zu fahren, sorgt Lucas daf\u00fcr, dass Sie in Bewegung bleiben. Unsere spezielle Motorrad Produkt Linie bietet Fahrern eine Reihe von hochwertigen \u00d6le, Kraftstoffzus\u00e4tze, und Schmiermittel f\u00fcr jedes zweir\u00e4drige Abenteuer. Mit Lucas Produkten im Tank k\u00f6nnen Sie eine bessere Motorleistung erwarten, verl\u00e4ngerte Lebensdauer, verbesserte Kraftstoffeffizienz und m\u00fchelose Wartung, erm\u00f6glichen Ihnen die [&hellip;]<\/p>\n","protected":false},"author":1,"featured_media":0,"parent":0,"menu_order":0,"comment_status":"closed","ping_status":"closed","template":"lifestyle-motorcycle.php","meta":{"_acf_changed":false,"footnotes":""},"class_list":["post-31298","page","type-page","status-publish","hentry"],"acf":[],"_links":{"self":[{"href":"https:\/\/lucasoil.co.uk\/de\/wp-json\/wp\/v2\/pages\/31298","targetHints":{"allow":["GET"]}}],"collection":[{"href":"https:\/\/lucasoil.co.uk\/de\/wp-json\/wp\/v2\/pages"}],"about":[{"href":"https:\/\/lucasoil.co.uk\/de\/wp-json\/wp\/v2\/types\/page"}],"author":[{"embeddable":true,"href":"https:\/\/lucasoil.co.uk\/de\/wp-json\/wp\/v2\/users\/1"}],"replies":[{"embeddable":true,"href":"https:\/\/lucasoil.co.uk\/de\/wp-json\/wp\/v2\/comments?post=31298"}],"version-history":[{"count":1,"href":"https:\/\/lucasoil.co.uk\/de\/wp-json\/wp\/v2\/pages\/31298\/revisions"}],"predecessor-version":[{"id":31299,"href":"https:\/\/lucasoil.co.uk\/de\/wp-json\/wp\/v2\/pages\/31298\/revisions\/31299"}],"wp:attachment":[{"href":"https:\/\/lucasoil.co.uk\/de\/wp-json\/wp\/v2\/media?parent=31298"}],"curies":[{"name":"wp","href":"https:\/\/api.w.org\/{rel}","templated":true}]}}