{"id":31300,"date":"2024-04-19T15:17:38","date_gmt":"2024-04-19T19:17:38","guid":{"rendered":"https:\/\/lucasoil.co.uk\/spezialgebiet-outdoor\/"},"modified":"2025-11-25T12:10:32","modified_gmt":"2025-11-25T17:10:32","slug":"spezialgebiet-outdoor","status":"publish","type":"page","link":"https:\/\/lucasoil.co.uk\/de\/spezialgebiet-outdoor\/","title":{"rendered":"Spezialgebiet: Outdoor"},"content":{"rendered":"\n<h2 class=\"gb-headline gb-headline-430e0448 gb-headline-text\">OUTDOOR<\/h2>\n\n<p>Ob Sie sich in der Wildnis auf der Spur eines 8-Eckigen befinden oder sich auf das ATV vorbereiten a10&gt; oder Boot f\u00fcr das Wochenende seien Sie bereit mit Lucas&#8216; abenteuerlustigen \u00d6len und Additiven. Finden Sie leistungsstarke, allwettertaugliche bereit Motor \u00d6le, Waffenreiniger und mehr f\u00fcr die Pflege Ihrer Outdoor-Ausr\u00fcstung in einem sicheren und zuverl\u00e4ssigen Betriebszustand zu halten. <\/p>\n","protected":false},"excerpt":{"rendered":"<p>OUTDOOR Ob Sie sich in der Wildnis auf der Spur eines 8-Eckigen befinden oder sich auf das ATV vorbereiten a10&gt; oder Boot f\u00fcr das Wochenende seien Sie bereit mit Lucas&#8216; abenteuerlustigen \u00d6len und Additiven. Finden Sie leistungsstarke, allwettertaugliche bereit Motor \u00d6le, Waffenreiniger und mehr f\u00fcr die Pflege Ihrer Outdoor-Ausr\u00fcstung in einem sicheren und zuverl\u00e4ssigen Betriebszustand [&hellip;]<\/p>\n","protected":false},"author":1,"featured_media":0,"parent":0,"menu_order":0,"comment_status":"closed","ping_status":"closed","template":"lifestyle-outdoor.php","meta":{"_acf_changed":false,"footnotes":""},"class_list":["post-31300","page","type-page","status-publish","hentry"],"acf":[],"_links":{"self":[{"href":"https:\/\/lucasoil.co.uk\/de\/wp-json\/wp\/v2\/pages\/31300","targetHints":{"allow":["GET"]}}],"collection":[{"href":"https:\/\/lucasoil.co.uk\/de\/wp-json\/wp\/v2\/pages"}],"about":[{"href":"https:\/\/lucasoil.co.uk\/de\/wp-json\/wp\/v2\/types\/page"}],"author":[{"embeddable":true,"href":"https:\/\/lucasoil.co.uk\/de\/wp-json\/wp\/v2\/users\/1"}],"replies":[{"embeddable":true,"href":"https:\/\/lucasoil.co.uk\/de\/wp-json\/wp\/v2\/comments?post=31300"}],"version-history":[{"count":1,"href":"https:\/\/lucasoil.co.uk\/de\/wp-json\/wp\/v2\/pages\/31300\/revisions"}],"predecessor-version":[{"id":31301,"href":"https:\/\/lucasoil.co.uk\/de\/wp-json\/wp\/v2\/pages\/31300\/revisions\/31301"}],"wp:attachment":[{"href":"https:\/\/lucasoil.co.uk\/de\/wp-json\/wp\/v2\/media?parent=31300"}],"curies":[{"name":"wp","href":"https:\/\/api.w.org\/{rel}","templated":true}]}}