{"id":31303,"date":"2024-04-19T15:37:16","date_gmt":"2024-04-19T19:37:16","guid":{"rendered":"https:\/\/lucasoil.co.uk\/spezialgebiet-rennsport\/"},"modified":"2025-11-25T12:11:41","modified_gmt":"2025-11-25T17:11:41","slug":"spezialgebiet-rennsport","status":"publish","type":"page","link":"https:\/\/lucasoil.co.uk\/de\/spezialgebiet-rennsport\/","title":{"rendered":"Spezialgebiet: Rennsport"},"content":{"rendered":"\n<h2 class=\"gb-headline gb-headline-d49aac6b gb-headline-text\">RENNSPORT<\/h2>\n\n<p>Die Lucas Racing Only Produktlinie verk\u00f6rpert die Kompetenz und Pr\u00e4zision verk\u00f6rpert die Kompetenz und Pr\u00e4zision des Lucas F&amp;E-Teams, gest\u00fctzt auf mehr als 30 Jahre Erfahrung im Rennsport . Optimierung der empfindlichen Balance zwischen Leistung und Langlebigkeit in Hochleistungsmotoren optimieren, die Racing Only Linie bef\u00e4higt Teams zu erreichen die bestm\u00f6glichen Wettbewerbsvorteile zu erzielen durch eine umfassende Auswahl an fachm\u00e4nnisch hergestellter Motor \u00f6le, Getriebe \u00f6le, Additive und mehr. <\/p>\n","protected":false},"excerpt":{"rendered":"<p>RENNSPORT Die Lucas Racing Only Produktlinie verk\u00f6rpert die Kompetenz und Pr\u00e4zision verk\u00f6rpert die Kompetenz und Pr\u00e4zision des Lucas F&amp;E-Teams, gest\u00fctzt auf mehr als 30 Jahre Erfahrung im Rennsport . Optimierung der empfindlichen Balance zwischen Leistung und Langlebigkeit in Hochleistungsmotoren optimieren, die Racing Only Linie bef\u00e4higt Teams zu erreichen die bestm\u00f6glichen Wettbewerbsvorteile zu erzielen durch eine [&hellip;]<\/p>\n","protected":false},"author":1,"featured_media":0,"parent":0,"menu_order":0,"comment_status":"closed","ping_status":"closed","template":"lifestyle-racing.php","meta":{"_acf_changed":false,"footnotes":""},"class_list":["post-31303","page","type-page","status-publish","hentry"],"acf":[],"_links":{"self":[{"href":"https:\/\/lucasoil.co.uk\/de\/wp-json\/wp\/v2\/pages\/31303","targetHints":{"allow":["GET"]}}],"collection":[{"href":"https:\/\/lucasoil.co.uk\/de\/wp-json\/wp\/v2\/pages"}],"about":[{"href":"https:\/\/lucasoil.co.uk\/de\/wp-json\/wp\/v2\/types\/page"}],"author":[{"embeddable":true,"href":"https:\/\/lucasoil.co.uk\/de\/wp-json\/wp\/v2\/users\/1"}],"replies":[{"embeddable":true,"href":"https:\/\/lucasoil.co.uk\/de\/wp-json\/wp\/v2\/comments?post=31303"}],"version-history":[{"count":1,"href":"https:\/\/lucasoil.co.uk\/de\/wp-json\/wp\/v2\/pages\/31303\/revisions"}],"predecessor-version":[{"id":31304,"href":"https:\/\/lucasoil.co.uk\/de\/wp-json\/wp\/v2\/pages\/31303\/revisions\/31304"}],"wp:attachment":[{"href":"https:\/\/lucasoil.co.uk\/de\/wp-json\/wp\/v2\/media?parent=31303"}],"curies":[{"name":"wp","href":"https:\/\/api.w.org\/{rel}","templated":true}]}}