{"id":31341,"date":"2024-05-07T16:34:01","date_gmt":"2024-05-07T20:34:01","guid":{"rendered":"https:\/\/lucasoil.co.uk\/cookie-richtlinie\/"},"modified":"2025-11-25T12:28:25","modified_gmt":"2025-11-25T17:28:25","slug":"cookie-richtlinie","status":"publish","type":"page","link":"https:\/\/lucasoil.co.uk\/de\/cookie-richtlinie\/","title":{"rendered":"Cookie-Richtlinie"},"content":{"rendered":"\n<div style=\"height:100px\" aria-hidden=\"true\" class=\"wp-block-spacer\"><\/div>\n\n<ol>\n\t<li><strong>Diese Website<\/strong><br\/><br\/>\t\t<p>Diese Website https:\/\/lucasoil.co.uk\/ (unsere \u201e<strong>Website<\/strong>\u201c) wird betrieben von Lucas Oil Products UK Limited (\u201e<strong>wir<\/strong>\u201d, \u201e<strong>unsere<\/strong>\u201d, \u201e<strong>uns<\/strong>\u201d). Unsere Adresse lautet Unit 4, Cunliffe Drive, Llangefni Industrial Estate, Anglesey, LL77 7JA, Vereinigtes K\u00f6nigreich. Unsere Umsatzsteuer-Identifikationsnummer ist 793 4800 05.  <\/p>\n\t<\/li>\n\t<li><strong>Diese Richtlinie<\/strong><br\/><br\/>\t\t<ol>\n\t\t\t<li>Diese Richtlinie sollte zusammen mit unserer Datenschutzerkl\u00e4rung (unsere \u201e<strong>Datenschutzerkl\u00e4rung<\/strong>\u201c) gelesen werden, in der dargelegt ist, wie und warum wir personenbezogene Daten erheben, speichern, verwenden und weitergeben, sowie Ihre Rechte in Bezug auf Ihre personenbezogenen Daten und Einzelheiten dazu, wie Sie uns und die Aufsichtsbeh\u00f6rden im Falle einer Beschwerde kontaktieren k\u00f6nnen.<\/li>\n\t\t\t<li>Diese Richtlinie bezieht sich auf Ihre Nutzung unserer Website und gilt ausschlie\u00dflich f\u00fcr diese. Unsere Website umfasst die Websites die mit den olgenden Dom\u00e4nennamen und alle damit verbundenen Webseiten. <br\/><br\/>\t\t\t\t<p>www.lucasoil.co.uk<\/p>\n\t\t\t<\/li>\n\t\t\t<li>Auf unserer Website k\u00f6nnen wir Links zu anderen Websites setzen, die Dritten geh\u00f6ren oder von Dritten betrieben werden. Diese Websites Dritter k\u00f6nnen ebenfalls Cookies oder \u00e4hnliche Technologien gem\u00e4\u00df ihren eigenen Cookie-Richtlinien verwenden. Informationen zum Datenschutz auf diesen Websites Dritter finden Sie in deren Cookie-Richtlinien.  <\/li>\n\t\t<\/ol>\n\t<\/li>\n\t<li><strong>Cookies<\/strong><br\/><br\/>\t\t<ol>\n\t\t\t<li>Ein Cookie ist eine kleine Datei, die von einer Website gesendet und vom Webbrowser des Benutzers auf dessen Computer gespeichert wird, w\u00e4hrend der Benutzer im Internet surft. Cookies sind als zuverl\u00e4ssiger Mechanismus f\u00fcr Websites konzipiert, um n\u00fctzliche Informationen wie die Browsing-Aktivit\u00e4ten des Benutzers (einschlie\u00dflich des Klickens auf bestimmte Schaltfl\u00e4chen, der Anmeldung oder der Aufzeichnung zuvor besuchter Seiten) zu speichern. Sie k\u00f6nnen auch dazu verwendet werden, beliebige Informationen zu speichern, die der Benutzer zuvor in Formularfelder eingegeben hat, wie z. B. Namen, Adressen und Passw\u00f6rter. Weitere Informationen zu Cookies finden Sie unter https:\/\/en.wikipedia.org\/wiki\/HTTP_cookie.   <\/li>\n\t\t\t<li>Wir verwenden Cookies und andere \u00e4hnliche Tracking-Technologien auf unserer Website. Diese helfen uns Sie und Ihr Ger\u00e4t zu erkennen und zu speichern einige Informationen \u00fcber Ihre Pr\u00e4ferenzen oder fr\u00fchere Aktionen zu speichern. Wir bitten Sie diese Cookie-Richtlinie sorgf\u00e4ltig durchzulesen a37> da sie wichtige Informationen \u00fcber unsere Verwendung von a46> Cookies und \u00e4hnlichen Technologien auf unserer Website.  <\/li>\n\t\t\t<li>Sie k\u00f6nnen Ihren Browser so einstellen, dass er keine Cookies akzeptiert, und Sie k\u00f6nnen Cookies aus Ihrem Browser entfernen. Bitte lesen Sie die Hilfeseiten auf der Website Ihres Browser-Anbieters, um zu erfahren, wie Sie dies tun k\u00f6nnen. Weitere Informationen zu Cookies und deren Deaktivierung finden Sie auf der Webseite des Information Commissioner zum Thema Cookies unter https:\/\/ico.org.uk\/for-the-public\/online\/cookies\/. Wenn Sie Cookies deaktivieren oder l\u00f6schen, beachten Sie bitte, dass einige Funktionen unserer Website dadurch m\u00f6glicherweise nicht mehr ordnungsgem\u00e4\u00df funktionieren.  <\/li>\n\t\t<\/ol>\n\t<\/li>\n\t<li><strong>Cookies und unsere Website<\/strong><br\/><br\/>\t\t<ol>\n\t\t\t<li>Wir verwenden Cookies und andere \u00e4hnliche Tracking-Technologien auf dieser Website, um:<br\/><br\/>\t\t\t\t<ol>\n\t\t\t\t\t<li>Sie bei jedem Besuch unserer Website wiederzuerkennen (dies beschleunigt Ihren Zugriff auf unsere Website, da Sie sich nicht jedes Mal neu anmelden m\u00fcssen);<\/li>\n\t\t\t\t\t<li>Informationen \u00fcber Ihre Pr\u00e4ferenzen und die Nutzung unserer Website zu erhalten;<\/li>\n\t\t\t\t\t<li>Forschung und statistische Analysen durchf\u00fchren, um unsere Inhalte, Produkte und Dienstleistungen zu verbessern und die Anforderungen unserer Nutzer besser zu verstehen;<\/li>\n\t\t\t\t\t<li>unsere Marketing- und Werbekampagnen sowie die unserer Partner effektiver auszurichten, indem wir Ihnen auf Ihre Interessen zugeschnittene, personalisierte Werbung anbieten; und<\/li>\n\t\t\t\t\t<li>machen Sie Ihre Online-Erfahrung effizienter und angenehmer.<\/li>\n\t\t\t\t<\/ol>\n\t\t\t<\/li>\n\t\t<\/ol>\n\t<\/li>\n\t<li><strong>Arten von Cookies<\/strong><br\/><br\/>\t\t<ol>\n\t\t\t<li>Die von uns gesetzten Cookies lassen sich in folgende Kategorien einteilen:<br\/><br\/>\t\t\t\t<ol>\n\t\t\t\t\t<li>Sitzungscookies \u2013 diese erm\u00f6glichen es unserer Website, Ihre Aktionen w\u00e4hrend einer bestimmten Browsersitzung zu verkn\u00fcpfen. Diese verfallen jedes Mal, wenn Sie Ihren Browser schlie\u00dfen, und bleiben danach nicht erhalten. <\/li>\n\t\t\t\t\t<li>Persistente Cookies \u2013 diese werden zwischen den Browsersitzungen auf Ihrem Ger\u00e4t gespeichert. Sie erm\u00f6glichen es, Ihre Pr\u00e4ferenzen oder Aktionen auf unserer Website zu speichern. Diese bleiben auf Ihrem Ger\u00e4t, bis sie ablaufen oder Sie sie l\u00f6schen.  <\/li>\n\t\t\t\t\t<li>Unbedingt erforderliche Cookies \u2013 Diese Cookies sind unerl\u00e4sslich, damit Sie auf unserer Website navigieren und deren Funktionen nutzen k\u00f6nnen. Ohne diese Cookies k\u00f6nnten Sie unsere Website nicht ordnungsgem\u00e4\u00df nutzen. <\/li>\n\t\t\t\t\t<li>Leistungscookies \u2013 Diese Cookies sammeln Informationen dar\u00fcber, wie Sie unsere Website nutzen, beispielsweise welche Seiten Sie am h\u00e4ufigsten besuchen. Diese Cookies sammeln keine personenbezogenen Daten \u00fcber Sie. Alle von diesen Cookies gesammelten Informationen werden aggregiert und anonymisiert und dienen ausschlie\u00dflich der Verbesserung der Funktionsweise unserer Website.  <\/li>\n\t\t\t\t\t<li>Funktionscookies \u2013 Diese Cookies erm\u00f6glichen es unserer Website, sich Ihre Auswahl (wie Ihren Benutzernamen, Ihre Sprache, Ihre letzte Aktion und Ihre Sucheinstellungen) zu merken und Ihnen verbesserte, pers\u00f6nlichere Funktionen anzubieten. Die durch diese Cookies gesammelten Informationen sind anonym und wir k\u00f6nnen Ihre Browsing-Aktivit\u00e4ten auf anderen Websites nicht verfolgen. <\/li>\n\t\t\t\t\t<li>Targeting-Cookies \u2013 auch als Werbe-Cookies bekannt \u2013 werden verwendet, um Ihnen Werbung anzuzeigen, die f\u00fcr Sie und Ihre Interessen relevanter ist. Sie werden auch verwendet, um die Anzahl der Anzeigen auf unserer Website zu begrenzen und die Wirksamkeit von Werbekampagnen zu messen. Sie werden in der Regel mit unserer Genehmigung von Werbenetzwerken platziert. Sie speichern, dass Sie eine Website besucht haben, und diese Informationen werden an andere Organisationen wie Werbetreibende weitergegeben.   <\/li>\n\t\t\t\t<\/ol>\n\t\t\t<\/li>\n\t\t<\/ol>\n\t<\/li>\n\t<li><strong>Die Cookies wir verwenden<\/strong><br\/><br\/>\t\t<p>Sie k\u00f6nnen alle aktiven Cookies, die unsere Website verwendet, anzeigen, indem Sie auf das Symbol in der unteren linken Ecke der Hauptseite unserer Website klicken. Die folgende Tabelle enth\u00e4lt weitere Informationen zu den von uns verwendeten Cookies und deren Zweck: <\/p>\n\t\t<table width=\"100%\" cellpadding=\"10\" cellspacing=\"0\" border=\"1\">\n\t\t\t<tr>\n\t\t\t\t<th width=\"30%\" class=\"tbl-border\"><p><strong>Name<\/strong><\/p><\/th>\n\t\t\t\t<th width=\"35%\" class=\"tbl-border\"><p><strong>Dauer<\/strong><\/p><\/th>\n\t\t\t\t<th width=\"35%\" class=\"tbl-border\"><p><strong>Was sie tun<\/strong><\/p><\/th>\n\t\t\t<\/tr>\n\t\t\t<tr>\n\t\t\t\t<td class=\"tbl-border\"><p>_ga<\/p><\/td>\n\t\t\t\t<td class=\"tbl-border\"><p>2 Jahre<\/p><\/td>\n\t\t\t\t<td class=\"tbl-border\"><p>Das von Google Analytics installierte Cookie \u201e_ga\u201c berechnet Besucher-, Sitzungs- und Kampagnendaten und verfolgt au\u00dferdem die Nutzung der Website f\u00fcr den Analysebericht der Website. Das Cookie speichert Informationen anonym und weist eine zuf\u00e4llig generierte Nummer zu, um einzelne Besucher zu erkennen. <\/p><\/td>\n\t\t\t<\/tr>\n\t\t\t<tr>\n\t\t\t\t<td class=\"tbl-border\"><p>_gid<\/p><\/td>\n\t\t\t\t<td class=\"tbl-border\"><p>1 Tag<\/p><\/td>\n\t\t\t\t<td class=\"tbl-border\"><p>Das von Google Analytics installierte Cookie \u201e_gid\u201c speichert Informationen dar\u00fcber, wie Besucher eine Website nutzen, und erstellt gleichzeitig einen Analysebericht \u00fcber die Leistung der Website. Zu den erfassten Daten geh\u00f6ren unter anderem die Anzahl der Besucher, deren Herkunft und die Seiten, die sie anonym besuchen. <\/p><\/td>\n\t\t\t<\/tr>\n\t\t\t<tr>\n\t\t\t\t<td class=\"tbl-border\"><p>_gat<\/p><\/td>\n\t\t\t\t<td class=\"tbl-border\"><p>1 Minute<\/p><\/td>\n\t\t\t\t<td class=\"tbl-border\"><p>Dieses Cookie wird von Google Universal Analytics installiert, um die Anforderungsrate zu begrenzen und somit die Datenerfassung auf Websites mit hohem Datenverkehr zu beschr\u00e4nken.<\/p><\/td>\n\t\t\t<\/tr>\n\t\t\t<tr>\n\t\t\t\t<td class=\"tbl-border\"><p>40f2b036d53F981d40f4dbe82e36f6b<\/p><\/td>\n\t\t\t\t<td class=\"tbl-border\"><p>Sitzung<\/p><\/td>\n\t\t\t\t<td class=\"tbl-border\"><p>Sitzungscookies sind Cookies, die f\u00fcr eine Sitzung g\u00fcltig sind. Eine Sitzung beginnt, wenn Sie eine Website oder Webanwendung starten, und endet, wenn Sie die Website verlassen oder Ihr Browserfenster schlie\u00dfen. Sitzungscookies enthalten Informationen, die in einem tempor\u00e4ren Speicherort gespeichert werden, der nach Beendigung der Sitzung gel\u00f6scht wird.  <\/p><\/td>\n\t\t\t<\/tr>\n\t\t\t<tr>\n\t\t\t\t<td class=\"tbl-border\"><p>s5_responsive_switch_slucasoilcouk<\/p><\/td>\n\t\t\t\t<td class=\"tbl-border\"><p>Sitzung<\/p><\/td>\n\t\t\t\t<td class=\"tbl-border\"><p>Sitzungscookies sind Cookies, die f\u00fcr eine Sitzung g\u00fcltig sind. Eine Sitzung beginnt, wenn Sie eine Website oder Webanwendung starten, und endet, wenn Sie die Website verlassen oder Ihr Browserfenster schlie\u00dfen. Sitzungscookies enthalten Informationen, die in einem tempor\u00e4ren Speicherort gespeichert werden, der nach Beendigung der Sitzung gel\u00f6scht wird.  <\/p><\/td>\n\t\t\t<\/tr>\n\t\t<\/table>\n\t<\/li>\n\t<li><strong>Zustimmung zur Verwendung von Cookies<\/strong><br\/><br\/>\t\t<p>Wir werden Sie um Ihre Erlaubnis (Zustimmung) bitten, Cookies oder andere \u00e4hnliche Technologien auf Ihrem Ger\u00e4t zu platzieren, es sei denn, diese sind f\u00fcr uns unerl\u00e4sslich, um Ihnen den Zugriff auf unsere Website und deren Nutzung zu erm\u00f6glichen (z. B. damit Sie Artikel in Ihren Warenkorb legen und unseren Check-out-Prozess beim Kauf von Waren nutzen k\u00f6nnen).<\/p>\n\t<\/li>\n\t<li><strong>Kontakt Uns<\/strong><br\/><br\/>\t\t<ol>\n\t\t\t<li>Wenn Sie Fragen zu unserer Website oder diesen Bedingungen haben, einschlie\u00dflich wenn Sie einen Teil dieser Richtlinie nicht verstehen, wenden Sie sich bitte an uns:\n\t\t\t\t<ol>\n\t\t\t\t\t<li>per E-Mail an <a href=\"mailto:info@lucasoil.co.uk\">info@lucasoil.co.uk<\/a>;<\/li>\n\t\t\t\t\t<li>per Telefon unter +44 (0) 1248-723-666; oder<\/li>\n\t\t\t\t\t<li>per Post an Unit 4, Cunliffe Drive, Llangefni Industrial Estate, Anglesey, LL77 7JA, United Kingdom<\/li>\n\t\t\t\t<\/ol>\n\t\t\t<\/li>\n\t\t\t<li>Wir bem\u00fchen uns, Ihnen umgehend zu antworten. Bitte beachten Sie, dass unsere E-Mail- und Telefonanlagen nur zwischen 10:00 und 16:00 Uhr britischer Zeit (au\u00dfer an Feiertagen und Bankfeiertagen in Gro\u00dfbritannien oder Teilen davon) \u00fcberwacht werden. <\/li>\n\t\t\t<li>Bitte beachten Sie auch, dass wir die Korrespondenz aufzeichnen k\u00f6nnen, um unsere Website ordnungsgem\u00e4\u00df zu verwalten, Ihre Anfrage zu bearbeiten und zu Qualit\u00e4ts- und Schulungszwecken.<\/li>\n\t\t<\/ol>\n\t<\/li>\n\t<li><strong>Changes to this policy<\/strong><br\/><br\/>\t\t<p>Bitte beachten Sie, dass wir diese Richtlinie von Zeit zu Zeit aktualisieren k\u00f6nnen. Wenn Sie unsere Website zu einem sp\u00e4teren Zeitpunkt erneut besuchen, sollten Sie diese Richtlinie erneut \u00fcberpr\u00fcfen, um sicherzustellen, dass Sie die aktuelle Version gesehen haben. Diese Richtlinie wurde zuletzt am 13. Februar 2024 aktualisiert. <\/p>\n\t<\/li>\n<\/ol>\n\n<style>ol li {padding-bottom:1em;}\ntable, th, td, tr, td {border: 1px solid #000000;vertical-align: top;}\n.tbl-border {border: 1px solid #000000;vertical-align: top;}\n<\/style>\n\n<div style=\"height:100px\" aria-hidden=\"true\" class=\"wp-block-spacer\"><\/div>\n","protected":false},"excerpt":{"rendered":"<p>Diese Website Diese Website https:\/\/lucasoil.co.uk\/ (unsere \u201eWebsite\u201c) wird betrieben von Lucas Oil Products UK Limited (\u201ewir\u201d, \u201eunsere\u201d, \u201euns\u201d). Unsere Adresse lautet Unit 4, Cunliffe Drive, Llangefni Industrial Estate, Anglesey, LL77 7JA, Vereinigtes K\u00f6nigreich. Unsere Umsatzsteuer-Identifikationsnummer ist 793 4800 05. Diese Richtlinie Diese Richtlinie sollte zusammen mit unserer Datenschutzerkl\u00e4rung (unsere \u201eDatenschutzerkl\u00e4rung\u201c) gelesen werden, in der dargelegt [&hellip;]<\/p>\n","protected":false},"author":1,"featured_media":0,"parent":0,"menu_order":0,"comment_status":"closed","ping_status":"closed","template":"page-nonblock.php","meta":{"_acf_changed":false,"footnotes":""},"class_list":["post-31341","page","type-page","status-publish","hentry"],"acf":[],"_links":{"self":[{"href":"https:\/\/lucasoil.co.uk\/de\/wp-json\/wp\/v2\/pages\/31341","targetHints":{"allow":["GET"]}}],"collection":[{"href":"https:\/\/lucasoil.co.uk\/de\/wp-json\/wp\/v2\/pages"}],"about":[{"href":"https:\/\/lucasoil.co.uk\/de\/wp-json\/wp\/v2\/types\/page"}],"author":[{"embeddable":true,"href":"https:\/\/lucasoil.co.uk\/de\/wp-json\/wp\/v2\/users\/1"}],"replies":[{"embeddable":true,"href":"https:\/\/lucasoil.co.uk\/de\/wp-json\/wp\/v2\/comments?post=31341"}],"version-history":[{"count":1,"href":"https:\/\/lucasoil.co.uk\/de\/wp-json\/wp\/v2\/pages\/31341\/revisions"}],"predecessor-version":[{"id":31342,"href":"https:\/\/lucasoil.co.uk\/de\/wp-json\/wp\/v2\/pages\/31341\/revisions\/31342"}],"wp:attachment":[{"href":"https:\/\/lucasoil.co.uk\/de\/wp-json\/wp\/v2\/media?parent=31341"}],"curies":[{"name":"wp","href":"https:\/\/api.w.org\/{rel}","templated":true}]}}