{"id":31343,"date":"2024-05-08T10:38:04","date_gmt":"2024-05-08T14:38:04","guid":{"rendered":"https:\/\/lucasoil.co.uk\/allgemeine-geschaeftsbedingungen\/"},"modified":"2025-11-25T12:38:06","modified_gmt":"2025-11-25T17:38:06","slug":"allgemeine-geschaeftsbedingungen","status":"publish","type":"page","link":"https:\/\/lucasoil.co.uk\/de\/allgemeine-geschaeftsbedingungen\/","title":{"rendered":"Allgemeine Gesch\u00e4ftsbedingungen"},"content":{"rendered":"\n<div style=\"height:100px\" aria-hidden=\"true\" class=\"wp-block-spacer\"><\/div>\n\n<ol>\n<li><strong>Diese Website<\/strong><br\/><br\/>Diese Website https:\/\/lucasoil.co.uk\/ (our &#8222;<strong>Site<\/strong>&#8222;) wird betrieben von Lucas Oil Products UK Limited (&#8222;<strong>we<\/strong>&#8222;, &#8222;<strong>our<\/strong>&#8222;, &#8222;<strong>us<\/strong>&#8222;). Unsere Adresse lautet Unit 4, Cunliffe Drive, Llangefni Industrial Estate, Anglesey, LL77 7JA, United Kingdom. Unsere Umsatzsteuer-Identifikationsnummer lautet 793 4800 05  <\/li>\n\n\n<li><strong>Unsere Bedingungen<\/strong>\n<ol>\n<li>Diese Bedingungen (unsere \u201e<strong>Bedingungen<\/strong>\u201c) erl\u00e4utern wie Sie unsere Website nutzen d\u00fcrfen. Die Website umfasst die Websites die mit die folgenden Dom\u00e4nennamen und alle damit verbundenen Webseiten: <br\/><br\/>www.lucasoil.co.uk<\/li>\n<li>Bitte lesen Sie diese Bedingungen sorgf\u00e4ltig durch, bevor Sie unsere Website nutzen, da sie f\u00fcr Sie verbindliche rechtliche Verpflichtungen begr\u00fcnden. Wenn Sie einen Teil davon nicht verstehen, teilen Sie uns dies bitte \u00fcber die unten angegebenen Kontaktdaten mit. Durch den Zugriff auf oder die Nutzung unserer Website oder eines Teils davon erkl\u00e4ren Sie sich mit diesen Bedingungen einverstanden. Wenn Sie mit einer dieser Bedingungen nicht einverstanden sind oder diese nicht akzeptieren, sollten Sie die Nutzung der Website unverz\u00fcglich einstellen. Bitte beachten Sie, dass wir unsere Bedingungen von Zeit zu Zeit aktualisieren k\u00f6nnen. Wenn Sie unsere Website zu einem sp\u00e4teren Zeitpunkt erneut besuchen, sollten Sie die Bedingungen erneut \u00fcberpr\u00fcfen, um sicherzustellen, dass Sie die aktuelle Version gesehen haben.    <\/li>\n<li>Wenn Sie Fragen zu unserer Website oder diesen Bedingungen haben, einschlie\u00dflich wenn Sie irgendeinen Teil dieser Bedingungen nicht verstehen, kontaktieren Sie uns bitte unter:\n<ol>\n<li>per E-Mail an info@lucasoil.co.uk;<\/li>\n<li>telefonisch unter +44 (0) 1248-723-666; or<\/li>\n<li>per Post an Unit 4, Cunliffe Drive, Llangefni Industrial Estate, Anglesey, LL77 7JA, United Kingdom<\/li>\n<\/ol>\n<\/li>\n<li>Wir bem\u00fchen uns, Ihnen umgehend zu antworten. Bitte beachten Sie, dass unsere E-Mail- und Telefonanlagen nur zwischen 10:00 und 16:00 Uhr britischer Zeit (au\u00dfer an Feiertagen und Bankfeiertagen in Gro\u00dfbritannien oder Teilen davon) \u00fcberwacht werden. <\/li>\n<li>Bitte beachten Sie auch, dass wir m\u00f6glicherweise eine Aufzeichnung der Korrespondenz aufbewahren a8> Korrespondenz aufbewahren, damit wir in der Lage sind, unsere Website ordnungsgem\u00e4\u00df zu verwalten, um Ihre Anfrage zu bearbeiten und und f\u00fcr Qualit\u00e4ts- und Schulungszwecke zu verwenden.<\/li>\n<\/ol>\n<\/li>\n\n<li><strong>Definitionen<\/strong>\n<ol>\n<li>In diesen Bedingungen haben bestimmte W\u00f6rter definierte Bedeutungen. Diese sind: <br\/><br\/>\u201eInhalt\u201c bezeichnet alle Texte, Bilder, Videos, Audiodateien oder sonstigen Inhalte oder Materialien, Software oder sonstige Informationen, die auf der Website enthalten sind, Teil der Website sind oder von Ihnen an die Website \u00fcbermittelt werden; und<br\/><br\/>\u201eEinreichung\u201c bezeichnet alle Informationen, die Sie uns \u00fcbermitteln m\u00f6chten, sei es in Form von Werbe- oder Marketingvorschl\u00e4gen, Produktideen, Gesch\u00e4ftsideen oder sonstigen Informationen, die Sie als vertraulich, wirtschaftlich sensibel oder wertvoll erachten.<\/li>\n<\/ol>\n<\/li>\n\n\n<li><strong>Personenbezogene Daten<\/strong><br\/><br\/>Sie haben verschiedene Rechte und wir haben verschiedene Pflichten in Bezug auf Ihre personenbezogenen Daten. Weitere Informationen dar\u00fcber, wie wir Ihre personenbezogenen Daten verwenden, finden Sie in unserer <a href=\"https:\/\/lucasoil.co.uk\/privacy-policy\/\">Datenschutzerkl\u00e4rung<\/a> (unsere \u201e<strong>Datenschutzerkl\u00e4rung<\/strong>\u201c). <\/li>\n\n\n<li><strong>Nutzung unserer Website<\/strong>\n<ol>\n<li>Auf unserer Website finden Sie Informationen \u00fcber uns, die von uns angebotenen Waren und Dienstleistungen.<\/li>\n<li>Sie erkl\u00e4ren sich damit einverstanden , dass Sie allein verantwortlich sind f\u00fcr alle Kosten und a10> Ausgaben Sie m\u00f6glicherweise entstehen in Verbindung zu Ihrer Nutzung der Website entstehen k\u00f6nnen, einschlie\u00dflich aller Kosten im Zusammenhang mit Ihrer Verbindung zu und Nutzung des Internets im Zusammenhang mit der Website entstehen.<\/li>\n<li>Wir bem\u00fchen uns zwar, sicherzustellen, dass unsere Website jederzeit verf\u00fcgbar ist und ordnungsgem\u00e4\u00df funktioniert, garantieren jedoch nicht, dass unsere Website jederzeit oder zu einem bestimmten Zeitpunkt verf\u00fcgbar ist, dass unsere Website ordnungsgem\u00e4\u00df funktioniert oder dass alle Funktionen unserer Website jederzeit verf\u00fcgbar sind. Dar\u00fcber hinaus k\u00f6nnen wir den Betrieb der Website jederzeit nach eigenem Ermessen aussetzen oder einstellen. <\/li>\n<li>Wir bem\u00fchen uns zwar, sicherzustellen, dass unsere Website korrekt und aktuell ist, k\u00f6nnen dies jedoch nicht garantieren. Dar\u00fcber hinaus k\u00f6nnen wir nicht versprechen, dass die Website f\u00fcr einen bestimmten Zweck geeignet oder angemessen ist. Unsere Inhalte dienen ausschlie\u00dflich Ihrer allgemeinen Information und sollen Sie \u00fcber uns und unsere Waren und Dienstleistungen sowie \u00fcber Neuigkeiten, Besonderheiten und andere Personen informieren, die f\u00fcr Sie von Interesse sein k\u00f6nnten. Sie stellen keine technische, finanzielle oder rechtliche Beratung oder sonstige Beratung dar und sollten nicht f\u00fcr irgendwelche Zwecke herangezogen werden. Das Vertrauen, das Sie den Informationen auf dieser Website schenken, erfolgt auf Ihr eigenes Risiko.    <\/li>\n<li>Wenn Sie sich auf der Website anmelden k\u00f6nnen, m\u00fcssen Sie Ihr Passwort und andere Kontodaten vertraulich behandeln. Bitte informieren Sie uns umgehend, wenn Sie den Verdacht haben oder wissen, dass Ihr Passwort oder andere Daten einer anderen Person bekannt geworden sind. Wenn Sie Ihre Anmeldedaten an eine andere Person weitergeben, haften Sie f\u00fcr jede Nutzung unserer Website durch diese Person \u00fcber dieses Login.  <\/li>\n<li>Wir sind bestrebt, die Website so barrierefrei wie m\u00f6glich zu gestalten. Wenn Sie Schwierigkeiten bei der Nutzung der Website haben, kontaktieren Sie uns bitte \u00fcber die oben angegebenen Kontaktm\u00f6glichkeiten und\/oder nutzen Sie die Website-Barrierefreiheits-Tools, die \u00fcber Ihr Ger\u00e4t und Ihren Browser verf\u00fcgbar sind. <\/li>\n<li>Wir k\u00f6nnen Ihren Zugang zur Website sperren oder aussetzen, wenn Sie gegen einen Teil dieser Bedingungen oder geltendes Recht versto\u00dfen oder wir den Verdacht haben, dass Sie dagegen versto\u00dfen haben. Dies gilt unbeschadet unserer sonstigen Rechte und Rechtsmittel in Bezug auf einen solchen Versto\u00df. Bitte beachten Sie, dass wir Ihre IP-Adresse zur\u00fcckverfolgen und bei Verdacht auf einen Versto\u00df gegen diese Bedingungen oder geltendes Recht gegebenenfalls Ihren Internetdienstanbieter kontaktieren k\u00f6nnen.  <\/li>\n<li>Wenn Ihre Nichteinhaltung die Rechte, das Eigentum oder die Interessen anderer Personen gef\u00e4hrden k\u00f6nnte oder wir den Verdacht haben, dass dies der Fall sein k\u00f6nnte, k\u00f6nnen wir Ihre Daten und alle anderen relevanten Informationen, die wir \u00fcber Sie gespeichert haben, offenlegen, um Sch\u00e4den zu verhindern.<\/li>\n<\/ol>\n<\/li>\n\n\n<li><strong>Einschr\u00e4nkungen bez\u00fcglich Missbrauch<\/strong>\n<ol>\n<li>Die Website kann interaktive Dienste enthalten, darunter unter anderem Diskussionsgruppen, Newsgroups, Bulletin Boards, Chatrooms, Blogs und andere Funktionen f\u00fcr soziale Netzwerke, \u00fcber die Sie Informationen ver\u00f6ffentlichen, \u00fcbertragen oder \u00fcbermitteln k\u00f6nnen. Wir k\u00f6nnen die von Ihnen \u00fcber diese Dienste \u00fcbermittelten Informationen aktiv \u00fcberwachen oder auch nicht. Daher k\u00f6nnen Sie \u00fcber diese Dienste mit Inhalten konfrontiert werden, die unrichtig, betr\u00fcgerisch oder irref\u00fchrend sind oder die Sie als anst\u00f6\u00dfig oder zu beanstanden empfinden und die nicht von uns unterst\u00fctzt werden. Dar\u00fcber hinaus sollten Sie keine Informationen auf diesen Diensten ver\u00f6ffentlichen, anhand derer Sie identifiziert werden k\u00f6nnen, da dies Risiken f\u00fcr Sie mit sich bringen kann, beispielsweise in Bezug auf den Erhalt unerw\u00fcnschter Korrespondenz oder Identit\u00e4tsdiebstahl. Wir k\u00f6nnen nach eigenem Ermessen Informationen auf diesen Diensten entfernen oder Ihre Nutzung dieser Dienste einschr\u00e4nken. Die Nutzung dieser Dienste erfolgt auf Ihr eigenes Risiko.     <\/li>\n<li>Sie d\u00fcrfen unsere Website nicht missbr\u00e4uchlich nutzen. Nachfolgend finden Sie Beispiele f\u00fcr Missbrauch: \n<ol>\n<li>die Nutzung der Website f\u00fcr unzul\u00e4ssige, rechtswidrige oder unmoralische Zwecke,<\/li>\n<li>durch Ihre Nutzung der Website Bel\u00e4stigungen verursachen oder den Betrieb der Website gef\u00e4hrden oder beeintr\u00e4chtigen;<\/li>\n<li>die Nutzung der Website zum Erstellen, zu hosten, oder zu \u00fcbertragen jegliches verleumderische, beleidigende, oder obsz\u00f6ne Materialien, oder sich an Aktivit\u00e4ten beteiligen, die eine Beleidigung f\u00fcr andere darstellen w\u00fcrden aufgrund a21> anderen aufgrund von Rasse, Religion, sexueller Orientierung oder anderweitig;<\/li>\n<li>die Nutzung der Website zum Schaden oder der Versuch zum Schaden andere Personen (einschlie\u00dflich Kinder) in irgendeiner Weise zu sch\u00e4digen;<\/li>\n<li>die Nutzung der Website zum Erstellen, Hosten oder \u00dcbertragen von Material, das K\u00f6rperverletzung oder Sachbesch\u00e4digung androht oder dazu auffordert, eine Straftat darstellt oder zu zivilrechtlicher Haftung f\u00fchrt;<\/li>\n<li>die Nutzung der Website zum Erstellen, Hosten oder \u00dcbertragen von Material, das das Urheberrecht, Markenrecht, Patentrecht, Gesch\u00e4ftsgeheimnis, Datenschutzrecht, Recht auf \u00d6ffentlichkeit oder andere geistige Eigentumsrechte oder Rechte Dritter verletzt;<\/li>\n<li>die Nutzung der Website zum Erstellen, zu hosten, oder zu \u00fcbertragen unerw\u00fcnschtes Werbematerial an andere Nutzer;<\/li>\n<li>die Nutzung der Website zum Erstellen, Hosten oder \u00dcbertragen von Material, das andere Personen bel\u00e4stigt;<\/li>\n<li>die Nutzung der Website, um falsche, irref\u00fchrende, t\u00e4uschende oder betr\u00fcgerische Angebote zum Verkauf oder Kauf von Produkten, Artikeln oder Dienstleistungen zu machen oder um Kettenbriefe, Schneeballsysteme oder \u00c4hnliches zu versenden;<\/li>\n<li>using the Site to access, or to attempt to access, the accounts of others or to penetrate or attempt to penetrate or breach anyone&#8217;s security measures, computer software, hardware, electronic communication systems, or telecommunications systems;<\/li>\n<li>using the Site to collect, or attempt to collect, personal information about third parties without their knowledge or consent, or to engage in \u201cscreen scraping,\u201d \u201cdatabase scraping,\u201d or any other activity with the purpose of obtaining lists of users or other data;<\/li>\n<li>die Nutzung der Website f\u00fcr jegliche Aktivit\u00e4ten , die sich nachteilig auf die a10> F\u00e4higkeit anderer Personen oder Systeme zur Nutzung die Dienste oder das Internet im Allgemeinen, einschlie\u00dflich, ohne Einschr\u00e4nkung, Flooding und Hacking;<\/li>\n<li>sich als eine andere Person oder Organisation auszugeben oder einen falschen Namen zu verwenden, zu dessen Verwendung Sie nicht berechtigt sind; oder<\/li>\n<li>das Ermutigen, Dulden oder Verherrlichen von r\u00fccksichtslosem oder gef\u00e4hrlichem Fahren oder der Nutzung von Fahrzeugen.<\/li>\n<\/ol>\n<\/li>\n<\/ol>\n<\/li>\n\n\n<li><strong>Geistiges Eigentum<\/strong>\n<ol>\n<li>Wenn Sie Inhalte auf unserer Website ver\u00f6ffentlichen, gew\u00e4hren Sie uns das Recht, diese Inhalte im Zusammenhang mit unserem Gesch\u00e4ft zu nutzen. Dies umfasst die Speicherung dieser Inhalte und deren Bereitstellung \u00fcber unsere Website. Wir k\u00f6nnen anderen Personen gestatten, dies in unserem Namen zu tun. Diese Rechte sind kostenlos (Sie k\u00f6nnen uns f\u00fcr diese Rechte keine Geb\u00fchren in Rechnung stellen), unwiderruflich und bestehen auf Dauer. Sie erkl\u00e4ren sich damit einverstanden, dass wir Sie nicht als Urheber dieses Materials identifizieren m\u00fcssen und dass Sie kein Recht haben, gegen unsere Behandlung dieses Materials Einspruch zu erheben. Dies hat keinen Einfluss auf Ihre Rechte gem\u00e4\u00df den Gesetzen zum Schutz personenbezogener Daten. Wenn diese Inhalte jedoch personenbezogene Daten enthalten, erkl\u00e4ren Sie sich damit einverstanden und m\u00fcssen die Zustimmung aller anderen identifizierten Personen einholen, um uns diese Inhalte zu \u00fcbermitteln und uns zu gestatten, diese Inhalte wie oben beschrieben zu nutzen.      <\/li>\n<li>Diese Website und s\u00e4mtliches geistige Eigentum darauf sind Eigentum von uns und\/oder unseren Lizenzgebern oder beiden (je nach Fall). Das geistige Eigentum umfasst das Urheberrecht an unserer Website, unsere Marken und Domainnamen sowie die anderer Personen, Designrechte, beispielsweise an unseren Benutzeroberfl\u00e4chen, Datenbankrechte und alle anderen geistigen Eigentumsrechte oder Rechte jeglicher Art, unabh\u00e4ngig davon, ob sie registriert sind oder nicht, selbst wenn eine Registrierung m\u00f6glich w\u00e4re (und wir keine solche Registrierung vorgenommen haben). <\/li>\n<li>Wir und unsere Lizenzgeber behalten uns alle Rechte an unseren und ihre Dies bedeutet, zum Beispiel, dass wir (und sie) bleiben Eigent\u00fcmer von ihrem geistigen Eigentum und bleiben frei zu ihnen als wir (und sie) f\u00fcr angemessen halten.<\/li>\n<li>Sie haben das Recht, auf unsere Website zuzugreifen und sie zu nutzen, um Informationen \u00fcber uns und unsere Waren und Dienstleistungen zu erhalten, wobei stets diese Bedingungen gelten. Nichts in diesen Bedingungen oder anderweitig gew\u00e4hrt Ihnen irgendwelche anderen Rechte, Titel oder Anteile an der Website. <\/li>\n<li>Wenn Software \u00fcber unsere Website oder von uns \u00fcber eine Plattform wie den Apple App Store oder Google Play zur Verf\u00fcgung gestellt wird, beachten Sie bitte, dass f\u00fcr den Download, die Installation und die Nutzung dieser Software zus\u00e4tzliche Bedingungen gelten, auf die Sie beim Zugriff auf diese Software hingewiesen werden. Wenn wir auf unsere Social-Media-Seiten wie Facebook, X und Instagram verlinken, beachten Sie bitte, dass diese Seiten ihre eigenen Nutzungsbedingungen haben, die Sie lesen und einhalten sollten. <\/li>\n<li>Bitte beachten Sie, dass die folgenden Markenzeichen Eigentum von uns oder unseren Lizenzgebern sind:<br\/><br\/>LUCAS<br\/><br\/>LUCAS OIL<br\/><br\/>DEEP CLEAN<br\/><br\/>SAFEGUARD<br\/><br\/>RED \u2018N\u2019 TACKY<br\/><br\/><img decoding=\"async\" src=\"\/wp-content\/uploads\/2024\/05\/lucas-logos1.jpg\" alt=\"Lucas Shields\"\/><br\/><br\/><img decoding=\"async\" src=\"\/wp-content\/uploads\/2024\/05\/lucas-logos2.jpg\" alt=\"Lucas Shield\"\/><\/li>\n<li>Wenn Sie der Meinung sind, dass ein Teil unserer Website oder etwas, das \u00fcber unsere Website verf\u00fcgbar ist, Ihre Rechte verletzt, kontaktieren Sie uns bitte \u00fcber die oben angegebenen Kontaktm\u00f6glichkeiten. Wenn Sie uns kontaktieren, geben Sie bitte Folgendes an: \n<ol>\n<li>Ihre Adresse, Telefonnummer und E-Mail-Adresse;<\/li>\n<li>Beschreibung der Rechte, deren Verletzung Sie geltend machen;<\/li>\n<li>eine Beschreibung der angeblichen rechtsverletzenden Handlung;<\/li>\n<li>eine Erkl\u00e4rung von Ihnen dass Sie eine gutgl\u00e4ubige \u00dcberzeugung haben, dass rechtsverletzende Aktivit\u00e4t nicht von Ihnen genehmigt ist, die Rechte Eigent\u00fcmer, dessen Vertreter, oder das Gesetz; und<\/li>\n<li>eine Erkl\u00e4rung von Ihnen, abgegeben unter Androhung der Strafe wegen Falschaussage, dass die Informationen korrekt sind und dass Sie sind der Rechteinhaber oder bevollm\u00e4chtigt zu Handeln im Namen des Rechteinhabers<\/li>\n<\/ol>\n<\/li>\n<\/ol>\n<\/li>\n\n\n<li><strong>Sicherheit<\/strong>\n<ol>\n<li>Wir k\u00f6nnen Sicherheitsma\u00dfnahmen und bestimmte Einschr\u00e4nkungen auf unserer Website anwenden. Sie erkl\u00e4ren sich damit einverstanden, diese Sicherheitsma\u00dfnahmen oder Einschr\u00e4nkungen nicht zu manipulieren oder zu umgehen, zu umgehen oder aufzuheben oder andere Personen dazu aufzufordern oder ihnen dabei zu helfen, einschlie\u00dflich durch die \u00dcbermittlung falscher Informationen oder die Verwendung von Mitteln, die die Identit\u00e4t der Ger\u00e4te oder Personen, die unsere Website besuchen, verschleiern, wie z. B. die Verwendung von VPN-Diensten oder TOR-Browsern. <\/li>\n<li>Unsere Website enth\u00e4lt wichtige Hinweise (einschlie\u00dflich Hinweise zum geistigen Eigentum), darunter auch solche, die in digitalen Rechten oder anderen Sicherheitstechnologien enthalten sind, die in die Website eingebettet sind oder darin enthalten sind. Sie d\u00fcrfen diese Hinweise nicht manipulieren oder entfernen, auch nicht in Ausdrucken unserer Website. <\/li>\n<li>Die Kommunikation \u00fcber das Internet ist nicht sicher. Obwohl wir versuchen sicherzustellen dass a11> sicher stellen, dass die Website sicher ist, wir k\u00f6nnen nicht die Sicherheit von Informationen garantieren, die Sie uns zur Verf\u00fcgung stellen. a26> Sie uns zur Verf\u00fcgung stellen und daher k\u00f6nnen wir a33> nicht garantieren k\u00f6nnen, dass sie vertraulich bleiben wird, zum Beispiel w\u00e4hrend seiner \u00dcbertragung an uns. <\/li>\n<li>Insbesondere und aus diesem Grund sollten Sie uns keine Beitr\u00e4ge zukommen lassen. Wir sch\u00e4tzen Ihr Feedback, aber Sie erkl\u00e4ren sich damit einverstanden, keine Beitr\u00e4ge einzureichen. Wenn Sie dennoch Beitr\u00e4ge einreichen, k\u00f6nnen wir diese nach eigenem Ermessen kostenlos verwenden.  <\/li>\n<li>Dar\u00fcber hinaus empfehlen wir Ihnen dass Sie \u00fcber a6> in place up to date antivirus and personal firewall software when Zugriff und Nutzung unserer Website.<\/li>\n<\/ol>\n<\/li>\n\n<li><strong>Dritte Websites<\/strong><br\/><br\/>Die Website kann Hyperlinks oder Verweise auf Websites Dritter enthalten, die nicht Teil dieser Website sind. Solche Hyperlinks oder Verweise werden nur zu Ihrer Bequemlichkeit bereitgestellt. Wir betreiben diese Websites Dritter nicht und \u00fcbernehmen keine rechtliche Verantwortung f\u00fcr deren Inhalte, Materialien oder Informationen. Die Anzeige von Hyperlinks und Verweisen auf Websites Dritter bedeutet nicht, dass wir die Websites, Produkte oder Dienstleistungen dieser Dritten bef\u00fcrworten. Ihre Nutzung einer Website Dritter unterliegt den Nutzungsbedingungen dieser Website Dritter und nicht diesen Bedingungen.    <\/li>\n\n\n<li><strong>Die Grenzen unserer Haftung<\/strong>\n<ol>\n<li>Mit Ausnahme der gesetzlichen Haftung, die wir rechtlich nicht ausschlie\u00dfen k\u00f6nnen (z. B. bei Tod oder K\u00f6rperverletzung), haften wir nicht f\u00fcr Verluste, die bei Ihrem Zugriff auf unsere Website nicht vorhersehbar waren oder die nicht durch einen Versto\u00df gegen diese Bedingungen oder eine Pflicht unsererseits verursacht wurden. Unsere Website wird \u201ewie besehen\u201c bereitgestellt, und Sie nutzen sie auf eigenes Risiko. Wir schlie\u00dfen im gesetzlich zul\u00e4ssigen Umfang alle ausdr\u00fccklichen und stillschweigenden Gew\u00e4hrleistungen und Garantien aus.  <\/li>\n<li>Was wir liefern Ihnen , und was sagen wir nicht tun, was wir und nicht garantieren, und was wir empfehlen oder von Ihnen verlangen Sie zu tun tun, in diesen Bedingungen ist daher sehr wichtig. Bitte lesen Sie diese Bedingungen sorgf\u00e4ltig und lassen Sie uns wissen wenn Sie etwas nicht verstehen. <\/li>\n<li>Wir \u00fcbernehmen keine Haftung gegen\u00fcber Ihnen f\u00fcr etwaige Verst\u00f6\u00dfe a9> Verletzung dieser Bedingungen, verursacht durch ein Ereignis oder a17> Umstand au\u00dferhalb unserer angemessenen Kontrolle einschlie\u00dflich, aber nicht beschr\u00e4nkt auf, Streiks, Aussperrungen oder andere Arbeitsk\u00e4mpfe; Ausfall von Systemen oder Netzwerkzugang ; oder \u00dcberschwemmung, Brand, Explosion oder Unfall.<\/li>\n<li>Dar\u00fcber hinaus hat niemand au\u00dfer den Parteien dieser Bedingungen das Recht, diese Bedingungen durchzusetzen.<\/li>\n<\/ol>\n<\/li>\n\n\n<li><strong>Variation<\/strong><br\/><br\/>Diese Bedingungen sind vom 13. Februar 2024 datiert. \u00c4nderungen dieser Bedingungen sind nur g\u00fcltig und wirksam, wenn sie von uns schriftlich best\u00e4tigt wurden. Wir behalten uns das Recht vor, diese Bedingungen von Zeit zu Zeit zu \u00e4ndern.  <\/li>\n\n\n<li><strong>Streitigkeiten<\/strong>\n<ol>\n<li>Wir werden versuchen, alle Streitigkeiten mit Ihnen schnell und effizient beizulegen.<\/li>\n<li>Wenn Sie unzufrieden sind mit unserem a5> uns unzufrieden sind, kontaktieren Sie uns so schnell wie m\u00f6glich.<\/li>\n<li>Wenn Sie wollen ein Gerichtsverfahren einleiten wollen, sind die zust\u00e4ndigen Gerichte des Vereinigten K\u00f6nigreichs f\u00fcr a14> ausschlie\u00dfliche Gerichtsbarkeit in Bezug auf diese Bedingungen, und das einschl\u00e4gige Vereinigte K\u00f6nigreich Recht wird anwenden auf diese Bedingungen.<\/li>\n<\/ol>\n<\/li>\n<\/ol>\n\n<style>\nol li {padding-bottom:1em;};\ntable, th, td, tr, td {border: 1px solid #000000;};\n<\/style>\n\n<div style=\"height:100px\" aria-hidden=\"true\" class=\"wp-block-spacer\"><\/div>\n","protected":false},"excerpt":{"rendered":"<p>Diese Website Diese Website https:\/\/lucasoil.co.uk\/ (our &#8222;Site&#8222;) wird betrieben von Lucas Oil Products UK Limited (&#8222;we&#8222;, &#8222;our&#8222;, &#8222;us&#8222;). Unsere Adresse lautet Unit 4, Cunliffe Drive, Llangefni Industrial Estate, Anglesey, LL77 7JA, United Kingdom. Unsere Umsatzsteuer-Identifikationsnummer lautet 793 4800 05 Unsere Bedingungen Diese Bedingungen (unsere \u201eBedingungen\u201c) erl\u00e4utern wie Sie unsere Website nutzen d\u00fcrfen. Die Website umfasst [&hellip;]<\/p>\n","protected":false},"author":1,"featured_media":0,"parent":0,"menu_order":0,"comment_status":"closed","ping_status":"closed","template":"page-nonblock.php","meta":{"_acf_changed":false,"footnotes":""},"class_list":["post-31343","page","type-page","status-publish","hentry"],"acf":[],"_links":{"self":[{"href":"https:\/\/lucasoil.co.uk\/de\/wp-json\/wp\/v2\/pages\/31343","targetHints":{"allow":["GET"]}}],"collection":[{"href":"https:\/\/lucasoil.co.uk\/de\/wp-json\/wp\/v2\/pages"}],"about":[{"href":"https:\/\/lucasoil.co.uk\/de\/wp-json\/wp\/v2\/types\/page"}],"author":[{"embeddable":true,"href":"https:\/\/lucasoil.co.uk\/de\/wp-json\/wp\/v2\/users\/1"}],"replies":[{"embeddable":true,"href":"https:\/\/lucasoil.co.uk\/de\/wp-json\/wp\/v2\/comments?post=31343"}],"version-history":[{"count":1,"href":"https:\/\/lucasoil.co.uk\/de\/wp-json\/wp\/v2\/pages\/31343\/revisions"}],"predecessor-version":[{"id":31344,"href":"https:\/\/lucasoil.co.uk\/de\/wp-json\/wp\/v2\/pages\/31343\/revisions\/31344"}],"wp:attachment":[{"href":"https:\/\/lucasoil.co.uk\/de\/wp-json\/wp\/v2\/media?parent=31343"}],"curies":[{"name":"wp","href":"https:\/\/api.w.org\/{rel}","templated":true}]}}