{"id":31345,"date":"2024-05-16T12:27:58","date_gmt":"2024-05-16T16:27:58","guid":{"rendered":"https:\/\/lucasoil.co.uk\/kundenstimmen\/"},"modified":"2025-11-25T12:39:21","modified_gmt":"2025-11-25T17:39:21","slug":"kundenstimmen","status":"publish","type":"page","link":"https:\/\/lucasoil.co.uk\/de\/kundenstimmen\/","title":{"rendered":"Kundenstimmen"},"content":{"rendered":"\n<h2 class=\"gb-headline gb-headline-90bed952 gb-headline-text\">H\u00d6REN SIE, WAS UNSERE KUNDEN ZU SAGEN HABEN!<\/h2>\n\n<p class=\"has-text-align-center\">Lucas Oil Products wurde 1989 gegr\u00fcndet mit der einfachen Philosophie der Herstellung der a9&gt; besten Produktpalette an Schmierstoffen und Additiven herzustellen, die \u00fcberall erh\u00e4ltlich sind. Wir glauben an diese Philosophie und produzieren auch heute noch die besten \u00d6lprodukte, die auf dem Markt erh\u00e4ltlich sind. a23&gt; besten \u00d6lprodukte heran, die heute auf der ganzen Welt erh\u00e4ltlich sind. <\/p>\n<div class=\"gb-container gb-container-30c9a494\">\n\n<a class=\"gb-button gb-button-5720eecc gb-button-text\" href=\"#sharestory\">Teilen Sie Ihre Lucas-Geschichte<\/a>\n\n<\/div><div class=\"gb-container gb-container-fe12a466\">\n\n<h2 class=\"gb-headline gb-headline-1ef2c21a gb-headline-text\">Glauben Sie uns nicht einfach blind.<\/h2>\n\n\n\n<p class=\"has-text-align-center\">Klicken Sie auf eine Produktkategorie unten um zu lesen was echte Lucas Oil Nutzer zu sagen haben a11&gt; zu sagen haben \u00fcber ihre Erfahrungen mit unseren Produkten.<\/p>\n\n<\/div><div class=\"gb-container gb-container-ca1fb4e2\">\n\n<div class=\"wp-block-columns is-layout-flex wp-container-core-columns-is-layout-9d6595d7 wp-block-columns-is-layout-flex\">\n<div class=\"wp-block-column is-layout-flow wp-block-column-is-layout-flow\" style=\"flex-basis:20%\">\n<figure class=\"wp-block-image size-full\"><img loading=\"lazy\" decoding=\"async\" width=\"512\" height=\"698\" src=\"https:\/\/lucasoil.co.uk\/wp-content\/uploads\/2024\/06\/general-products.png\" alt=\"Lucas Oil Products\" class=\"wp-image-28295\" srcset=\"https:\/\/lucasoil.co.uk\/wp-content\/uploads\/2024\/06\/general-products.png 512w, https:\/\/lucasoil.co.uk\/wp-content\/uploads\/2024\/06\/general-products-220x300.png 220w\" sizes=\"auto, (max-width: 512px) 100vw, 512px\" \/><\/figure>\n<\/div>\n\n\n\n<div class=\"wp-block-column is-layout-flow wp-block-column-is-layout-flow\" style=\"flex-basis:80%\">\n<h2 class=\"gb-headline gb-headline-a84869d8 gb-headline-text\">LUCAS OIL PRODUCTS<\/h2>\n\n\n\n<p style=\"font-style:normal;font-weight:300\">Lucas Oil verf\u00fcgt \u00fcber ein vielf\u00e4ltiges und umfassendes Produktangebot . Von ihren hochwertigen Motor\u00f6len und Kraftstoffzus\u00e4tzen bis hin zu a14&gt; ihren spezialisierten Schmierstoffen und Additiven bietet Lucas Oil eine breite Palette von L\u00f6sungen an, die die Leistung verbessern, wichtige Komponenten sch\u00fctzen und a30&gt; sicherstellen optimalen Betrieb f\u00fcr Motoren aller Arten und Gr\u00f6\u00dfen und Gr\u00f6\u00dfen. <\/p>\n\n\n<div class=\"gb-grid-wrapper gb-grid-wrapper-bd7be120\">\n<div class=\"gb-grid-column gb-grid-column-a9b73b2d\"><div class=\"gb-container gb-container-a9b73b2d\">\n\n<a class=\"gb-button gb-button-f9daf2d3 gb-button-text\" href=\"https:\/\/lucasoil.co.uk\/where-to-buy\/\">KAUFEN ONLINE<\/a>\n\n<\/div><\/div>\n\n<div class=\"gb-grid-column gb-grid-column-ee029d5c\"><div class=\"gb-container gb-container-ee029d5c\">\n\n<a class=\"gb-button gb-button-9d6dd905 gb-button-text\" href=\"https:\/\/lucasoil.co.uk\/where-to-buy\/\">FINDEN IM SHOP<\/a>\n\n<\/div><\/div>\n\n<div class=\"gb-grid-column gb-grid-column-1de00515\"><div class=\"gb-container gb-container-1de00515\"><\/div><\/div>\n<\/div><\/div>\n<\/div>\n\n<\/div>","protected":false},"excerpt":{"rendered":"<p>H\u00d6REN SIE, WAS UNSERE KUNDEN ZU SAGEN HABEN! Lucas Oil Products wurde 1989 gegr\u00fcndet mit der einfachen Philosophie der Herstellung der a9&gt; besten Produktpalette an Schmierstoffen und Additiven herzustellen, die \u00fcberall erh\u00e4ltlich sind. Wir glauben an diese Philosophie und produzieren auch heute noch die besten \u00d6lprodukte, die auf dem Markt erh\u00e4ltlich sind. a23&gt; besten \u00d6lprodukte [&hellip;]<\/p>\n","protected":false},"author":1,"featured_media":0,"parent":0,"menu_order":0,"comment_status":"closed","ping_status":"closed","template":"category-testimonial.php","meta":{"_acf_changed":false,"footnotes":""},"class_list":["post-31345","page","type-page","status-publish","hentry"],"acf":[],"_links":{"self":[{"href":"https:\/\/lucasoil.co.uk\/de\/wp-json\/wp\/v2\/pages\/31345","targetHints":{"allow":["GET"]}}],"collection":[{"href":"https:\/\/lucasoil.co.uk\/de\/wp-json\/wp\/v2\/pages"}],"about":[{"href":"https:\/\/lucasoil.co.uk\/de\/wp-json\/wp\/v2\/types\/page"}],"author":[{"embeddable":true,"href":"https:\/\/lucasoil.co.uk\/de\/wp-json\/wp\/v2\/users\/1"}],"replies":[{"embeddable":true,"href":"https:\/\/lucasoil.co.uk\/de\/wp-json\/wp\/v2\/comments?post=31345"}],"version-history":[{"count":1,"href":"https:\/\/lucasoil.co.uk\/de\/wp-json\/wp\/v2\/pages\/31345\/revisions"}],"predecessor-version":[{"id":31347,"href":"https:\/\/lucasoil.co.uk\/de\/wp-json\/wp\/v2\/pages\/31345\/revisions\/31347"}],"wp:attachment":[{"href":"https:\/\/lucasoil.co.uk\/de\/wp-json\/wp\/v2\/media?parent=31345"}],"curies":[{"name":"wp","href":"https:\/\/api.w.org\/{rel}","templated":true}]}}