{"id":31407,"date":"2024-06-04T16:23:18","date_gmt":"2024-06-04T20:23:18","guid":{"rendered":"https:\/\/lucasoil.co.uk\/kundenstimmen\/kundenstimmen-2-cycle\/"},"modified":"2025-11-25T12:42:35","modified_gmt":"2025-11-25T17:42:35","slug":"kundenstimmen-2-cycle","status":"publish","type":"page","link":"https:\/\/lucasoil.co.uk\/de\/kundenstimmen\/kundenstimmen-2-cycle\/","title":{"rendered":"Kundenstimmen \u2013 2-Cycle"},"content":{"rendered":"\n<h2 class=\"gb-headline gb-headline-90bed952 gb-headline-text\">H\u00d6REN WAS UNSERE KUNDEN ZU SAGEN HABEN<\/h2>\n\n<p class=\"has-text-align-center\">Lucas Oil Products wurde 1989 gegr\u00fcndet mit der einfachen Philosophie der Herstellung der a9&gt; besten Produktpalette an Schmierstoffen und Additiven herzustellen, die \u00fcberall erh\u00e4ltlich sind. Wir glauben an diese Philosophie und produzieren auch heute noch die besten \u00d6lprodukte auf dem Markt. a23&gt; besten \u00d6lprodukte heran, die heute auf der ganzen Welt erh\u00e4ltlich sind. <\/p>\n<div class=\"gb-container gb-container-30c9a494\">\n\n<a class=\"gb-button gb-button-5720eecc gb-button-text\" href=\"#sharestory\">Teilen Sie Ihre Lucas-Geschichte mit anderen<\/a>\n\n<\/div><div class=\"gb-container gb-container-fe12a466\">\n\n<h2 class=\"gb-headline gb-headline-1ef2c21a gb-headline-text\">Glauben Sie uns nicht einfach blind.<\/h2>\n\n\n\n<p class=\"has-text-align-center\">Klicken Sie auf eine Produktkategorie unten um zu lesen was echte Lucas Oil Nutzer zu sagen haben a11&gt; zu sagen haben \u00fcber ihre Erfahrungen mit unseren Produkten.<\/p>\n\n<\/div><div class=\"gb-container gb-container-ca1fb4e2\">\n\n<div class=\"wp-block-columns is-layout-flex wp-container-core-columns-is-layout-9d6595d7 wp-block-columns-is-layout-flex\">\n<div class=\"wp-block-column is-layout-flow wp-block-column-is-layout-flow\" style=\"flex-basis:20%\">\n<figure class=\"wp-block-image size-full\"><img loading=\"lazy\" decoding=\"async\" width=\"662\" height=\"886\" src=\"https:\/\/lucasoil.co.uk\/wp-content\/uploads\/2024\/06\/semi-synthetic-2-cycle-oil-hero-1.png\" alt=\"\" class=\"wp-image-28309\" srcset=\"https:\/\/lucasoil.co.uk\/wp-content\/uploads\/2024\/06\/semi-synthetic-2-cycle-oil-hero-1.png 662w, https:\/\/lucasoil.co.uk\/wp-content\/uploads\/2024\/06\/semi-synthetic-2-cycle-oil-hero-1-224x300.png 224w\" sizes=\"auto, (max-width: 662px) 100vw, 662px\" \/><\/figure>\n<\/div>\n\n\n\n<div class=\"wp-block-column is-layout-flow wp-block-column-is-layout-flow\" style=\"flex-basis:80%\">\n<h2 class=\"gb-headline gb-headline-a84869d8 gb-headline-text\">2-CYCLE OIL<\/h2>\n\n\n\n<p style=\"font-style:normal;font-weight:300\">Der perfekte Begleiter f\u00fcr Kleinmotoren \u2013 Lucas 2-Takt-\u00d6le sorgen f\u00fcr optimale Leistung in Motorr\u00e4dern, ATVs, Karts, Wasserfahrzeugen, Au\u00dfenbordmotoren, Rasenm\u00e4hern und anderen Zweitaktmotoren, indem sie eine hervorragende Schmierung bieten, die Rauchentwicklung reduzieren und die Lebensdauer der Ger\u00e4te insgesamt verl\u00e4ngern. Verwenden Sie Lucas f\u00fcr einen reibungslosen und zuverl\u00e4ssigen Betrieb zu jeder Zeit. <\/p>\n\n\n<div class=\"gb-grid-wrapper gb-grid-wrapper-bd7be120\">\n<div class=\"gb-grid-column gb-grid-column-1de00515\"><div class=\"gb-container gb-container-1de00515\">\n\n<a class=\"gb-button gb-button-c041ac70 gb-button-text\" href=\"\/2-cycle\/\">LERNEN MEHR<\/a>\n\n<\/div><\/div>\n\n<div class=\"gb-grid-column gb-grid-column-a9b73b2d\"><div class=\"gb-container gb-container-a9b73b2d\">\n\n<a class=\"gb-button gb-button-f9daf2d3 gb-button-text\" href=\"https:\/\/lucasoil.co.uk\/where-to-buy\/\">KAUFEN ONLINE<\/a>\n\n<\/div><\/div>\n\n<div class=\"gb-grid-column gb-grid-column-ee029d5c\"><div class=\"gb-container gb-container-ee029d5c\">\n\n<a class=\"gb-button gb-button-9d6dd905 gb-button-text\" href=\"https:\/\/lucasoil.co.uk\/where-to-buy\/\">IM LADEN FINDEN<\/a>\n\n<\/div><\/div>\n<\/div><\/div>\n<\/div>\n\n<\/div>","protected":false},"excerpt":{"rendered":"<p>H\u00d6REN WAS UNSERE KUNDEN ZU SAGEN HABEN Lucas Oil Products wurde 1989 gegr\u00fcndet mit der einfachen Philosophie der Herstellung der a9&gt; besten Produktpalette an Schmierstoffen und Additiven herzustellen, die \u00fcberall erh\u00e4ltlich sind. Wir glauben an diese Philosophie und produzieren auch heute noch die besten \u00d6lprodukte auf dem Markt. a23&gt; besten \u00d6lprodukte heran, die heute auf [&hellip;]<\/p>\n","protected":false},"author":1,"featured_media":0,"parent":31345,"menu_order":0,"comment_status":"closed","ping_status":"closed","template":"category-testimonial-2cycle.php","meta":{"_acf_changed":false,"footnotes":""},"class_list":["post-31407","page","type-page","status-publish","hentry"],"acf":[],"_links":{"self":[{"href":"https:\/\/lucasoil.co.uk\/de\/wp-json\/wp\/v2\/pages\/31407","targetHints":{"allow":["GET"]}}],"collection":[{"href":"https:\/\/lucasoil.co.uk\/de\/wp-json\/wp\/v2\/pages"}],"about":[{"href":"https:\/\/lucasoil.co.uk\/de\/wp-json\/wp\/v2\/types\/page"}],"author":[{"embeddable":true,"href":"https:\/\/lucasoil.co.uk\/de\/wp-json\/wp\/v2\/users\/1"}],"replies":[{"embeddable":true,"href":"https:\/\/lucasoil.co.uk\/de\/wp-json\/wp\/v2\/comments?post=31407"}],"version-history":[{"count":1,"href":"https:\/\/lucasoil.co.uk\/de\/wp-json\/wp\/v2\/pages\/31407\/revisions"}],"predecessor-version":[{"id":31409,"href":"https:\/\/lucasoil.co.uk\/de\/wp-json\/wp\/v2\/pages\/31407\/revisions\/31409"}],"up":[{"embeddable":true,"href":"https:\/\/lucasoil.co.uk\/de\/wp-json\/wp\/v2\/pages\/31345"}],"wp:attachment":[{"href":"https:\/\/lucasoil.co.uk\/de\/wp-json\/wp\/v2\/media?parent=31407"}],"curies":[{"name":"wp","href":"https:\/\/api.w.org\/{rel}","templated":true}]}}