{"id":31453,"date":"2024-06-04T16:23:46","date_gmt":"2024-06-04T20:23:46","guid":{"rendered":"https:\/\/lucasoil.co.uk\/kundenstimmen\/kundenstimmen-aussehen\/"},"modified":"2025-11-25T12:43:56","modified_gmt":"2025-11-25T17:43:56","slug":"kundenstimmen-aussehen","status":"publish","type":"page","link":"https:\/\/lucasoil.co.uk\/de\/kundenstimmen\/kundenstimmen-aussehen\/","title":{"rendered":"Kundenstimmen \u2013 Aussehen"},"content":{"rendered":"\n<h2 class=\"gb-headline gb-headline-90bed952 gb-headline-text\">H\u00d6REN WAS UNSERE KUNDEN ZU SAGEN HABEN<\/h2>\n\n<p class=\"has-text-align-center\">Lucas Oil Products wurde 1989 mit der einfachen Philosophie gegr\u00fcndet, die besten Schmierstoffe und Additive herzustellen, die es auf dem Markt gibt. Wir glauben an diese Philosophie und produzieren auch heute noch die besten \u00d6lprodukte, die weltweit erh\u00e4ltlich sind. <\/p>\n<div class=\"gb-container gb-container-30c9a494\">\n\n<a class=\"gb-button gb-button-5720eecc gb-button-text\" href=\"#sharestory\">Teilen Sie Ihre Lucas-Geschichte mit anderen<\/a>\n\n<\/div><div class=\"gb-container gb-container-fe12a466\">\n\n<h2 class=\"gb-headline gb-headline-1ef2c21a gb-headline-text\">Glauben Sie uns nicht einfach blind.<\/h2>\n\n\n\n<p class=\"has-text-align-center\">Klicken Sie unten auf eine Produktkategorie, um zu lesen, was echte Nutzer von Lucas Oil \u00fcber ihre Erfahrungen mit unseren Produkten zu sagen haben.<\/p>\n\n<\/div><div class=\"gb-container gb-container-ca1fb4e2\">\n\n<div class=\"wp-block-columns is-layout-flex wp-container-core-columns-is-layout-9d6595d7 wp-block-columns-is-layout-flex\">\n<div class=\"wp-block-column is-layout-flow wp-block-column-is-layout-flow\" style=\"flex-basis:20%\">\n<figure class=\"wp-block-image size-full\"><img loading=\"lazy\" decoding=\"async\" width=\"512\" height=\"698\" src=\"https:\/\/lucasoil.co.uk\/wp-content\/uploads\/2024\/06\/appearance.png\" alt=\"Lucas Aussehen Produkte\" class=\"wp-image-28317\" srcset=\"https:\/\/lucasoil.co.uk\/wp-content\/uploads\/2024\/06\/appearance.png 512w, https:\/\/lucasoil.co.uk\/wp-content\/uploads\/2024\/06\/appearance-220x300.png 220w\" sizes=\"auto, (max-width: 512px) 100vw, 512px\" \/><\/figure>\n<\/div>\n\n\n\n<div class=\"wp-block-column is-layout-flow wp-block-column-is-layout-flow\" style=\"flex-basis:80%\">\n<h2 class=\"gb-headline gb-headline-a84869d8 gb-headline-text\">AUSSEHEN PRODUKTE<\/h2>\n\n\n\n<p style=\"font-style:normal;font-weight:300\">Verbessern Sie das Aussehen Ihres Fahrzeugs mit den Produkten von Lucas. Von hochgl\u00e4nzendem Reifenglanz bis hin zu Keramik-Schnellwachs liefern unsere Produkte professionelle Ergebnisse, die sich leicht erzielen lassen. Stellen Sie den Glanz wieder her, reinigen Sie Ihr Fahrzeug und sch\u00fctzen Sie es vor UV-Sch\u00e4den mit Pflegeprodukten, die ein lang anhaltendes Finish bieten, sich hervorragend f\u00fcr Autos, Lkw und Boote eignen und sicher auf Vinylfolien, Aufklebern, Leder, Kunststoff- oder Aluminiumoberfl\u00e4chen verwendet werden k\u00f6nnen.  <\/p>\n\n\n<div class=\"gb-grid-wrapper gb-grid-wrapper-bd7be120\">\n<div class=\"gb-grid-column gb-grid-column-1de00515\"><div class=\"gb-container gb-container-1de00515\">\n\n<a class=\"gb-button gb-button-c041ac70 gb-button-text\" href=\"https:\/\/lucasoil.co.uk\/appearance\/\">LERNEN MEHR<\/a>\n\n<\/div><\/div>\n\n<div class=\"gb-grid-column gb-grid-column-a9b73b2d\"><div class=\"gb-container gb-container-a9b73b2d\">\n\n<a class=\"gb-button gb-button-f9daf2d3 gb-button-text\" href=\"https:\/\/lucasoil.co.uk\/where-to-buy\/\">KAUFEN ONLINE<\/a>\n\n<\/div><\/div>\n\n<div class=\"gb-grid-column gb-grid-column-ee029d5c\"><div class=\"gb-container gb-container-ee029d5c\">\n\n<a class=\"gb-button gb-button-9d6dd905 gb-button-text\" href=\"https:\/\/lucasoil.co.uk\/where-to-buy\/\">FINDEN IM SHOP<\/a>\n\n<\/div><\/div>\n<\/div><\/div>\n<\/div>\n\n<\/div>","protected":false},"excerpt":{"rendered":"<p>H\u00d6REN WAS UNSERE KUNDEN ZU SAGEN HABEN Lucas Oil Products wurde 1989 mit der einfachen Philosophie gegr\u00fcndet, die besten Schmierstoffe und Additive herzustellen, die es auf dem Markt gibt. Wir glauben an diese Philosophie und produzieren auch heute noch die besten \u00d6lprodukte, die weltweit erh\u00e4ltlich sind. Glauben Sie uns nicht einfach blind. Klicken Sie unten [&hellip;]<\/p>\n","protected":false},"author":1,"featured_media":0,"parent":31345,"menu_order":0,"comment_status":"closed","ping_status":"closed","template":"category-testimonial-appearance.php","meta":{"_acf_changed":false,"footnotes":""},"class_list":["post-31453","page","type-page","status-publish","hentry"],"acf":[],"_links":{"self":[{"href":"https:\/\/lucasoil.co.uk\/de\/wp-json\/wp\/v2\/pages\/31453","targetHints":{"allow":["GET"]}}],"collection":[{"href":"https:\/\/lucasoil.co.uk\/de\/wp-json\/wp\/v2\/pages"}],"about":[{"href":"https:\/\/lucasoil.co.uk\/de\/wp-json\/wp\/v2\/types\/page"}],"author":[{"embeddable":true,"href":"https:\/\/lucasoil.co.uk\/de\/wp-json\/wp\/v2\/users\/1"}],"replies":[{"embeddable":true,"href":"https:\/\/lucasoil.co.uk\/de\/wp-json\/wp\/v2\/comments?post=31453"}],"version-history":[{"count":1,"href":"https:\/\/lucasoil.co.uk\/de\/wp-json\/wp\/v2\/pages\/31453\/revisions"}],"predecessor-version":[{"id":31455,"href":"https:\/\/lucasoil.co.uk\/de\/wp-json\/wp\/v2\/pages\/31453\/revisions\/31455"}],"up":[{"embeddable":true,"href":"https:\/\/lucasoil.co.uk\/de\/wp-json\/wp\/v2\/pages\/31345"}],"wp:attachment":[{"href":"https:\/\/lucasoil.co.uk\/de\/wp-json\/wp\/v2\/media?parent=31453"}],"curies":[{"name":"wp","href":"https:\/\/api.w.org\/{rel}","templated":true}]}}