{"id":31503,"date":"2024-06-04T16:25:21","date_gmt":"2024-06-04T20:25:21","guid":{"rendered":"https:\/\/lucasoil.co.uk\/kundenstimmen\/kundenstimmen-motoroele\/"},"modified":"2025-11-25T12:47:28","modified_gmt":"2025-11-25T17:47:28","slug":"kundenstimmen-motoroele","status":"publish","type":"page","link":"https:\/\/lucasoil.co.uk\/de\/kundenstimmen\/kundenstimmen-motoroele\/","title":{"rendered":"Kundenstimmen \u2013 Motor\u00f6le"},"content":{"rendered":"\n<h2 class=\"gb-headline gb-headline-90bed952 gb-headline-text\">H\u00d6REN SIE, WAS UNSERE KUNDEN ZU SAGEN HABEN<\/h2>\n\n<p class=\"has-text-align-center\">Lucas Oil Products wurde 1989 mit der einfachen Philosophie gegr\u00fcndet, die besten Schmierstoffe und Additive herzustellen, die es auf dem Markt gibt. Wir glauben an diese Philosophie und produzieren auch heute noch die besten \u00d6lprodukte, die weltweit erh\u00e4ltlich sind. <\/p>\n<div class=\"gb-container gb-container-30c9a494\">\n\n<a class=\"gb-button gb-button-5720eecc gb-button-text\" href=\"#sharestory\">Teilen Sie Ihre Lucas-Geschichte mit anderen<\/a>\n\n<\/div><div class=\"gb-container gb-container-fe12a466\">\n\n<h2 class=\"gb-headline gb-headline-1ef2c21a gb-headline-text\">Glauben Sie uns nicht einfach blind.<\/h2>\n\n\n\n<p class=\"has-text-align-center\">Klicken Sie unten auf eine Produktkategorie, um zu lesen, was echte Nutzer von Lucas Oil \u00fcber ihre Erfahrungen mit unseren Produkten zu sagen haben.<\/p>\n\n<\/div><div class=\"gb-container gb-container-ca1fb4e2\">\n\n<div class=\"wp-block-columns is-layout-flex wp-container-core-columns-is-layout-9d6595d7 wp-block-columns-is-layout-flex\">\n<div class=\"wp-block-column is-layout-flow wp-block-column-is-layout-flow\" style=\"flex-basis:20%\">\n<figure class=\"wp-block-image size-full\"><img loading=\"lazy\" decoding=\"async\" width=\"512\" height=\"698\" src=\"https:\/\/lucasoil.co.uk\/wp-content\/uploads\/2024\/06\/motor-oils.png\" alt=\"\" class=\"wp-image-28331\" srcset=\"https:\/\/lucasoil.co.uk\/wp-content\/uploads\/2024\/06\/motor-oils.png 512w, https:\/\/lucasoil.co.uk\/wp-content\/uploads\/2024\/06\/motor-oils-220x300.png 220w\" sizes=\"auto, (max-width: 512px) 100vw, 512px\" \/><\/figure>\n<\/div>\n\n\n\n<div class=\"wp-block-column is-layout-flow wp-block-column-is-layout-flow\" style=\"flex-basis:80%\">\n<h2 class=\"gb-headline gb-headline-a84869d8 gb-headline-text\">MOTOR\u00d6LE<\/h2>\n\n\n\n<p style=\"font-style:normal;font-weight:300\">Ultimative Leistung und Schutz f\u00fcr alle Motortypen \u2013 diese fortschrittliche, umfassende Produktreihe hochwertiger Motor\u00f6le bietet hervorragende Schmierleistung, reduziert Reibung und Verschlei\u00df und maximiert gleichzeitig die Motorleistung und Kraftstoffeffizienz. Angereichert mit einer pr\u00e4zisen Additivmischung, die f\u00fcr bessere thermische Stabilit\u00e4t, Oxidationsbest\u00e4ndigkeit und Viskosit\u00e4tskontrolle sorgt und selbst unter extremen Betriebsbedingungen eine optimale Schmierung gew\u00e4hrleistet. <\/p>\n\n\n<div class=\"gb-grid-wrapper gb-grid-wrapper-bd7be120\">\n<div class=\"gb-grid-column gb-grid-column-1de00515\"><div class=\"gb-container gb-container-1de00515\">\n\n<a class=\"gb-button gb-button-c041ac70 gb-button-text\" href=\"https:\/\/lucasoil.co.uk\/motor-oil\/\">LERNEN MEHR<\/a>\n\n<\/div><\/div>\n\n<div class=\"gb-grid-column gb-grid-column-a9b73b2d\"><div class=\"gb-container gb-container-a9b73b2d\">\n\n<a class=\"gb-button gb-button-f9daf2d3 gb-button-text\" href=\"https:\/\/lucasoil.co.uk\/where-to-buy\/\">KAUFEN ONLINE<\/a>\n\n<\/div><\/div>\n\n<div class=\"gb-grid-column gb-grid-column-ee029d5c\"><div class=\"gb-container gb-container-ee029d5c\">\n\n<a class=\"gb-button gb-button-9d6dd905 gb-button-text\" href=\"https:\/\/lucasoil.co.uk\/where-to-buy\/\">FINDEN IM SHOP<\/a>\n\n<\/div><\/div>\n<\/div><\/div>\n<\/div>\n\n<\/div>","protected":false},"excerpt":{"rendered":"<p>H\u00d6REN SIE, WAS UNSERE KUNDEN ZU SAGEN HABEN Lucas Oil Products wurde 1989 mit der einfachen Philosophie gegr\u00fcndet, die besten Schmierstoffe und Additive herzustellen, die es auf dem Markt gibt. Wir glauben an diese Philosophie und produzieren auch heute noch die besten \u00d6lprodukte, die weltweit erh\u00e4ltlich sind. Glauben Sie uns nicht einfach blind. Klicken Sie [&hellip;]<\/p>\n","protected":false},"author":1,"featured_media":0,"parent":31345,"menu_order":0,"comment_status":"closed","ping_status":"closed","template":"category-testimonial-motoroil.php","meta":{"_acf_changed":false,"footnotes":""},"class_list":["post-31503","page","type-page","status-publish","hentry"],"acf":[],"_links":{"self":[{"href":"https:\/\/lucasoil.co.uk\/de\/wp-json\/wp\/v2\/pages\/31503","targetHints":{"allow":["GET"]}}],"collection":[{"href":"https:\/\/lucasoil.co.uk\/de\/wp-json\/wp\/v2\/pages"}],"about":[{"href":"https:\/\/lucasoil.co.uk\/de\/wp-json\/wp\/v2\/types\/page"}],"author":[{"embeddable":true,"href":"https:\/\/lucasoil.co.uk\/de\/wp-json\/wp\/v2\/users\/1"}],"replies":[{"embeddable":true,"href":"https:\/\/lucasoil.co.uk\/de\/wp-json\/wp\/v2\/comments?post=31503"}],"version-history":[{"count":1,"href":"https:\/\/lucasoil.co.uk\/de\/wp-json\/wp\/v2\/pages\/31503\/revisions"}],"predecessor-version":[{"id":31505,"href":"https:\/\/lucasoil.co.uk\/de\/wp-json\/wp\/v2\/pages\/31503\/revisions\/31505"}],"up":[{"embeddable":true,"href":"https:\/\/lucasoil.co.uk\/de\/wp-json\/wp\/v2\/pages\/31345"}],"wp:attachment":[{"href":"https:\/\/lucasoil.co.uk\/de\/wp-json\/wp\/v2\/media?parent=31503"}],"curies":[{"name":"wp","href":"https:\/\/api.w.org\/{rel}","templated":true}]}}