{"id":31639,"date":"2024-04-18T16:20:13","date_gmt":"2024-04-18T20:20:13","guid":{"rendered":"https:\/\/lucasoil.co.uk\/kategorie-getriebeoel\/"},"modified":"2025-12-08T15:44:38","modified_gmt":"2025-12-08T20:44:38","slug":"kategorie-getriebeoel","status":"publish","type":"page","link":"https:\/\/lucasoil.co.uk\/de\/kategorie-getriebeoel\/","title":{"rendered":"Kategorie: Getriebe\u00f6l"},"content":{"rendered":"\n<h2 class=\"gb-headline gb-headline-36a1cb81 gb-headline-text\">Getriebe\u00f6l<\/h2>\n\n<p>Das mit hochwertigsten Additiven formulierte und in verschiedenen Viskosit\u00e4ten erh\u00e4ltliche Getriebe\u00f6l von Lucas bietet au\u00dfergew\u00f6hnlichen Schutz vor Verschlei\u00df, Hitze und Korrosion und gew\u00e4hrleistet eine l\u00e4ngere Lebensdauer der Getriebe. Es genie\u00dft in der Industrie, im Schwerlastbereich und im Hochleistungsbereich aufgrund seiner \u00fcberragenden Schaltf\u00e4higkeit und Langlebigkeit gro\u00dfes Vertrauen. <\/p>\n","protected":false},"excerpt":{"rendered":"<p>Getriebe\u00f6l Das mit hochwertigsten Additiven formulierte und in verschiedenen Viskosit\u00e4ten erh\u00e4ltliche Getriebe\u00f6l von Lucas bietet au\u00dfergew\u00f6hnlichen Schutz vor Verschlei\u00df, Hitze und Korrosion und gew\u00e4hrleistet eine l\u00e4ngere Lebensdauer der Getriebe. Es genie\u00dft in der Industrie, im Schwerlastbereich und im Hochleistungsbereich aufgrund seiner \u00fcberragenden Schaltf\u00e4higkeit und Langlebigkeit gro\u00dfes Vertrauen.<\/p>\n","protected":false},"author":1,"featured_media":0,"parent":0,"menu_order":0,"comment_status":"closed","ping_status":"closed","template":"category-gear-oil.php","meta":{"_acf_changed":false,"footnotes":""},"class_list":["post-31639","page","type-page","status-publish","hentry"],"acf":[],"_links":{"self":[{"href":"https:\/\/lucasoil.co.uk\/de\/wp-json\/wp\/v2\/pages\/31639","targetHints":{"allow":["GET"]}}],"collection":[{"href":"https:\/\/lucasoil.co.uk\/de\/wp-json\/wp\/v2\/pages"}],"about":[{"href":"https:\/\/lucasoil.co.uk\/de\/wp-json\/wp\/v2\/types\/page"}],"author":[{"embeddable":true,"href":"https:\/\/lucasoil.co.uk\/de\/wp-json\/wp\/v2\/users\/1"}],"replies":[{"embeddable":true,"href":"https:\/\/lucasoil.co.uk\/de\/wp-json\/wp\/v2\/comments?post=31639"}],"version-history":[{"count":1,"href":"https:\/\/lucasoil.co.uk\/de\/wp-json\/wp\/v2\/pages\/31639\/revisions"}],"predecessor-version":[{"id":31640,"href":"https:\/\/lucasoil.co.uk\/de\/wp-json\/wp\/v2\/pages\/31639\/revisions\/31640"}],"wp:attachment":[{"href":"https:\/\/lucasoil.co.uk\/de\/wp-json\/wp\/v2\/media?parent=31639"}],"curies":[{"name":"wp","href":"https:\/\/api.w.org\/{rel}","templated":true}]}}