{"id":31643,"date":"2024-04-18T16:33:48","date_gmt":"2024-04-18T20:33:48","guid":{"rendered":"https:\/\/lucasoil.co.uk\/kategorie-getriebe\/"},"modified":"2025-12-08T15:54:38","modified_gmt":"2025-12-08T20:54:38","slug":"kategorie-getriebe","status":"publish","type":"page","link":"https:\/\/lucasoil.co.uk\/de\/kategorie-getriebe\/","title":{"rendered":"Kategorie: Getriebe"},"content":{"rendered":"\n<h2 class=\"gb-headline gb-headline-4050bdb5 gb-headline-text\">Getriebe<\/h2>\n\n<p>Speziell entwickelte Mischungen verhindern Rattern, Verrutschen, Leckagen, Verschlei\u00df und ruckartige Gangwechsel und verl\u00e4ngern die Lebensdauer des Getriebes in einer Vielzahl von Anwendungen erheblich. Die Getriebeprodukte von Lucas sind ideal f\u00fcr verschlissene Getriebe, landwirtschaftliche Ger\u00e4te, PKWs, Rasenm\u00e4her, Schwerlast-LKWs und andere Fahrzeuge und bieten eine zuverl\u00e4ssige L\u00f6sung f\u00fcr sanftere und zuverl\u00e4ssigere Gangwechsel. <\/p>\n","protected":false},"excerpt":{"rendered":"<p>Getriebe Speziell entwickelte Mischungen verhindern Rattern, Verrutschen, Leckagen, Verschlei\u00df und ruckartige Gangwechsel und verl\u00e4ngern die Lebensdauer des Getriebes in einer Vielzahl von Anwendungen erheblich. Die Getriebeprodukte von Lucas sind ideal f\u00fcr verschlissene Getriebe, landwirtschaftliche Ger\u00e4te, PKWs, Rasenm\u00e4her, Schwerlast-LKWs und andere Fahrzeuge und bieten eine zuverl\u00e4ssige L\u00f6sung f\u00fcr sanftere und zuverl\u00e4ssigere Gangwechsel.<\/p>\n","protected":false},"author":1,"featured_media":0,"parent":0,"menu_order":0,"comment_status":"closed","ping_status":"closed","template":"category-transmission.php","meta":{"_acf_changed":false,"footnotes":""},"class_list":["post-31643","page","type-page","status-publish","hentry"],"acf":[],"_links":{"self":[{"href":"https:\/\/lucasoil.co.uk\/de\/wp-json\/wp\/v2\/pages\/31643","targetHints":{"allow":["GET"]}}],"collection":[{"href":"https:\/\/lucasoil.co.uk\/de\/wp-json\/wp\/v2\/pages"}],"about":[{"href":"https:\/\/lucasoil.co.uk\/de\/wp-json\/wp\/v2\/types\/page"}],"author":[{"embeddable":true,"href":"https:\/\/lucasoil.co.uk\/de\/wp-json\/wp\/v2\/users\/1"}],"replies":[{"embeddable":true,"href":"https:\/\/lucasoil.co.uk\/de\/wp-json\/wp\/v2\/comments?post=31643"}],"version-history":[{"count":1,"href":"https:\/\/lucasoil.co.uk\/de\/wp-json\/wp\/v2\/pages\/31643\/revisions"}],"predecessor-version":[{"id":31644,"href":"https:\/\/lucasoil.co.uk\/de\/wp-json\/wp\/v2\/pages\/31643\/revisions\/31644"}],"wp:attachment":[{"href":"https:\/\/lucasoil.co.uk\/de\/wp-json\/wp\/v2\/media?parent=31643"}],"curies":[{"name":"wp","href":"https:\/\/api.w.org\/{rel}","templated":true}]}}