{"id":31645,"date":"2024-04-18T16:30:32","date_gmt":"2024-04-18T20:30:32","guid":{"rendered":"https:\/\/lucasoil.co.uk\/kategorie-problemloeser-und-dienstprogramme\/"},"modified":"2025-12-08T15:55:48","modified_gmt":"2025-12-08T20:55:48","slug":"kategorie-problemloeser-und-dienstprogramme","status":"publish","type":"page","link":"https:\/\/lucasoil.co.uk\/de\/kategorie-problemloeser-und-dienstprogramme\/","title":{"rendered":"Kategorie: Probleml\u00f6ser und Dienstprogramme"},"content":{"rendered":"\n<h2 class=\"gb-headline gb-headline-fd5929ca gb-headline-text\">Probleml\u00f6ser und Dienstprogramme<\/h2>\n\n<p>Diese Probleml\u00f6sungsprodukte wurden entwickelt, um Ihre schwierigsten Probleme mit Fahrzeugen oder Ger\u00e4ten zu beheben. Ob Sie mit einer Undichtigkeit, einem quietschenden Getriebe, Komplikationen im Kraftstoffsystem, Problemen mit der Servolenkung, schwerg\u00e4ngigen Schaltvorg\u00e4ngen, verringertem Kraftstoffverbrauch, einem platten Reifen oder anderen Problemen zu k\u00e4mpfen haben \u2013 Millionen von Fahrern vertrauen auf Lucas-Produkte, um wieder sicher auf die Stra\u00dfe zu kommen. Wenn Ihr Fahrzeug ein Problem hat, probieren Sie zuerst Lucas aus.  <\/p>\n","protected":false},"excerpt":{"rendered":"<p>Probleml\u00f6ser und Dienstprogramme Diese Probleml\u00f6sungsprodukte wurden entwickelt, um Ihre schwierigsten Probleme mit Fahrzeugen oder Ger\u00e4ten zu beheben. Ob Sie mit einer Undichtigkeit, einem quietschenden Getriebe, Komplikationen im Kraftstoffsystem, Problemen mit der Servolenkung, schwerg\u00e4ngigen Schaltvorg\u00e4ngen, verringertem Kraftstoffverbrauch, einem platten Reifen oder anderen Problemen zu k\u00e4mpfen haben \u2013 Millionen von Fahrern vertrauen auf Lucas-Produkte, um wieder sicher [&hellip;]<\/p>\n","protected":false},"author":1,"featured_media":0,"parent":0,"menu_order":0,"comment_status":"closed","ping_status":"closed","template":"category-problem-solvers.php","meta":{"_acf_changed":false,"footnotes":""},"class_list":["post-31645","page","type-page","status-publish","hentry"],"acf":[],"_links":{"self":[{"href":"https:\/\/lucasoil.co.uk\/de\/wp-json\/wp\/v2\/pages\/31645","targetHints":{"allow":["GET"]}}],"collection":[{"href":"https:\/\/lucasoil.co.uk\/de\/wp-json\/wp\/v2\/pages"}],"about":[{"href":"https:\/\/lucasoil.co.uk\/de\/wp-json\/wp\/v2\/types\/page"}],"author":[{"embeddable":true,"href":"https:\/\/lucasoil.co.uk\/de\/wp-json\/wp\/v2\/users\/1"}],"replies":[{"embeddable":true,"href":"https:\/\/lucasoil.co.uk\/de\/wp-json\/wp\/v2\/comments?post=31645"}],"version-history":[{"count":1,"href":"https:\/\/lucasoil.co.uk\/de\/wp-json\/wp\/v2\/pages\/31645\/revisions"}],"predecessor-version":[{"id":31646,"href":"https:\/\/lucasoil.co.uk\/de\/wp-json\/wp\/v2\/pages\/31645\/revisions\/31646"}],"wp:attachment":[{"href":"https:\/\/lucasoil.co.uk\/de\/wp-json\/wp\/v2\/media?parent=31645"}],"curies":[{"name":"wp","href":"https:\/\/api.w.org\/{rel}","templated":true}]}}