{"id":31647,"date":"2024-04-18T16:26:12","date_gmt":"2024-04-18T20:26:12","guid":{"rendered":"https:\/\/lucasoil.co.uk\/kategorie-motor-oel\/"},"modified":"2025-12-08T15:56:32","modified_gmt":"2025-12-08T20:56:32","slug":"kategorie-motor-oel","status":"publish","type":"page","link":"https:\/\/lucasoil.co.uk\/de\/kategorie-motor-oel\/","title":{"rendered":"Kategorie: Motor \u00d6l"},"content":{"rendered":"\n<h2 class=\"gb-headline gb-headline-3b383f98 gb-headline-text\">MOTOR\u00d6L<\/h2>\n\n<p>Ultimative Leistung und Schutz f\u00fcr alle Motortypen \u2013 diese fortschrittliche, umfassende Produktreihe hochwertiger Motor\u00f6le bietet hervorragende Schmierleistung, reduziert Reibung und Verschlei\u00df und maximiert gleichzeitig die Motorleistung und Kraftstoffeffizienz. Angereichert mit einer pr\u00e4zisen Additivmischung, die f\u00fcr bessere thermische Stabilit\u00e4t, Oxidationsbest\u00e4ndigkeit und Viskosit\u00e4tskontrolle sorgt und selbst unter extremen Betriebsbedingungen eine optimale Schmierung gew\u00e4hrleistet. <\/p>\n","protected":false},"excerpt":{"rendered":"<p>MOTOR\u00d6L Ultimative Leistung und Schutz f\u00fcr alle Motortypen \u2013 diese fortschrittliche, umfassende Produktreihe hochwertiger Motor\u00f6le bietet hervorragende Schmierleistung, reduziert Reibung und Verschlei\u00df und maximiert gleichzeitig die Motorleistung und Kraftstoffeffizienz. Angereichert mit einer pr\u00e4zisen Additivmischung, die f\u00fcr bessere thermische Stabilit\u00e4t, Oxidationsbest\u00e4ndigkeit und Viskosit\u00e4tskontrolle sorgt und selbst unter extremen Betriebsbedingungen eine optimale Schmierung gew\u00e4hrleistet.<\/p>\n","protected":false},"author":1,"featured_media":0,"parent":0,"menu_order":0,"comment_status":"closed","ping_status":"closed","template":"category-motor-oil.php","meta":{"_acf_changed":false,"footnotes":""},"class_list":["post-31647","page","type-page","status-publish","hentry"],"acf":[],"_links":{"self":[{"href":"https:\/\/lucasoil.co.uk\/de\/wp-json\/wp\/v2\/pages\/31647","targetHints":{"allow":["GET"]}}],"collection":[{"href":"https:\/\/lucasoil.co.uk\/de\/wp-json\/wp\/v2\/pages"}],"about":[{"href":"https:\/\/lucasoil.co.uk\/de\/wp-json\/wp\/v2\/types\/page"}],"author":[{"embeddable":true,"href":"https:\/\/lucasoil.co.uk\/de\/wp-json\/wp\/v2\/users\/1"}],"replies":[{"embeddable":true,"href":"https:\/\/lucasoil.co.uk\/de\/wp-json\/wp\/v2\/comments?post=31647"}],"version-history":[{"count":1,"href":"https:\/\/lucasoil.co.uk\/de\/wp-json\/wp\/v2\/pages\/31647\/revisions"}],"predecessor-version":[{"id":31648,"href":"https:\/\/lucasoil.co.uk\/de\/wp-json\/wp\/v2\/pages\/31647\/revisions\/31648"}],"wp:attachment":[{"href":"https:\/\/lucasoil.co.uk\/de\/wp-json\/wp\/v2\/media?parent=31647"}],"curies":[{"name":"wp","href":"https:\/\/api.w.org\/{rel}","templated":true}]}}