{"id":31649,"date":"2024-04-18T16:23:15","date_gmt":"2024-04-18T20:23:15","guid":{"rendered":"https:\/\/lucasoil.co.uk\/kategorie-hydraulik\/"},"modified":"2025-12-08T16:05:42","modified_gmt":"2025-12-08T21:05:42","slug":"kategorie-hydraulik","status":"publish","type":"page","link":"https:\/\/lucasoil.co.uk\/de\/kategorie-hydraulik\/","title":{"rendered":"Kategorie: Hydraulik"},"content":{"rendered":"\n<h2 class=\"gb-headline gb-headline-342cd95d gb-headline-text\">HYDRAULIK<\/h2>\n\n<p>Diese hochwirksamen Additive und Fl\u00fcssigkeiten bieten einen hervorragenden Verschlei\u00dfschutz in Hydrauliksystemen. Die Hydraulikfl\u00fcssigkeiten von Lucas erf\u00fcllen oder \u00fcbertreffen die strengsten OEM-Standards und sorgen f\u00fcr einen reibungslosen Maschinenbetrieb, reduzieren die Reibung und verl\u00e4ngern die Lebensdauer kritischer Hydraulikkomponenten, erh\u00f6hen die Lebensdauer der Fl\u00fcssigkeit, verhindern Leckagen und erh\u00f6hen den Hydraulikdruck. <\/p>\n","protected":false},"excerpt":{"rendered":"<p>HYDRAULIK Diese hochwirksamen Additive und Fl\u00fcssigkeiten bieten einen hervorragenden Verschlei\u00dfschutz in Hydrauliksystemen. Die Hydraulikfl\u00fcssigkeiten von Lucas erf\u00fcllen oder \u00fcbertreffen die strengsten OEM-Standards und sorgen f\u00fcr einen reibungslosen Maschinenbetrieb, reduzieren die Reibung und verl\u00e4ngern die Lebensdauer kritischer Hydraulikkomponenten, erh\u00f6hen die Lebensdauer der Fl\u00fcssigkeit, verhindern Leckagen und erh\u00f6hen den Hydraulikdruck.<\/p>\n","protected":false},"author":1,"featured_media":0,"parent":0,"menu_order":0,"comment_status":"closed","ping_status":"closed","template":"category-hydraulics.php","meta":{"_acf_changed":false,"footnotes":""},"class_list":["post-31649","page","type-page","status-publish","hentry"],"acf":[],"_links":{"self":[{"href":"https:\/\/lucasoil.co.uk\/de\/wp-json\/wp\/v2\/pages\/31649","targetHints":{"allow":["GET"]}}],"collection":[{"href":"https:\/\/lucasoil.co.uk\/de\/wp-json\/wp\/v2\/pages"}],"about":[{"href":"https:\/\/lucasoil.co.uk\/de\/wp-json\/wp\/v2\/types\/page"}],"author":[{"embeddable":true,"href":"https:\/\/lucasoil.co.uk\/de\/wp-json\/wp\/v2\/users\/1"}],"replies":[{"embeddable":true,"href":"https:\/\/lucasoil.co.uk\/de\/wp-json\/wp\/v2\/comments?post=31649"}],"version-history":[{"count":1,"href":"https:\/\/lucasoil.co.uk\/de\/wp-json\/wp\/v2\/pages\/31649\/revisions"}],"predecessor-version":[{"id":31650,"href":"https:\/\/lucasoil.co.uk\/de\/wp-json\/wp\/v2\/pages\/31649\/revisions\/31650"}],"wp:attachment":[{"href":"https:\/\/lucasoil.co.uk\/de\/wp-json\/wp\/v2\/media?parent=31649"}],"curies":[{"name":"wp","href":"https:\/\/api.w.org\/{rel}","templated":true}]}}