{"id":31651,"date":"2024-04-18T16:19:24","date_gmt":"2024-04-18T20:19:24","guid":{"rendered":"https:\/\/lucasoil.co.uk\/kategorie-fett\/"},"modified":"2025-12-08T16:06:49","modified_gmt":"2025-12-08T21:06:49","slug":"kategorie-fett","status":"publish","type":"page","link":"https:\/\/lucasoil.co.uk\/de\/kategorie-fett\/","title":{"rendered":"Kategorie: Fett"},"content":{"rendered":"\n<h2 class=\"wp-block-heading\">FETT<\/h2>\n\n<p>Unser hochwertiges Schmierfett bietet au\u00dfergew\u00f6hnlichen Schutz und lang anhaltende Leistung und sorgt f\u00fcr einen reibungslosen Betrieb und reduzierte Reibung. Mit Formeln, die mit \u00fcberlegener Wasserbest\u00e4ndigkeit, Verschlei\u00dfschutzmitteln, Rost- und Oxidationsinhibitoren angereichert sind, sorgt Lucas Oil Fett daf\u00fcr, dass Ihre Maschinen reibungslos laufen, verhindert Verschlei\u00df und verl\u00e4ngert die Lebensdauer Ihrer Ger\u00e4te. <\/p>\n","protected":false},"excerpt":{"rendered":"<p>FETT Unser hochwertiges Schmierfett bietet au\u00dfergew\u00f6hnlichen Schutz und lang anhaltende Leistung und sorgt f\u00fcr einen reibungslosen Betrieb und reduzierte Reibung. Mit Formeln, die mit \u00fcberlegener Wasserbest\u00e4ndigkeit, Verschlei\u00dfschutzmitteln, Rost- und Oxidationsinhibitoren angereichert sind, sorgt Lucas Oil Fett daf\u00fcr, dass Ihre Maschinen reibungslos laufen, verhindert Verschlei\u00df und verl\u00e4ngert die Lebensdauer Ihrer Ger\u00e4te.<\/p>\n","protected":false},"author":1,"featured_media":0,"parent":0,"menu_order":0,"comment_status":"closed","ping_status":"closed","template":"category-grease.php","meta":{"_acf_changed":false,"footnotes":""},"class_list":["post-31651","page","type-page","status-publish","hentry"],"acf":[],"_links":{"self":[{"href":"https:\/\/lucasoil.co.uk\/de\/wp-json\/wp\/v2\/pages\/31651","targetHints":{"allow":["GET"]}}],"collection":[{"href":"https:\/\/lucasoil.co.uk\/de\/wp-json\/wp\/v2\/pages"}],"about":[{"href":"https:\/\/lucasoil.co.uk\/de\/wp-json\/wp\/v2\/types\/page"}],"author":[{"embeddable":true,"href":"https:\/\/lucasoil.co.uk\/de\/wp-json\/wp\/v2\/users\/1"}],"replies":[{"embeddable":true,"href":"https:\/\/lucasoil.co.uk\/de\/wp-json\/wp\/v2\/comments?post=31651"}],"version-history":[{"count":1,"href":"https:\/\/lucasoil.co.uk\/de\/wp-json\/wp\/v2\/pages\/31651\/revisions"}],"predecessor-version":[{"id":31652,"href":"https:\/\/lucasoil.co.uk\/de\/wp-json\/wp\/v2\/pages\/31651\/revisions\/31652"}],"wp:attachment":[{"href":"https:\/\/lucasoil.co.uk\/de\/wp-json\/wp\/v2\/media?parent=31651"}],"curies":[{"name":"wp","href":"https:\/\/api.w.org\/{rel}","templated":true}]}}