{"id":31653,"date":"2024-04-18T16:02:22","date_gmt":"2024-04-18T20:02:22","guid":{"rendered":"https:\/\/lucasoil.co.uk\/kategorie-motoroeladditive\/"},"modified":"2025-12-08T16:07:19","modified_gmt":"2025-12-08T21:07:19","slug":"kategorie-motoroeladditive","status":"publish","type":"page","link":"https:\/\/lucasoil.co.uk\/de\/kategorie-motoroeladditive\/","title":{"rendered":"Kategorie: Motor\u00f6ladditive"},"content":{"rendered":"\n<h2 class=\"gb-headline gb-headline-83e05498 gb-headline-text\">MOTOR \u00d6L ADDITIVE<\/h2>\n\n<p>\u00d6ladditive tragen dazu bei, Reibung und Verschlei\u00df zu reduzieren, die Lebensdauer von Motorkomponenten zu verl\u00e4ngern und einen ruhigeren Betrieb zu gew\u00e4hrleisten. Additive von Lucas k\u00f6nnen den Kraftstoffverbrauch senken, die Sauberkeit des Motors durch Verhinderung von Ablagerungen verbessern und einen besseren Schutz vor Oxidation und Korrosion bieten, wodurch die Gesamtleistung und Effizienz des Fahrzeugs verbessert wird. Mit speziellen Mischungen f\u00fcr Anwendungen wie Motor-Einlauf, hohe Laufleistung, Schwerlast oder Importe finden Sie das beste Additiv f\u00fcr Ihre Anforderungen.  <\/p>\n","protected":false},"excerpt":{"rendered":"<p>MOTOR \u00d6L ADDITIVE \u00d6ladditive tragen dazu bei, Reibung und Verschlei\u00df zu reduzieren, die Lebensdauer von Motorkomponenten zu verl\u00e4ngern und einen ruhigeren Betrieb zu gew\u00e4hrleisten. Additive von Lucas k\u00f6nnen den Kraftstoffverbrauch senken, die Sauberkeit des Motors durch Verhinderung von Ablagerungen verbessern und einen besseren Schutz vor Oxidation und Korrosion bieten, wodurch die Gesamtleistung und Effizienz des [&hellip;]<\/p>\n","protected":false},"author":1,"featured_media":0,"parent":0,"menu_order":0,"comment_status":"closed","ping_status":"closed","template":"category-engine-oil-additives.php","meta":{"_acf_changed":false,"footnotes":""},"class_list":["post-31653","page","type-page","status-publish","hentry"],"acf":[],"_links":{"self":[{"href":"https:\/\/lucasoil.co.uk\/de\/wp-json\/wp\/v2\/pages\/31653","targetHints":{"allow":["GET"]}}],"collection":[{"href":"https:\/\/lucasoil.co.uk\/de\/wp-json\/wp\/v2\/pages"}],"about":[{"href":"https:\/\/lucasoil.co.uk\/de\/wp-json\/wp\/v2\/types\/page"}],"author":[{"embeddable":true,"href":"https:\/\/lucasoil.co.uk\/de\/wp-json\/wp\/v2\/users\/1"}],"replies":[{"embeddable":true,"href":"https:\/\/lucasoil.co.uk\/de\/wp-json\/wp\/v2\/comments?post=31653"}],"version-history":[{"count":1,"href":"https:\/\/lucasoil.co.uk\/de\/wp-json\/wp\/v2\/pages\/31653\/revisions"}],"predecessor-version":[{"id":31654,"href":"https:\/\/lucasoil.co.uk\/de\/wp-json\/wp\/v2\/pages\/31653\/revisions\/31654"}],"wp:attachment":[{"href":"https:\/\/lucasoil.co.uk\/de\/wp-json\/wp\/v2\/media?parent=31653"}],"curies":[{"name":"wp","href":"https:\/\/api.w.org\/{rel}","templated":true}]}}