{"id":31655,"date":"2024-04-18T12:36:52","date_gmt":"2024-04-18T16:36:52","guid":{"rendered":"https:\/\/lucasoil.co.uk\/kategorie-schmierstoffe-fuer-motorenhersteller\/"},"modified":"2025-12-08T16:07:48","modified_gmt":"2025-12-08T21:07:48","slug":"kategorie-schmierstoffe-fuer-motorenhersteller","status":"publish","type":"page","link":"https:\/\/lucasoil.co.uk\/de\/kategorie-schmierstoffe-fuer-motorenhersteller\/","title":{"rendered":"Kategorie: Schmierstoffe f\u00fcr Motorenhersteller"},"content":{"rendered":"\n<h2 class=\"gb-headline gb-headline-f95c103c gb-headline-text\">MOTOR HERSTELLER SCHMIERMITTEL<\/h2>\n\n<p>Diese Schmierstoffe wurden speziell zur Verringerung von Reibung, Verschlei\u00df und Hitze entwickelt und bieten au\u00dfergew\u00f6hnlichen Schutz f\u00fcr kritische Motorkomponenten. Ideale Produkte f\u00fcr Mechaniker, die einen neuen Motor einfahren, Lager, St\u00f6\u00dfel und Ventile schmieren und dabei besonderen Wert auf den Schutz von Motorteilen mit engen Toleranzen beim Start legen. <\/p>\n","protected":false},"excerpt":{"rendered":"<p>MOTOR HERSTELLER SCHMIERMITTEL Diese Schmierstoffe wurden speziell zur Verringerung von Reibung, Verschlei\u00df und Hitze entwickelt und bieten au\u00dfergew\u00f6hnlichen Schutz f\u00fcr kritische Motorkomponenten. Ideale Produkte f\u00fcr Mechaniker, die einen neuen Motor einfahren, Lager, St\u00f6\u00dfel und Ventile schmieren und dabei besonderen Wert auf den Schutz von Motorteilen mit engen Toleranzen beim Start legen.<\/p>\n","protected":false},"author":1,"featured_media":0,"parent":0,"menu_order":0,"comment_status":"closed","ping_status":"closed","template":"category-engine-builder-lubricants.php","meta":{"_acf_changed":false,"footnotes":""},"class_list":["post-31655","page","type-page","status-publish","hentry"],"acf":[],"_links":{"self":[{"href":"https:\/\/lucasoil.co.uk\/de\/wp-json\/wp\/v2\/pages\/31655","targetHints":{"allow":["GET"]}}],"collection":[{"href":"https:\/\/lucasoil.co.uk\/de\/wp-json\/wp\/v2\/pages"}],"about":[{"href":"https:\/\/lucasoil.co.uk\/de\/wp-json\/wp\/v2\/types\/page"}],"author":[{"embeddable":true,"href":"https:\/\/lucasoil.co.uk\/de\/wp-json\/wp\/v2\/users\/1"}],"replies":[{"embeddable":true,"href":"https:\/\/lucasoil.co.uk\/de\/wp-json\/wp\/v2\/comments?post=31655"}],"version-history":[{"count":1,"href":"https:\/\/lucasoil.co.uk\/de\/wp-json\/wp\/v2\/pages\/31655\/revisions"}],"predecessor-version":[{"id":31656,"href":"https:\/\/lucasoil.co.uk\/de\/wp-json\/wp\/v2\/pages\/31655\/revisions\/31656"}],"wp:attachment":[{"href":"https:\/\/lucasoil.co.uk\/de\/wp-json\/wp\/v2\/media?parent=31655"}],"curies":[{"name":"wp","href":"https:\/\/api.w.org\/{rel}","templated":true}]}}