{"id":31657,"date":"2024-04-18T12:32:49","date_gmt":"2024-04-18T16:32:49","guid":{"rendered":"https:\/\/lucasoil.co.uk\/kategorie-aussehen\/"},"modified":"2025-12-08T16:08:58","modified_gmt":"2025-12-08T21:08:58","slug":"kategorie-aussehen","status":"publish","type":"page","link":"https:\/\/lucasoil.co.uk\/de\/kategorie-aussehen\/","title":{"rendered":"Kategorie: Aussehen"},"content":{"rendered":"\n<h2 class=\"gb-headline gb-headline-d4641e6d gb-headline-text\">AUSSEHEN<\/h2>\n\n<p>Verbessern Sie das Aussehen Ihres Fahrzeugs mit den Produkten von Lucas. Von hochgl\u00e4nzendem Reifenglanz bis hin zu Keramik-Schnellwachs liefern unsere Produkte professionelle Ergebnisse, die sich leicht erzielen lassen. Stellen Sie den Glanz wieder her, reinigen Sie Ihr Fahrzeug und sch\u00fctzen Sie es vor UV-Sch\u00e4den mit Pflegeprodukten, die ein lang anhaltendes Finish bieten, sich hervorragend f\u00fcr Autos, Lkw und Boote eignen und sicher auf Vinylfolien, Aufklebern, Leder, Kunststoff- oder Aluminiumoberfl\u00e4chen verwendet werden k\u00f6nnen.  <\/p>\n","protected":false},"excerpt":{"rendered":"<p>AUSSEHEN Verbessern Sie das Aussehen Ihres Fahrzeugs mit den Produkten von Lucas. Von hochgl\u00e4nzendem Reifenglanz bis hin zu Keramik-Schnellwachs liefern unsere Produkte professionelle Ergebnisse, die sich leicht erzielen lassen. Stellen Sie den Glanz wieder her, reinigen Sie Ihr Fahrzeug und sch\u00fctzen Sie es vor UV-Sch\u00e4den mit Pflegeprodukten, die ein lang anhaltendes Finish bieten, sich hervorragend [&hellip;]<\/p>\n","protected":false},"author":1,"featured_media":0,"parent":0,"menu_order":0,"comment_status":"closed","ping_status":"closed","template":"category-appearance.php","meta":{"_acf_changed":false,"footnotes":""},"class_list":["post-31657","page","type-page","status-publish","hentry"],"acf":[],"_links":{"self":[{"href":"https:\/\/lucasoil.co.uk\/de\/wp-json\/wp\/v2\/pages\/31657","targetHints":{"allow":["GET"]}}],"collection":[{"href":"https:\/\/lucasoil.co.uk\/de\/wp-json\/wp\/v2\/pages"}],"about":[{"href":"https:\/\/lucasoil.co.uk\/de\/wp-json\/wp\/v2\/types\/page"}],"author":[{"embeddable":true,"href":"https:\/\/lucasoil.co.uk\/de\/wp-json\/wp\/v2\/users\/1"}],"replies":[{"embeddable":true,"href":"https:\/\/lucasoil.co.uk\/de\/wp-json\/wp\/v2\/comments?post=31657"}],"version-history":[{"count":1,"href":"https:\/\/lucasoil.co.uk\/de\/wp-json\/wp\/v2\/pages\/31657\/revisions"}],"predecessor-version":[{"id":31658,"href":"https:\/\/lucasoil.co.uk\/de\/wp-json\/wp\/v2\/pages\/31657\/revisions\/31658"}],"wp:attachment":[{"href":"https:\/\/lucasoil.co.uk\/de\/wp-json\/wp\/v2\/media?parent=31657"}],"curies":[{"name":"wp","href":"https:\/\/api.w.org\/{rel}","templated":true}]}}