{"id":31659,"date":"2024-04-18T12:17:03","date_gmt":"2024-04-18T16:17:03","guid":{"rendered":"https:\/\/lucasoil.co.uk\/kategorie-alle-produkte\/"},"modified":"2025-12-08T16:09:29","modified_gmt":"2025-12-08T21:09:29","slug":"kategorie-alle-produkte","status":"publish","type":"page","link":"https:\/\/lucasoil.co.uk\/de\/kategorie-alle-produkte\/","title":{"rendered":"Kategorie: Alle Produkte"},"content":{"rendered":"\n<h2 class=\"gb-headline gb-headline-e0b25bca gb-headline-text\">ALLE PRODUKTE<\/h2>\n\n<p>Entdecken Sie die Kraft, Leistung und Zuverl\u00e4ssigkeit der Produkte von Lucas Oil. Rennteams, Mechaniker, Lkw-Fahrer, Oldtimer-Besitzer, Landwirte, Betreiber von Industriemaschinen und Familien vertrauen auf die hochwertigen Kraftstoffzus\u00e4tze, \u00d6lzus\u00e4tze und weiteren Produkte, die Motoren sch\u00fctzen, die Leistung steigern, die Effizienz verbessern und Ihnen ein sicheres Fahrgef\u00fchl geben. <\/p>\n","protected":false},"excerpt":{"rendered":"<p>ALLE PRODUKTE Entdecken Sie die Kraft, Leistung und Zuverl\u00e4ssigkeit der Produkte von Lucas Oil. Rennteams, Mechaniker, Lkw-Fahrer, Oldtimer-Besitzer, Landwirte, Betreiber von Industriemaschinen und Familien vertrauen auf die hochwertigen Kraftstoffzus\u00e4tze, \u00d6lzus\u00e4tze und weiteren Produkte, die Motoren sch\u00fctzen, die Leistung steigern, die Effizienz verbessern und Ihnen ein sicheres Fahrgef\u00fchl geben.<\/p>\n","protected":false},"author":1,"featured_media":0,"parent":0,"menu_order":0,"comment_status":"closed","ping_status":"closed","template":"category-all.php","meta":{"_acf_changed":false,"footnotes":""},"class_list":["post-31659","page","type-page","status-publish","hentry"],"acf":[],"_links":{"self":[{"href":"https:\/\/lucasoil.co.uk\/de\/wp-json\/wp\/v2\/pages\/31659","targetHints":{"allow":["GET"]}}],"collection":[{"href":"https:\/\/lucasoil.co.uk\/de\/wp-json\/wp\/v2\/pages"}],"about":[{"href":"https:\/\/lucasoil.co.uk\/de\/wp-json\/wp\/v2\/types\/page"}],"author":[{"embeddable":true,"href":"https:\/\/lucasoil.co.uk\/de\/wp-json\/wp\/v2\/users\/1"}],"replies":[{"embeddable":true,"href":"https:\/\/lucasoil.co.uk\/de\/wp-json\/wp\/v2\/comments?post=31659"}],"version-history":[{"count":1,"href":"https:\/\/lucasoil.co.uk\/de\/wp-json\/wp\/v2\/pages\/31659\/revisions"}],"predecessor-version":[{"id":31660,"href":"https:\/\/lucasoil.co.uk\/de\/wp-json\/wp\/v2\/pages\/31659\/revisions\/31660"}],"wp:attachment":[{"href":"https:\/\/lucasoil.co.uk\/de\/wp-json\/wp\/v2\/media?parent=31659"}],"curies":[{"name":"wp","href":"https:\/\/api.w.org\/{rel}","templated":true}]}}