{"id":31661,"date":"2024-01-24T16:08:03","date_gmt":"2024-01-24T21:08:03","guid":{"rendered":"https:\/\/lucasoil.co.uk\/unsere-geschichte\/"},"modified":"2025-12-08T16:19:04","modified_gmt":"2025-12-08T21:19:04","slug":"unsere-geschichte","status":"publish","type":"page","link":"https:\/\/lucasoil.co.uk\/de\/unsere-geschichte\/","title":{"rendered":"Unsere Geschichte"},"content":{"rendered":"<div class=\"gb-container gb-container-c2ccbf2a\">\n\n<div class=\"wp-block-columns is-layout-flex wp-container-core-columns-is-layout-9d6595d7 wp-block-columns-is-layout-flex\">\n<div class=\"wp-block-column is-layout-flow wp-block-column-is-layout-flow\" style=\"flex-basis:33.33%\"><div class=\"wp-block-image\">\n<figure class=\"aligncenter size-large\"><img loading=\"lazy\" decoding=\"async\" width=\"1024\" height=\"740\" src=\"https:\/\/lucasoil.co.uk:8888\/wp-content\/uploads\/2024\/01\/Forrest-and-Charlotte-lab-oil-test-1024x740.jpg\" alt=\"\" class=\"wp-image-14\" srcset=\"https:\/\/lucasoil.co.uk\/wp-content\/uploads\/2024\/01\/Forrest-and-Charlotte-lab-oil-test-1024x740.jpg 1024w, https:\/\/lucasoil.co.uk\/wp-content\/uploads\/2024\/01\/Forrest-and-Charlotte-lab-oil-test-300x217.jpg 300w, https:\/\/lucasoil.co.uk\/wp-content\/uploads\/2024\/01\/Forrest-and-Charlotte-lab-oil-test-768x555.jpg 768w, https:\/\/lucasoil.co.uk\/wp-content\/uploads\/2024\/01\/Forrest-and-Charlotte-lab-oil-test-1536x1110.jpg 1536w, https:\/\/lucasoil.co.uk\/wp-content\/uploads\/2024\/01\/Forrest-and-Charlotte-lab-oil-test-2048x1480.jpg 2048w\" sizes=\"auto, (max-width: 1024px) 100vw, 1024px\" \/><\/figure>\n<\/div>\n\n<div class=\"wp-block-image\">\n<figure class=\"aligncenter size-full\"><img loading=\"lazy\" decoding=\"async\" width=\"600\" height=\"400\" src=\"https:\/\/lucasoil.co.uk:8888\/wp-content\/uploads\/2024\/01\/Forrest-Lucas-10-24-2017-1.jpg\" alt=\"\" class=\"wp-image-20\" srcset=\"https:\/\/lucasoil.co.uk\/wp-content\/uploads\/2024\/01\/Forrest-Lucas-10-24-2017-1.jpg 600w, https:\/\/lucasoil.co.uk\/wp-content\/uploads\/2024\/01\/Forrest-Lucas-10-24-2017-1-300x200.jpg 300w\" sizes=\"auto, (max-width: 600px) 100vw, 600px\" \/><\/figure>\n<\/div><\/div>\n\n\n\n<div class=\"wp-block-column is-layout-flow wp-block-column-is-layout-flow\" style=\"flex-basis:66.66%\">\n<h2 class=\"gb-headline gb-headline-1860308c gb-headline-text ng-font\">Die Lucas-Geschichte<\/h2>\n\n\n\n<p><strong>Familiengef\u00fchrt, in den USA hergestellt, kundenorientiert<\/strong>: Lucas gl\u00e4nzt als stolze amerikanische Marke, die eine einzigartige Mischung aus famili\u00e4rer F\u00fchrung, Produktion in den USA, wissenschaftlich \u00fcberlegenen L\u00f6sungen und Engagement f\u00fcr die Gemeinschaft verk\u00f6rpert. <\/p>\n\n\n\n<p>In den letzten 35 Jahren haben wir den weltweiten Standard f\u00fcr hochwertige Motor\u00f6le, Additive, Optik- und Schmiermittelprodukte gesetzt \u2013 und damit Lebensstile in den Bereichen Automobil, Lkw, Schifffahrt, Outdoor, Motorsport, Industrie und Haushaltsprodukte gepr\u00e4gt. <\/p>\n\n\n\n<p>Unsere rasch wachsende globale Pr\u00e4senz wird unterstrichen durch modernste Forschung und a8&gt; Entwicklungsaktivit\u00e4ten operationen, sich weiterentwickelnde Einzelhandelskan\u00e4le und hochtechnologische Fertigung. Mehr als 300 hochwertige Produkte machen aus die gr\u00f6\u00dfte Auswahl an Regalprodukten von jedem \u00d6l Unternehmen in den Vereinigten Staaten mit einem Vertriebsnetz in a37&gt; in 48 L\u00e4ndern und Einzelh\u00e4ndler wie Amazon, Walmart, AutoZone, O\u2019Reilly Auto Parts, Advance Auto Parts, NAPA Auto Parts und viele weitere.  <\/p>\n\n\n\n<p><strong>Premium-Produkte, bew\u00e4hrte Leistung<\/strong>: Unsere Gr\u00fcnder Forrest und Charlotte Lucas begannen das Unternehmen mit der Entwicklung wirksamer, propriet\u00e4rer Formeln, die Motoren k\u00fchler und sauberer laufen lie\u00dfen und so die Zuverl\u00e4ssigkeit von Lkw-Flotten im ganzen Land maximierten. Seitdem vertrauen professionelle Rennfahrer aufgrund unserer Spitzenforschung und unserer Arbeit in einigen der renommiertesten Motorsportgemeinschaften der Welt auf Lucas-Motor\u00f6le, Additive\/Schmierstoffe und mehr, um ihren hohen Anforderungen gerecht zu werden. Das Engagement unserer dynamischen Marke, ultimative Leistungsl\u00f6sungen anzubieten, kommt allen Kunden und Partnern gleicherma\u00dfen zugute \u2013 von der Rennstrecke bis zur Stra\u00dfe kann jeder von unseren umfassenden Bem\u00fchungen profitieren, Probleme zu l\u00f6sen und die Leistung zu steigern.  <\/p>\n\n\n\n<p><strong>Produkte, die \u00fcberdurchschnittliche Leistung bieten: <\/strong>Nachdem wir jahrzehntelang unsere Widerstandsf\u00e4higkeit auf und abseits der Rennstrecke unter Beweis gestellt haben, sind wir zum Synonym f\u00fcr un\u00fcbertroffene Qualit\u00e4t und Leistung geworden. Unsere umfangreiche Produktpalette umfasst eine vielf\u00e4ltige Auswahl an Additiven, Motor\u00f6len, Getriebe\u00f6len, Schmiermitteln und Pflegeprodukten f\u00fcr Autos, Lastwagen, Gel\u00e4ndefahrzeuge, Boote, Motorr\u00e4der, Powersportger\u00e4te und Outdoor-Ausr\u00fcstung \u2013 im Grunde genommen f\u00fcr alles, was einen Motor hat, und noch viel mehr. <\/p>\n\n\n\n<p>Von wissenschaftlich fortschrittlichen, leistungsstarken Formeln bis hin zu praktischen Haushaltsl\u00f6sungen wie Metallpolitur f\u00fcr Ger\u00e4te und tief eindringendem \u00d6l \u2013 unsere Produkte sind die erste Wahl f\u00fcr Mechaniker, Lkw-Fahrer, Oldtimer-Besitzer, Landwirte, Fuhrparkmanager und Familien, die nur das Beste verlangen. Profis und Enthusiasten vertrauen gleicherma\u00dfen auf Lucas. <\/p>\n<\/div>\n<\/div>\n\n<\/div><div class=\"gb-container gb-container-5901ce4a\">\n<div class=\"gb-container gb-container-cf7ef6b6\">\n<div class=\"gb-grid-wrapper gb-grid-wrapper-9d32e17f wp-grid-full-width\">\n<div class=\"gb-grid-column gb-grid-column-5e94c381\"><div class=\"gb-container gb-container-5e94c381\">\n\n<p><strong>Das Familienerbe der Exzellenz weiterf\u00fchren:<\/strong> CEO Morgan Lucas und Pr\u00e4sidentin Katie Lucas verk\u00f6rpern unsere Familienkultur \u2013 sie f\u00fchren das bleibende Erbe fort, das von den Gr\u00fcndern unseres Unternehmens geschaffen wurde. Das engagierte Ehepaar treibt die Marke in die Zukunft und setzt sich gleichzeitig f\u00fcr unsere Werte, Innovation und das Streben nach Exzellenz ein, das sich in unseren Produkten und Mitarbeitern widerspiegelt. <\/p>\n\n\n\n<p>Gemeinsam konzentriert sich das Duo darauf, ein Probleml\u00f6sungsunternehmen mit fortschrittlichen L\u00f6sungen zu sein, das mit dem Gr\u00fcnder Forrest Lucas begann, der die Spielregeln in der Lkw-Flottenbranche ver\u00e4ndert hat. Sie bereiten Lucas Oil auf die kommenden Chancen und Herausforderungen in der sich st\u00e4ndig ver\u00e4ndernden Automobilindustrie vor und konzentrieren sich dabei weiterhin stark auf Beitr\u00e4ge f\u00fcr lokale und nationale gemeinn\u00fctzige Organisationen und verdienen sich Anerkennung in den Bereichen Unternehmensf\u00fchrung und gemeinn\u00fctzige Arbeit. <\/p>\n\n\n\n<p><strong>Eine Kultur des Zur\u00fcckgebens<\/strong>: Unser Team ist bestrebt, das Richtige zu tun, auf die richtige Art und Weise und aus den richtigen Gr\u00fcnden \u2013 um das Leben unserer Mitarbeiter, Kunden und Menschen in unserer Gemeinschaft zu verbessern.<\/p>\n\n\n\n<p>Bei Lucas Oil ist es unsere Mission, erstklassige L\u00f6sungen f\u00fcr allt\u00e4gliche Probleme zu entwickeln, um das Leben unserer Mitarbeiter, Kunden und der Gemeinschaft zu verbessern. Unsere Grundwerte Vertrauen, Service, Teamwork, Mut und Leidenschaft sind die Triebfeder f\u00fcr unser Engagement f\u00fcr Integrit\u00e4t, Authentizit\u00e4t und Exzellenz. <\/p>\n\n\n\n<p>\u201eDas Leben verbessern und beeinflussen\u201c ist mehr als nur eine Aussage; es spiegelt unsere Grundwerte wider und bildet die Grundlage und Ausrichtung f\u00fcr alles, was wir tun. W\u00e4hrend sich Lucas weiterentwickelt, bleibt unser Engagement f\u00fcr Kundenzufriedenheit, Integrit\u00e4t, Authentizit\u00e4t und die Verbesserung der Gemeinschaft unver\u00e4ndert. Wir setzen uns daf\u00fcr ein, ein Umfeld der Innovation zu f\u00f6rdern, Ver\u00e4nderungen anzunehmen und als starkes, probleml\u00f6sungsorientiertes Team zusammenzuarbeiten.  <\/p>\n\n<\/div><\/div>\n\n<div class=\"gb-grid-column gb-grid-column-79b67226\"><div class=\"gb-container gb-container-79b67226\">\n<div class=\"wp-block-image\">\n<figure class=\"aligncenter size-large\"><img loading=\"lazy\" decoding=\"async\" width=\"1536\" height=\"1508\" src=\"\/wp-content\/uploads\/2024\/01\/2023_0627_Lucas_Family-1536x1508-1.jpg\" alt=\"\" class=\"wp-image-35\" style=\"object-fit:cover\" srcset=\"https:\/\/lucasoil.co.uk\/wp-content\/uploads\/2024\/01\/2023_0627_Lucas_Family-1536x1508-1.jpg 1536w, https:\/\/lucasoil.co.uk\/wp-content\/uploads\/2024\/01\/2023_0627_Lucas_Family-1536x1508-1-300x295.jpg 300w, https:\/\/lucasoil.co.uk\/wp-content\/uploads\/2024\/01\/2023_0627_Lucas_Family-1536x1508-1-1024x1005.jpg 1024w, https:\/\/lucasoil.co.uk\/wp-content\/uploads\/2024\/01\/2023_0627_Lucas_Family-1536x1508-1-768x754.jpg 768w\" sizes=\"auto, (max-width: 1536px) 100vw, 1536px\" \/><\/figure>\n<\/div>\n<\/div><\/div>\n<\/div>\n<\/div>\n<\/div><div class=\"gb-container gb-container-a68ea175\">\n\n<div class=\"wp-block-columns is-layout-flex wp-container-core-columns-is-layout-9d6595d7 wp-block-columns-is-layout-flex\">\n<div class=\"wp-block-column is-layout-flow wp-block-column-is-layout-flow\" style=\"flex-basis:50%\"><div class=\"wp-block-image\">\n<figure class=\"aligncenter size-full\"><img loading=\"lazy\" decoding=\"async\" width=\"720\" height=\"412\" src=\"https:\/\/lucasoil.co.uk\/wp-content\/uploads\/2024\/05\/cipf.jpg\" alt=\"\" class=\"wp-image-1191\" srcset=\"https:\/\/lucasoil.co.uk\/wp-content\/uploads\/2024\/05\/cipf.jpg 720w, https:\/\/lucasoil.co.uk\/wp-content\/uploads\/2024\/05\/cipf-300x172.jpg 300w\" sizes=\"auto, (max-width: 720px) 100vw, 720px\" \/><\/figure>\n<\/div><\/div>\n\n\n\n<div class=\"wp-block-column is-layout-flow wp-block-column-is-layout-flow\" style=\"flex-basis:50%\">\n<p><strong>Verpflichtung gegen\u00fcber der Zukunft<\/strong>: Wir sind weiterhin bestrebt, die Erwartungen unserer Kunden und Gemeinden zu \u00fcbertreffen. Wir bauen unsere globale Pr\u00e4senz mit modernster Forschung und Entwicklung, Hightech-Fertigung und sich weiterentwickelnden Vertriebskan\u00e4len weiter aus und steuern unsere strategische Ausrichtung mit gr\u00f6\u00dftm\u00f6glichem Optimismus in die Zukunft.  <\/p>\n\n\n\n<p><strong>Wir sind Lucas Oil.<\/strong><\/p>\n<\/div>\n<\/div>\n\n<\/div><div class=\"gb-container gb-container-10516a2d\">\n<div class=\"gb-container gb-container-a8b1c586\">\n\n<h2 class=\"gb-headline gb-headline-8b46a405 gb-headline-text\">UNSERE MISSION, VISION UND WERTE<\/h2>\n\n\n<div class=\"gb-grid-wrapper gb-grid-wrapper-a87dab19\">\n<div class=\"gb-grid-column gb-grid-column-bb7227e5\"><div class=\"gb-container gb-container-bb7227e5\">\n\n<h4 class=\"wp-block-heading ng-font\">MISSION<\/h4>\n\n\n\n<p>Eine unersch\u00fctterliche Verpflichtung zur Schaffung \u00fcberlegener L\u00f6sungen zur Bew\u00e4ltigung allt\u00e4glicher Probleme.<\/p>\n\n\n\n<h4 class=\"wp-block-heading ng-font\">VISION<\/h4>\n\n\n\n<p>Um zu verbessern und Auswirkungen Leben.<\/p>\n\n\n<div class=\"gb-container gb-container-5684af72\">\n\n<figure class=\"wp-block-embed aligncenter is-type-video is-provider-youtube wp-block-embed-youtube yt-100 wp-embed-aspect-16-9 wp-has-aspect-ratio\"><div class=\"wp-block-embed__wrapper\">\n<div class=\"yt-video\"><iframe loading=\"lazy\" title=\"Lucas Oil Products Mission, Vision, and Value Statement\" width=\"500\" height=\"281\" src=\"https:\/\/www.youtube.com\/embed\/Oa23rGddmg8?feature=oembed\" frameborder=\"0\" allow=\"accelerometer; autoplay; clipboard-write; encrypted-media; gyroscope; picture-in-picture; web-share\" referrerpolicy=\"strict-origin-when-cross-origin\" allowfullscreen><\/iframe><\/div>\n<\/div><\/figure>\n\n<\/div>\n<\/div><\/div>\n\n<div class=\"gb-grid-column gb-grid-column-31ec22bc\"><div class=\"gb-container gb-container-31ec22bc\">\n\n<h4 class=\"wp-block-heading ng-font\">WERTE<\/h4>\n\n\n\n<p>Wir sind unerm\u00fcdlich in unserem Streben nach Kundenzufriedenheit .<\/p>\n\n\n\n<p>Wir sind verpflichtet zu Integrit\u00e4t, Authentizit\u00e4t und Exzellenz.<\/p>\n\n\n\n<p>Wir sind innovativ, erfinderisch und begr\u00fc\u00dfen Ver\u00e4nderungen.<\/p>\n\n\n\n<p>Wir sind engagiert f\u00fcr das Leben unserer Mitarbeiter und Mitarbeiterinnen.<\/p>\n\n\n\n<p>Wir engagieren uns f\u00fcr die Verbesserung unserer Gemeinden.<\/p>\n\n\n\n<p>Wir sind am st\u00e4rksten wenn wir zusammenarbeiten zusammenarbeiten.<\/p>\n\n\n\n<p>Wir sind Probleml\u00f6ser.<\/p>\n\n\n\n<h4 class=\"wp-block-heading ng-font\">WIR SIND LUCAS OIL.<\/h4>\n\n<\/div><\/div>\n<\/div>\n<\/div>\n<\/div><div class=\"gb-container gb-container-79f3adb9\">\n<div class=\"gb-container gb-container-0ba605ea story-contact-container\">\n\n<h2 class=\"gb-headline gb-headline-2c8f2a5f gb-headline-text\">KONTAKTINFORMATIONEN NACH LAND<\/h2>\n\n\n<div class=\"gb-grid-wrapper gb-grid-wrapper-74b1e36b\">\n<div class=\"gb-grid-column gb-grid-column-cbebbfd6\"><div class=\"gb-container gb-container-cbebbfd6\">\n\n<h3 class=\"wp-block-heading ng-font\" style=\"font-size:26px\">VEREINIGTE STAATEN<\/h3>\n\n\n\n<p style=\"font-size:18px\"><strong>FIRMENSITZ<\/strong><br\/><a href=\"https:\/\/maps.app.goo.gl\/vNzv1ZxXUKJErasr8\" target=\"_blank\" rel=\"noreferrer noopener\">3610 River Crossing Pkwy<br\/>Indianapolis, IN 46240<\/a><br\/>Toll Free: (800) 342-2512<br\/>Fax: (951) 270-1902<\/p>\n\n\n\n<p style=\"font-size:18px\"><strong>PRODUKTIONSST\u00c4TTE<\/strong><br\/><a href=\"https:\/\/goo.gl\/maps\/Kc8JQPXqtysZPG759?coh=178571&amp;entry=tt\" target=\"_blank\" rel=\"noreferrer noopener\">3199 Harrison Way NW<br\/>Corydon, Indiana 47112-6903<\/a><\/p>\n\n<\/div><\/div>\n\n<div class=\"gb-grid-column gb-grid-column-be9a7ec2\"><div class=\"gb-container gb-container-be9a7ec2\">\n\n<h3 class=\"wp-block-heading ng-font\" style=\"font-size:26px\">KANADA<\/h3>\n\n\n\n<p style=\"font-size:16px\">Geb\u00fchrenfrei: (800) 342-2512<br\/>Fax: (888) 281-7373<br\/><a href=\"https:\/\/www.lucasoil.ca\/\">LucasOil.ca<\/a><\/p>\n\n\n\n<h3 class=\"wp-block-heading ng-font\" style=\"font-size:26px\">VEREINIGTES K\u00d6NIGREICH<\/h3>\n\n\n\n<p style=\"font-size:18px\"><strong>LUCAS OIL PRODUCTS UK LTD<br\/><\/strong><a href=\"https:\/\/www.google.com\/search?q=Unit+4+Cunliffe+Drive%0D%0ALlangefni+Industrial+Estate%0D%0ALlangefni%0D%0AAnglesey%0D%0ALL77+7JA&amp;rlz=1C1CHBF_enUS1001US1001&amp;tbm=lcl&amp;sxsrf=APwXEdeeJhKCbfa8fsjULFzqnuFPtVMAZA%3A1683059545062&amp;ei=WXNRZNjFA4mjkPIPzd2s2AE&amp;ved=0ahUKEwiY1sayvdf-AhWJEUQIHc0uCxsQ4dUDCAk&amp;uact=5&amp;oq=Unit+4+Cunliffe+Drive%0D%0ALlangefni+Industrial+Estate%0D%0ALlangefni%0D%0AAnglesey%0D%0ALL77+7JA&amp;gs_lcp=Cg1nd3Mtd2l6LWxvY2FsEANQAFgAYABoAHAAeACAAQCIAQCSAQCYAQCgAQKgAQE&amp;sclient=gws-wiz-local#rlfi=hd:;si:;mv:%5B%5B53.25313007731903,-4.304905177119305%5D,%5B53.252770122680964,-4.3055068228806945%5D%5D\" target=\"_blank\" rel=\"noreferrer noopener\">Unit 4 Cunliffe Drive<br\/>Llangefni Industrial Estate<br\/>Llangefni<br\/>Anglesey<br\/>LL77 7JA<\/a><br\/>Phone: +44 (0) 1248-723-666<br\/><a href=\"https:\/\/lucasoil.co.uk\/de\/\" target=\"_blank\" rel=\"noreferrer noopener\">LucasOil.co.uk<\/a><\/p>\n\n<\/div><\/div>\n\n<div class=\"gb-grid-column gb-grid-column-2149bf20\"><div class=\"gb-container gb-container-2149bf20\">\n\n<h3 class=\"wp-block-heading has-text-align-center ng-font\" style=\"font-size:26px\">MEXIKO<\/h3>\n\n\n\n<p class=\"has-text-align-center\" style=\"font-size:16px\">Geb\u00fchrenfrei: (800) 342-2512<br\/><a href=\"https:\/\/www.lucasoil.mx\/\">LucasOil.mx<\/a><\/p>\n\n\n\n<h3 class=\"wp-block-heading has-text-align-center ng-font\" style=\"font-size:26px\">EUROPA<\/h3>\n\n\n\n<p class=\"has-text-align-center\" style=\"font-size:18px\"><strong>Lucas Oil Products Europe Ltd<br\/><\/strong>Block 3 Harcourt Centre<br\/>Harcourt Road<br\/>Dublin 2<br\/>Ireland<br\/>Phone: +44 344 225 5400<br\/><a href=\"http:\/\/lucasoil.eu.com\/\">LucasOil.eu.com<\/a><\/p>\n\n<\/div><\/div>\n<\/div>\n<\/div>\n<\/div>","protected":false},"excerpt":{"rendered":"<p>Die Lucas-Geschichte Familiengef\u00fchrt, in den USA hergestellt, kundenorientiert: Lucas gl\u00e4nzt als stolze amerikanische Marke, die eine einzigartige Mischung aus famili\u00e4rer F\u00fchrung, Produktion in den USA, wissenschaftlich \u00fcberlegenen L\u00f6sungen und Engagement f\u00fcr die Gemeinschaft verk\u00f6rpert. In den letzten 35 Jahren haben wir den weltweiten Standard f\u00fcr hochwertige Motor\u00f6le, Additive, Optik- und Schmiermittelprodukte gesetzt \u2013 und damit [&hellip;]<\/p>\n","protected":false},"author":1,"featured_media":0,"parent":0,"menu_order":0,"comment_status":"closed","ping_status":"closed","template":"","meta":{"_acf_changed":false,"footnotes":""},"class_list":["post-31661","page","type-page","status-publish","hentry"],"acf":[],"_links":{"self":[{"href":"https:\/\/lucasoil.co.uk\/de\/wp-json\/wp\/v2\/pages\/31661","targetHints":{"allow":["GET"]}}],"collection":[{"href":"https:\/\/lucasoil.co.uk\/de\/wp-json\/wp\/v2\/pages"}],"about":[{"href":"https:\/\/lucasoil.co.uk\/de\/wp-json\/wp\/v2\/types\/page"}],"author":[{"embeddable":true,"href":"https:\/\/lucasoil.co.uk\/de\/wp-json\/wp\/v2\/users\/1"}],"replies":[{"embeddable":true,"href":"https:\/\/lucasoil.co.uk\/de\/wp-json\/wp\/v2\/comments?post=31661"}],"version-history":[{"count":1,"href":"https:\/\/lucasoil.co.uk\/de\/wp-json\/wp\/v2\/pages\/31661\/revisions"}],"predecessor-version":[{"id":31675,"href":"https:\/\/lucasoil.co.uk\/de\/wp-json\/wp\/v2\/pages\/31661\/revisions\/31675"}],"wp:attachment":[{"href":"https:\/\/lucasoil.co.uk\/de\/wp-json\/wp\/v2\/media?parent=31661"}],"curies":[{"name":"wp","href":"https:\/\/api.w.org\/{rel}","templated":true}]}}