{"id":29586,"date":"2024-04-18T12:32:49","date_gmt":"2024-04-18T16:32:49","guid":{"rendered":"https:\/\/staging.lucasoil.co.uk\/category-appearance\/"},"modified":"2024-11-26T11:12:13","modified_gmt":"2024-11-26T16:12:13","slug":"category-appearance","status":"publish","type":"page","link":"https:\/\/lucasoil.co.uk\/es\/category-appearance\/","title":{"rendered":"Category: Appearance"},"content":{"rendered":"\n<h2 class=\"gb-headline gb-headline-d4641e6d gb-headline-text\">Apariencia<\/h2>\n\n<p>Embellezca su veh\u00edculo con los productos de apariencia de Lucas Oil. Los productos de apariencia de Lucas Oil son f\u00e1ciles de usar y brindan resultados profesionales desde un acabado radiante a la carrocer\u00eda de su veh\u00edculo con nuestra exclusiva cera de cer\u00e1mica hasta un brillo intenso a sus llantas con nuestro abrillantador superior. Recupere el brillo mientras que limpia y protege su equipo contra el da\u00f1o causado por los rayos ultravioleta con detalladores que brindan una excelente apariencia duradera a sus autos, camiones y embarcaciones. Adem\u00e1s, nuestros productos son seguros para usarse en calcoman\u00edas y en superficies de vinilo, cuero, pl\u00e1stico y aluminio.<\/p>\n","protected":false},"excerpt":{"rendered":"<p>Apariencia Embellezca su veh\u00edculo con los productos de apariencia de Lucas Oil. Los productos de apariencia de Lucas Oil son f\u00e1ciles de usar y brindan resultados profesionales desde un acabado radiante a la carrocer\u00eda de su veh\u00edculo con nuestra exclusiva cera de cer\u00e1mica hasta un brillo intenso a sus llantas con nuestro abrillantador superior. Recupere [&hellip;]<\/p>\n","protected":false},"author":1,"featured_media":0,"parent":0,"menu_order":0,"comment_status":"closed","ping_status":"closed","template":"category-appearance.php","meta":{"_acf_changed":false,"footnotes":""},"class_list":["post-29586","page","type-page","status-publish","hentry"],"acf":[],"_links":{"self":[{"href":"https:\/\/lucasoil.co.uk\/es\/wp-json\/wp\/v2\/pages\/29586","targetHints":{"allow":["GET"]}}],"collection":[{"href":"https:\/\/lucasoil.co.uk\/es\/wp-json\/wp\/v2\/pages"}],"about":[{"href":"https:\/\/lucasoil.co.uk\/es\/wp-json\/wp\/v2\/types\/page"}],"author":[{"embeddable":true,"href":"https:\/\/lucasoil.co.uk\/es\/wp-json\/wp\/v2\/users\/1"}],"replies":[{"embeddable":true,"href":"https:\/\/lucasoil.co.uk\/es\/wp-json\/wp\/v2\/comments?post=29586"}],"version-history":[{"count":1,"href":"https:\/\/lucasoil.co.uk\/es\/wp-json\/wp\/v2\/pages\/29586\/revisions"}],"predecessor-version":[{"id":29587,"href":"https:\/\/lucasoil.co.uk\/es\/wp-json\/wp\/v2\/pages\/29586\/revisions\/29587"}],"wp:attachment":[{"href":"https:\/\/lucasoil.co.uk\/es\/wp-json\/wp\/v2\/media?parent=29586"}],"curies":[{"name":"wp","href":"https:\/\/api.w.org\/{rel}","templated":true}]}}