{"id":29588,"date":"2024-04-18T12:36:52","date_gmt":"2024-04-18T16:36:52","guid":{"rendered":"https:\/\/staging.lucasoil.co.uk\/category-engine-builder-lubricants\/"},"modified":"2024-11-26T11:13:00","modified_gmt":"2024-11-26T16:13:00","slug":"category-engine-builder-lubricants","status":"publish","type":"page","link":"https:\/\/lucasoil.co.uk\/es\/category-engine-builder-lubricants\/","title":{"rendered":"Category: Engine Builder Lubricants"},"content":{"rendered":"\n<h2 class=\"gb-headline gb-headline-f95c103c gb-headline-text\">Lubricantes para Construcci\u00f3n de Motores<\/h2>\n\n<p>Los lubricantes de Lucas Oil est\u00e1n espec\u00edficamente dise\u00f1ados para reducir la fricci\u00f3n, el desgaste y el sobrecalentamiento y brindan una protecci\u00f3n excepcional a los componentes cr\u00edticos de su motor. Nuestros productos son perfectos para construir nuevos motores, engrasar rodamientos, elevadores y v\u00e1lvulas y brindan extraordinaria protecci\u00f3n durante el arranque a las partes del motor con tolerancias estrictas.<\/p>\n","protected":false},"excerpt":{"rendered":"<p>Lubricantes para Construcci\u00f3n de Motores Los lubricantes de Lucas Oil est\u00e1n espec\u00edficamente dise\u00f1ados para reducir la fricci\u00f3n, el desgaste y el sobrecalentamiento y brindan una protecci\u00f3n excepcional a los componentes cr\u00edticos de su motor. Nuestros productos son perfectos para construir nuevos motores, engrasar rodamientos, elevadores y v\u00e1lvulas y brindan extraordinaria protecci\u00f3n durante el arranque a [&hellip;]<\/p>\n","protected":false},"author":1,"featured_media":0,"parent":0,"menu_order":0,"comment_status":"closed","ping_status":"closed","template":"category-engine-builder-lubricants.php","meta":{"_acf_changed":false,"footnotes":""},"class_list":["post-29588","page","type-page","status-publish","hentry"],"acf":[],"_links":{"self":[{"href":"https:\/\/lucasoil.co.uk\/es\/wp-json\/wp\/v2\/pages\/29588","targetHints":{"allow":["GET"]}}],"collection":[{"href":"https:\/\/lucasoil.co.uk\/es\/wp-json\/wp\/v2\/pages"}],"about":[{"href":"https:\/\/lucasoil.co.uk\/es\/wp-json\/wp\/v2\/types\/page"}],"author":[{"embeddable":true,"href":"https:\/\/lucasoil.co.uk\/es\/wp-json\/wp\/v2\/users\/1"}],"replies":[{"embeddable":true,"href":"https:\/\/lucasoil.co.uk\/es\/wp-json\/wp\/v2\/comments?post=29588"}],"version-history":[{"count":1,"href":"https:\/\/lucasoil.co.uk\/es\/wp-json\/wp\/v2\/pages\/29588\/revisions"}],"predecessor-version":[{"id":29589,"href":"https:\/\/lucasoil.co.uk\/es\/wp-json\/wp\/v2\/pages\/29588\/revisions\/29589"}],"wp:attachment":[{"href":"https:\/\/lucasoil.co.uk\/es\/wp-json\/wp\/v2\/media?parent=29588"}],"curies":[{"name":"wp","href":"https:\/\/api.w.org\/{rel}","templated":true}]}}