{"id":29592,"date":"2024-04-18T16:02:22","date_gmt":"2024-04-18T20:02:22","guid":{"rendered":"https:\/\/staging.lucasoil.co.uk\/category-engine-oil-additives\/"},"modified":"2024-11-26T11:15:26","modified_gmt":"2024-11-26T16:15:26","slug":"category-engine-oil-additives","status":"publish","type":"page","link":"https:\/\/lucasoil.co.uk\/es\/category-engine-oil-additives\/","title":{"rendered":"Category: Engine Oil Additives"},"content":{"rendered":"\n<h2 class=\"gb-headline gb-headline-83e05498 gb-headline-text\">Aditivos de Aceite para Motor<\/h2>\n\n<p>Los aditivos de aceite ayudan a reducir la fricci\u00f3n y el desgaste, prolongan la vida \u00fatil de los componentes del motor y brindan un funcionamiento m\u00e1s suave y uniforme. Los aditivos de Lucas Oil pueden aumentar la eficiencia del combustible, mantener el motor m\u00e1s limpio ya que evitan la formaci\u00f3n de dep\u00f3sitos y ofrecen una mejor protecci\u00f3n contra la oxidaci\u00f3n y la corrosi\u00f3n para brindar un mejor desempe\u00f1o y eficiencia general del veh\u00edculo. Con nuestras mezclas especializadas para aplicaciones como el rodaje del motor, veh\u00edculos con alto kilometraje, equipo pesado o autos importados es f\u00e1cil encontrar el mejor aditivo para satisfacer sus necesidades.<\/p>\n","protected":false},"excerpt":{"rendered":"<p>Aditivos de Aceite para Motor Los aditivos de aceite ayudan a reducir la fricci\u00f3n y el desgaste, prolongan la vida \u00fatil de los componentes del motor y brindan un funcionamiento m\u00e1s suave y uniforme. Los aditivos de Lucas Oil pueden aumentar la eficiencia del combustible, mantener el motor m\u00e1s limpio ya que evitan la formaci\u00f3n [&hellip;]<\/p>\n","protected":false},"author":1,"featured_media":0,"parent":0,"menu_order":0,"comment_status":"closed","ping_status":"closed","template":"category-engine-oil-additives.php","meta":{"_acf_changed":false,"footnotes":""},"class_list":["post-29592","page","type-page","status-publish","hentry"],"acf":[],"_links":{"self":[{"href":"https:\/\/lucasoil.co.uk\/es\/wp-json\/wp\/v2\/pages\/29592","targetHints":{"allow":["GET"]}}],"collection":[{"href":"https:\/\/lucasoil.co.uk\/es\/wp-json\/wp\/v2\/pages"}],"about":[{"href":"https:\/\/lucasoil.co.uk\/es\/wp-json\/wp\/v2\/types\/page"}],"author":[{"embeddable":true,"href":"https:\/\/lucasoil.co.uk\/es\/wp-json\/wp\/v2\/users\/1"}],"replies":[{"embeddable":true,"href":"https:\/\/lucasoil.co.uk\/es\/wp-json\/wp\/v2\/comments?post=29592"}],"version-history":[{"count":1,"href":"https:\/\/lucasoil.co.uk\/es\/wp-json\/wp\/v2\/pages\/29592\/revisions"}],"predecessor-version":[{"id":29593,"href":"https:\/\/lucasoil.co.uk\/es\/wp-json\/wp\/v2\/pages\/29592\/revisions\/29593"}],"wp:attachment":[{"href":"https:\/\/lucasoil.co.uk\/es\/wp-json\/wp\/v2\/media?parent=29592"}],"curies":[{"name":"wp","href":"https:\/\/api.w.org\/{rel}","templated":true}]}}