{"id":29594,"date":"2024-04-18T16:09:54","date_gmt":"2024-04-18T20:09:54","guid":{"rendered":"https:\/\/staging.lucasoil.co.uk\/category-fuel-treatments\/"},"modified":"2024-11-26T11:16:11","modified_gmt":"2024-11-26T16:16:11","slug":"category-fuel-treatments","status":"publish","type":"page","link":"https:\/\/lucasoil.co.uk\/es\/category-fuel-treatments\/","title":{"rendered":"Category: Fuel Treatments"},"content":{"rendered":"\n<h2 class=\"gb-headline gb-headline-d139d384 gb-headline-text\">Tratamientos para Combustible<\/h2>\n\n<p>Nuestras soluciones son f\u00e1ciles de usar y optimizan el rendimiento de su veh\u00edculo y aumentan la eficiencia del combustible, simplemente vi\u00e9rtalas y listo. Los tratamientos para combustible de Lucas Oil contienen una poderosa mezcla de aditivos para limpiar y lubricar el sistema de combustible, aumentar la eficiencia energ\u00e9tica y reducir emisiones.<\/p>\n","protected":false},"excerpt":{"rendered":"<p>Tratamientos para Combustible Nuestras soluciones son f\u00e1ciles de usar y optimizan el rendimiento de su veh\u00edculo y aumentan la eficiencia del combustible, simplemente vi\u00e9rtalas y listo. Los tratamientos para combustible de Lucas Oil contienen una poderosa mezcla de aditivos para limpiar y lubricar el sistema de combustible, aumentar la eficiencia energ\u00e9tica y reducir emisiones.<\/p>\n","protected":false},"author":1,"featured_media":0,"parent":0,"menu_order":0,"comment_status":"closed","ping_status":"closed","template":"category-fuel-treatments.php","meta":{"_acf_changed":false,"footnotes":""},"class_list":["post-29594","page","type-page","status-publish","hentry"],"acf":[],"_links":{"self":[{"href":"https:\/\/lucasoil.co.uk\/es\/wp-json\/wp\/v2\/pages\/29594","targetHints":{"allow":["GET"]}}],"collection":[{"href":"https:\/\/lucasoil.co.uk\/es\/wp-json\/wp\/v2\/pages"}],"about":[{"href":"https:\/\/lucasoil.co.uk\/es\/wp-json\/wp\/v2\/types\/page"}],"author":[{"embeddable":true,"href":"https:\/\/lucasoil.co.uk\/es\/wp-json\/wp\/v2\/users\/1"}],"replies":[{"embeddable":true,"href":"https:\/\/lucasoil.co.uk\/es\/wp-json\/wp\/v2\/comments?post=29594"}],"version-history":[{"count":1,"href":"https:\/\/lucasoil.co.uk\/es\/wp-json\/wp\/v2\/pages\/29594\/revisions"}],"predecessor-version":[{"id":29595,"href":"https:\/\/lucasoil.co.uk\/es\/wp-json\/wp\/v2\/pages\/29594\/revisions\/29595"}],"wp:attachment":[{"href":"https:\/\/lucasoil.co.uk\/es\/wp-json\/wp\/v2\/media?parent=29594"}],"curies":[{"name":"wp","href":"https:\/\/api.w.org\/{rel}","templated":true}]}}