{"id":29596,"date":"2024-04-18T16:20:13","date_gmt":"2024-04-18T20:20:13","guid":{"rendered":"https:\/\/staging.lucasoil.co.uk\/category-gear-oil\/"},"modified":"2024-11-26T11:16:54","modified_gmt":"2024-11-26T16:16:54","slug":"category-gear-oil","status":"publish","type":"page","link":"https:\/\/lucasoil.co.uk\/es\/category-gear-oil\/","title":{"rendered":"Category: Gear Oil"},"content":{"rendered":"\n<h2 class=\"gb-headline gb-headline-36a1cb81 gb-headline-text\">Aceite para Engranajes<\/h2>\n\n<p>Los aceites para engranajes de Lucas Oil est\u00e1n formulados con aditivos de la m\u00e1s alta calidad y est\u00e1n disponibles en distintos pesos para ofrecer protecci\u00f3n excepcional contra el desgaste, el sobrecalentamiento y la corrosi\u00f3n para garantizar una prolongada vida de los componentes. Los aceites de Lucas Oil ofrecen cambios suaves y uniformes, y alta durabilidad, y son reconocidos en los mercados de trabajo pesado y de alto rendimiento por su insuperable calidad.<\/p>\n","protected":false},"excerpt":{"rendered":"<p>Aceite para Engranajes Los aceites para engranajes de Lucas Oil est\u00e1n formulados con aditivos de la m\u00e1s alta calidad y est\u00e1n disponibles en distintos pesos para ofrecer protecci\u00f3n excepcional contra el desgaste, el sobrecalentamiento y la corrosi\u00f3n para garantizar una prolongada vida de los componentes. Los aceites de Lucas Oil ofrecen cambios suaves y uniformes, [&hellip;]<\/p>\n","protected":false},"author":1,"featured_media":0,"parent":0,"menu_order":0,"comment_status":"closed","ping_status":"closed","template":"category-gear-oil.php","meta":{"_acf_changed":false,"footnotes":""},"class_list":["post-29596","page","type-page","status-publish","hentry"],"acf":[],"_links":{"self":[{"href":"https:\/\/lucasoil.co.uk\/es\/wp-json\/wp\/v2\/pages\/29596","targetHints":{"allow":["GET"]}}],"collection":[{"href":"https:\/\/lucasoil.co.uk\/es\/wp-json\/wp\/v2\/pages"}],"about":[{"href":"https:\/\/lucasoil.co.uk\/es\/wp-json\/wp\/v2\/types\/page"}],"author":[{"embeddable":true,"href":"https:\/\/lucasoil.co.uk\/es\/wp-json\/wp\/v2\/users\/1"}],"replies":[{"embeddable":true,"href":"https:\/\/lucasoil.co.uk\/es\/wp-json\/wp\/v2\/comments?post=29596"}],"version-history":[{"count":1,"href":"https:\/\/lucasoil.co.uk\/es\/wp-json\/wp\/v2\/pages\/29596\/revisions"}],"predecessor-version":[{"id":29597,"href":"https:\/\/lucasoil.co.uk\/es\/wp-json\/wp\/v2\/pages\/29596\/revisions\/29597"}],"wp:attachment":[{"href":"https:\/\/lucasoil.co.uk\/es\/wp-json\/wp\/v2\/media?parent=29596"}],"curies":[{"name":"wp","href":"https:\/\/api.w.org\/{rel}","templated":true}]}}