{"id":29600,"date":"2024-04-18T16:30:32","date_gmt":"2024-04-18T20:30:32","guid":{"rendered":"https:\/\/staging.lucasoil.co.uk\/category-problem-solvers-utility\/"},"modified":"2024-11-26T11:20:08","modified_gmt":"2024-11-26T16:20:08","slug":"category-problem-solvers-utility","status":"publish","type":"page","link":"https:\/\/lucasoil.co.uk\/es\/category-problem-solvers-utility\/","title":{"rendered":"Category: Problem Solvers &amp; Utility"},"content":{"rendered":"\n<h2 class=\"gb-headline gb-headline-fd5929ca gb-headline-text\">Solucionadores de Problemas y Lubricantes de Utilidad<\/h2>\n\n<p>Nuestros solucionadores est\u00e1n dise\u00f1ados para resolver los problemas automotrices y de equipo m\u00e1s severos. Millones de conductores conf\u00edan en Lucas para retomar el camino con seguridad, ya sea que necesiten eliminar una fuga, reparar una transmisi\u00f3n ruidosa, resolver problemas complejos en el sistema de combustible o en la direcci\u00f3n hidr\u00e1ulica, mantener cambios uniformes y precisos, aumentar la eficiencia del combustible, reparar neum\u00e1ticos punchados y lidiar con muchas otras complicaciones automotrices. Si su veh\u00edculo presenta problemas, ponga a prueba a Lucas primero.<\/p>\n","protected":false},"excerpt":{"rendered":"<p>Solucionadores de Problemas y Lubricantes de Utilidad Nuestros solucionadores est\u00e1n dise\u00f1ados para resolver los problemas automotrices y de equipo m\u00e1s severos. Millones de conductores conf\u00edan en Lucas para retomar el camino con seguridad, ya sea que necesiten eliminar una fuga, reparar una transmisi\u00f3n ruidosa, resolver problemas complejos en el sistema de combustible o en la [&hellip;]<\/p>\n","protected":false},"author":1,"featured_media":0,"parent":0,"menu_order":0,"comment_status":"closed","ping_status":"closed","template":"category-problem-solvers.php","meta":{"_acf_changed":false,"footnotes":""},"class_list":["post-29600","page","type-page","status-publish","hentry"],"acf":[],"_links":{"self":[{"href":"https:\/\/lucasoil.co.uk\/es\/wp-json\/wp\/v2\/pages\/29600","targetHints":{"allow":["GET"]}}],"collection":[{"href":"https:\/\/lucasoil.co.uk\/es\/wp-json\/wp\/v2\/pages"}],"about":[{"href":"https:\/\/lucasoil.co.uk\/es\/wp-json\/wp\/v2\/types\/page"}],"author":[{"embeddable":true,"href":"https:\/\/lucasoil.co.uk\/es\/wp-json\/wp\/v2\/users\/1"}],"replies":[{"embeddable":true,"href":"https:\/\/lucasoil.co.uk\/es\/wp-json\/wp\/v2\/comments?post=29600"}],"version-history":[{"count":1,"href":"https:\/\/lucasoil.co.uk\/es\/wp-json\/wp\/v2\/pages\/29600\/revisions"}],"predecessor-version":[{"id":29601,"href":"https:\/\/lucasoil.co.uk\/es\/wp-json\/wp\/v2\/pages\/29600\/revisions\/29601"}],"wp:attachment":[{"href":"https:\/\/lucasoil.co.uk\/es\/wp-json\/wp\/v2\/media?parent=29600"}],"curies":[{"name":"wp","href":"https:\/\/api.w.org\/{rel}","templated":true}]}}