{"id":29602,"date":"2024-04-18T16:33:48","date_gmt":"2024-04-18T20:33:48","guid":{"rendered":"https:\/\/staging.lucasoil.co.uk\/category-transmission\/"},"modified":"2024-11-26T11:20:45","modified_gmt":"2024-11-26T16:20:45","slug":"category-transmission","status":"publish","type":"page","link":"https:\/\/lucasoil.co.uk\/es\/category-transmission\/","title":{"rendered":"Category: Transmission"},"content":{"rendered":"\n<h2 class=\"gb-headline gb-headline-4050bdb5 gb-headline-text\">Transmisi\u00f3n<\/h2>\n\n<p>Nuestras mezclas est\u00e1n formuladas espec\u00edficamente para eliminar los ruidos, evitar el deslizamiento, detener las fugas, proteger contra el desgaste y evitar los cambios bruscos, adem\u00e1s de extender significativamente la vida \u00fatil de las transmisiones de una amplia gama de diversas aplicaciones. Los productos para la transmisi\u00f3n de Lucas Oil brindan cambios m\u00e1s suaves y confiables y son ideales para las transmisiones desgastadas, equipo agr\u00edcola, autos de pasajeros, cortadoras de c\u00e9sped, camiones de equipo pesado y otros veh\u00edculos de alto rendimiento. <\/p>\n","protected":false},"excerpt":{"rendered":"<p>Transmisi\u00f3n Nuestras mezclas est\u00e1n formuladas espec\u00edficamente para eliminar los ruidos, evitar el deslizamiento, detener las fugas, proteger contra el desgaste y evitar los cambios bruscos, adem\u00e1s de extender significativamente la vida \u00fatil de las transmisiones de una amplia gama de diversas aplicaciones. Los productos para la transmisi\u00f3n de Lucas Oil brindan cambios m\u00e1s suaves y [&hellip;]<\/p>\n","protected":false},"author":1,"featured_media":0,"parent":0,"menu_order":0,"comment_status":"closed","ping_status":"closed","template":"category-transmission.php","meta":{"_acf_changed":false,"footnotes":""},"class_list":["post-29602","page","type-page","status-publish","hentry"],"acf":[],"_links":{"self":[{"href":"https:\/\/lucasoil.co.uk\/es\/wp-json\/wp\/v2\/pages\/29602","targetHints":{"allow":["GET"]}}],"collection":[{"href":"https:\/\/lucasoil.co.uk\/es\/wp-json\/wp\/v2\/pages"}],"about":[{"href":"https:\/\/lucasoil.co.uk\/es\/wp-json\/wp\/v2\/types\/page"}],"author":[{"embeddable":true,"href":"https:\/\/lucasoil.co.uk\/es\/wp-json\/wp\/v2\/users\/1"}],"replies":[{"embeddable":true,"href":"https:\/\/lucasoil.co.uk\/es\/wp-json\/wp\/v2\/comments?post=29602"}],"version-history":[{"count":1,"href":"https:\/\/lucasoil.co.uk\/es\/wp-json\/wp\/v2\/pages\/29602\/revisions"}],"predecessor-version":[{"id":29603,"href":"https:\/\/lucasoil.co.uk\/es\/wp-json\/wp\/v2\/pages\/29602\/revisions\/29603"}],"wp:attachment":[{"href":"https:\/\/lucasoil.co.uk\/es\/wp-json\/wp\/v2\/media?parent=29602"}],"curies":[{"name":"wp","href":"https:\/\/api.w.org\/{rel}","templated":true}]}}