{"id":29611,"date":"2024-04-19T11:08:42","date_gmt":"2024-04-19T15:08:42","guid":{"rendered":"https:\/\/staging.lucasoil.co.uk\/specialty-agriculture\/"},"modified":"2024-11-26T16:12:19","modified_gmt":"2024-11-26T21:12:19","slug":"specialty-agriculture","status":"publish","type":"page","link":"https:\/\/lucasoil.co.uk\/es\/specialty-agriculture\/","title":{"rendered":"Specialty: Agriculture"},"content":{"rendered":"\n<h2 class=\"gb-headline gb-headline-01d1275c gb-headline-text\">Equipo agr\u00edcola<\/h2>\n\n<p>Aproveche todo el potencial de su equipo de trabajo pesado con nuestras l\u00edneas y productos de \u00faltima generaci\u00f3n de aceites, aditivos, grasas y solucionadores de problemas dise\u00f1ados para optimizar el rendimiento de su maquinaria. Nuestros productos evitan el desgaste del motor, mejoran la eficiencia del combustible, reducen las emisiones y mantienen limpios los componentes del motor. Adem\u00e1s, los aditivos de Lucas Oil contribuyen a mejorar la eficiencia, rendimiento y confiabilidad de la maquinaria para ayudarle a aumentar de manera significativa la productividad y rentabilidad de sus operaciones. <\/p>\n","protected":false},"excerpt":{"rendered":"<p>Equipo agr\u00edcola Aproveche todo el potencial de su equipo de trabajo pesado con nuestras l\u00edneas y productos de \u00faltima generaci\u00f3n de aceites, aditivos, grasas y solucionadores de problemas dise\u00f1ados para optimizar el rendimiento de su maquinaria. Nuestros productos evitan el desgaste del motor, mejoran la eficiencia del combustible, reducen las emisiones y mantienen limpios los [&hellip;]<\/p>\n","protected":false},"author":1,"featured_media":0,"parent":0,"menu_order":0,"comment_status":"closed","ping_status":"closed","template":"lifestyle-agriculture.php","meta":{"_acf_changed":false,"footnotes":""},"class_list":["post-29611","page","type-page","status-publish","hentry"],"acf":[],"_links":{"self":[{"href":"https:\/\/lucasoil.co.uk\/es\/wp-json\/wp\/v2\/pages\/29611","targetHints":{"allow":["GET"]}}],"collection":[{"href":"https:\/\/lucasoil.co.uk\/es\/wp-json\/wp\/v2\/pages"}],"about":[{"href":"https:\/\/lucasoil.co.uk\/es\/wp-json\/wp\/v2\/types\/page"}],"author":[{"embeddable":true,"href":"https:\/\/lucasoil.co.uk\/es\/wp-json\/wp\/v2\/users\/1"}],"replies":[{"embeddable":true,"href":"https:\/\/lucasoil.co.uk\/es\/wp-json\/wp\/v2\/comments?post=29611"}],"version-history":[{"count":3,"href":"https:\/\/lucasoil.co.uk\/es\/wp-json\/wp\/v2\/pages\/29611\/revisions"}],"predecessor-version":[{"id":29620,"href":"https:\/\/lucasoil.co.uk\/es\/wp-json\/wp\/v2\/pages\/29611\/revisions\/29620"}],"wp:attachment":[{"href":"https:\/\/lucasoil.co.uk\/es\/wp-json\/wp\/v2\/media?parent=29611"}],"curies":[{"name":"wp","href":"https:\/\/api.w.org\/{rel}","templated":true}]}}