{"id":29613,"date":"2024-04-19T12:13:57","date_gmt":"2024-04-19T16:13:57","guid":{"rendered":"https:\/\/staging.lucasoil.co.uk\/specialty-commercial-vehicles\/"},"modified":"2024-11-26T16:10:26","modified_gmt":"2024-11-26T21:10:26","slug":"specialty-commercial-vehicles","status":"publish","type":"page","link":"https:\/\/lucasoil.co.uk\/es\/specialty-commercial-vehicles\/","title":{"rendered":"Specialty: Commercial Vehicles"},"content":{"rendered":"\n<h2 class=\"gb-headline gb-headline-74cbe06d gb-headline-text\">Veh\u00edculos comerciales<\/h2>\n\n<p>En Lucas comprendemos los desaf\u00edos que enfrentan d\u00eda con d\u00eda los conductores de camiones de equipo pesado y los operadores de flotas. Es por lo que desarrollamos una amplia gama de aditivos para aceite de calidad superior dise\u00f1ados para satisfacer las exigentes demandas de la industria del transporte de carga. Con los productos de Lucas Oil usted puede aumentar la eficiencia del combustible y mejorar el rendimiento y confiabilidad de las flotas de carga pesada para garantizar un funcionamiento \u00f3ptimo durante m\u00e1s tiempo sin salirse del presupuesto.  <\/p>\n","protected":false},"excerpt":{"rendered":"<p>Veh\u00edculos comerciales En Lucas comprendemos los desaf\u00edos que enfrentan d\u00eda con d\u00eda los conductores de camiones de equipo pesado y los operadores de flotas. Es por lo que desarrollamos una amplia gama de aditivos para aceite de calidad superior dise\u00f1ados para satisfacer las exigentes demandas de la industria del transporte de carga. Con los productos [&hellip;]<\/p>\n","protected":false},"author":1,"featured_media":0,"parent":0,"menu_order":0,"comment_status":"closed","ping_status":"closed","template":"lifestyle-hdt.php","meta":{"_acf_changed":false,"footnotes":""},"class_list":["post-29613","page","type-page","status-publish","hentry"],"acf":[],"_links":{"self":[{"href":"https:\/\/lucasoil.co.uk\/es\/wp-json\/wp\/v2\/pages\/29613","targetHints":{"allow":["GET"]}}],"collection":[{"href":"https:\/\/lucasoil.co.uk\/es\/wp-json\/wp\/v2\/pages"}],"about":[{"href":"https:\/\/lucasoil.co.uk\/es\/wp-json\/wp\/v2\/types\/page"}],"author":[{"embeddable":true,"href":"https:\/\/lucasoil.co.uk\/es\/wp-json\/wp\/v2\/users\/1"}],"replies":[{"embeddable":true,"href":"https:\/\/lucasoil.co.uk\/es\/wp-json\/wp\/v2\/comments?post=29613"}],"version-history":[{"count":1,"href":"https:\/\/lucasoil.co.uk\/es\/wp-json\/wp\/v2\/pages\/29613\/revisions"}],"predecessor-version":[{"id":29614,"href":"https:\/\/lucasoil.co.uk\/es\/wp-json\/wp\/v2\/pages\/29613\/revisions\/29614"}],"wp:attachment":[{"href":"https:\/\/lucasoil.co.uk\/es\/wp-json\/wp\/v2\/media?parent=29613"}],"curies":[{"name":"wp","href":"https:\/\/api.w.org\/{rel}","templated":true}]}}