{"id":29617,"date":"2024-04-19T12:08:52","date_gmt":"2024-04-19T16:08:52","guid":{"rendered":"https:\/\/staging.lucasoil.co.uk\/specialty-hot-rods-classic-cars\/"},"modified":"2024-11-26T16:12:03","modified_gmt":"2024-11-26T21:12:03","slug":"specialty-hot-rods-classic-cars","status":"publish","type":"page","link":"https:\/\/lucasoil.co.uk\/es\/specialty-hot-rods-classic-cars\/","title":{"rendered":"Specialty: Hot Rods &amp; Classic Cars"},"content":{"rendered":"\n<h2 class=\"gb-headline gb-headline-e048480c gb-headline-text\">Hot Rods y Autos Cl\u00e1sicos<\/h2>\n\n<p>Conserve su patrimonio y ampl\u00ede la vida de su auto cl\u00e1sico y libere el m\u00e1ximo potencial de su hot rod con productos especializados dise\u00f1ados para mejorar el rendimiento de los valiosos y potentes autos deportivos, veh\u00edculos de exposici\u00f3n, y autos cl\u00e1sicos y de colecci\u00f3n. Lucas ofrece una amplia variedad de productos para mantener en \u00f3ptimas condiciones los componentes internos de motores y embellecer la apariencia externa de cada detalle. Tenemos todo lo que necesita para aumentar el rendimiento, la longevidad y la est\u00e9tica de su veh\u00edculo. <\/p>\n","protected":false},"excerpt":{"rendered":"<p>Hot Rods y Autos Cl\u00e1sicos Conserve su patrimonio y ampl\u00ede la vida de su auto cl\u00e1sico y libere el m\u00e1ximo potencial de su hot rod con productos especializados dise\u00f1ados para mejorar el rendimiento de los valiosos y potentes autos deportivos, veh\u00edculos de exposici\u00f3n, y autos cl\u00e1sicos y de colecci\u00f3n. Lucas ofrece una amplia variedad de [&hellip;]<\/p>\n","protected":false},"author":1,"featured_media":0,"parent":0,"menu_order":0,"comment_status":"closed","ping_status":"closed","template":"lifestyle-classic-cars.php","meta":{"_acf_changed":false,"footnotes":""},"class_list":["post-29617","page","type-page","status-publish","hentry"],"acf":[],"_links":{"self":[{"href":"https:\/\/lucasoil.co.uk\/es\/wp-json\/wp\/v2\/pages\/29617","targetHints":{"allow":["GET"]}}],"collection":[{"href":"https:\/\/lucasoil.co.uk\/es\/wp-json\/wp\/v2\/pages"}],"about":[{"href":"https:\/\/lucasoil.co.uk\/es\/wp-json\/wp\/v2\/types\/page"}],"author":[{"embeddable":true,"href":"https:\/\/lucasoil.co.uk\/es\/wp-json\/wp\/v2\/users\/1"}],"replies":[{"embeddable":true,"href":"https:\/\/lucasoil.co.uk\/es\/wp-json\/wp\/v2\/comments?post=29617"}],"version-history":[{"count":1,"href":"https:\/\/lucasoil.co.uk\/es\/wp-json\/wp\/v2\/pages\/29617\/revisions"}],"predecessor-version":[{"id":29618,"href":"https:\/\/lucasoil.co.uk\/es\/wp-json\/wp\/v2\/pages\/29617\/revisions\/29618"}],"wp:attachment":[{"href":"https:\/\/lucasoil.co.uk\/es\/wp-json\/wp\/v2\/media?parent=29617"}],"curies":[{"name":"wp","href":"https:\/\/api.w.org\/{rel}","templated":true}]}}