{"id":29621,"date":"2024-04-19T15:08:22","date_gmt":"2024-04-19T19:08:22","guid":{"rendered":"https:\/\/staging.lucasoil.co.uk\/specialty-industrial\/"},"modified":"2024-11-26T17:14:58","modified_gmt":"2024-11-26T22:14:58","slug":"specialty-industrial","status":"publish","type":"page","link":"https:\/\/lucasoil.co.uk\/es\/specialty-industrial\/","title":{"rendered":"Specialty: Industrial"},"content":{"rendered":"\n<h2 class=\"gb-headline gb-headline-db048c54 gb-headline-text\">Aplicaciones Industriales<\/h2>\n\n<p>Nuestra l\u00ednea superior de lubricantes, aceites y limpiadores mantienen su maquinaria funcionando por m\u00e1s tiempo de manera eficiente y sin problemas, incluso bajo las m\u00e1s severas condiciones. Los productos de Lucas Oil ofrecen \u00f3ptima estabilidad t\u00e9rmica, resisten la oxidaci\u00f3n y garantizan un funcionamiento confiable para minimizar el tiempo de inactividad y las interrupciones en entornos industriales. <\/p>\n","protected":false},"excerpt":{"rendered":"<p>Aplicaciones Industriales Nuestra l\u00ednea superior de lubricantes, aceites y limpiadores mantienen su maquinaria funcionando por m\u00e1s tiempo de manera eficiente y sin problemas, incluso bajo las m\u00e1s severas condiciones. Los productos de Lucas Oil ofrecen \u00f3ptima estabilidad t\u00e9rmica, resisten la oxidaci\u00f3n y garantizan un funcionamiento confiable para minimizar el tiempo de inactividad y las interrupciones [&hellip;]<\/p>\n","protected":false},"author":1,"featured_media":0,"parent":0,"menu_order":0,"comment_status":"closed","ping_status":"closed","template":"lifestyle-industrial.php","meta":{"_acf_changed":false,"footnotes":""},"class_list":["post-29621","page","type-page","status-publish","hentry"],"acf":[],"_links":{"self":[{"href":"https:\/\/lucasoil.co.uk\/es\/wp-json\/wp\/v2\/pages\/29621","targetHints":{"allow":["GET"]}}],"collection":[{"href":"https:\/\/lucasoil.co.uk\/es\/wp-json\/wp\/v2\/pages"}],"about":[{"href":"https:\/\/lucasoil.co.uk\/es\/wp-json\/wp\/v2\/types\/page"}],"author":[{"embeddable":true,"href":"https:\/\/lucasoil.co.uk\/es\/wp-json\/wp\/v2\/users\/1"}],"replies":[{"embeddable":true,"href":"https:\/\/lucasoil.co.uk\/es\/wp-json\/wp\/v2\/comments?post=29621"}],"version-history":[{"count":1,"href":"https:\/\/lucasoil.co.uk\/es\/wp-json\/wp\/v2\/pages\/29621\/revisions"}],"predecessor-version":[{"id":29622,"href":"https:\/\/lucasoil.co.uk\/es\/wp-json\/wp\/v2\/pages\/29621\/revisions\/29622"}],"wp:attachment":[{"href":"https:\/\/lucasoil.co.uk\/es\/wp-json\/wp\/v2\/media?parent=29621"}],"curies":[{"name":"wp","href":"https:\/\/api.w.org\/{rel}","templated":true}]}}