{"id":29625,"date":"2024-04-19T15:37:16","date_gmt":"2024-04-19T19:37:16","guid":{"rendered":"https:\/\/staging.lucasoil.co.uk\/specialty-racing\/"},"modified":"2024-11-26T17:19:24","modified_gmt":"2024-11-26T22:19:24","slug":"specialty-racing","status":"publish","type":"page","link":"https:\/\/lucasoil.co.uk\/es\/specialty-racing\/","title":{"rendered":"Specialty: Racing"},"content":{"rendered":"\n<h2 class=\"gb-headline gb-headline-d49aac6b gb-headline-text\">Autos de Carreras<\/h2>\n\n<p>La l\u00ednea exclusiva de Lucas Oil para la industria de las carreras automovil\u00edsticas refleja la experiencia y precisi\u00f3n de nuestro equipo de investigaci\u00f3n y desarrollo con m\u00e1s de 30 a\u00f1os de liderazgo en el sector. El compromiso de Lucas Oil con optimizar el delicado equilibrio entre la potencia y durabilidad de los motores de alto desempe\u00f1o es inquebrantable. Nuestra l\u00ednea exclusiva para la industria de las carreras automovil\u00edsticas dise\u00f1ada por expertos en el campo incluye una extensa selecci\u00f3n de aceites para motor, lubricantes para engranajes, aditivos y muchos productos m\u00e1s de calidad superior para empoderar a los equipos para dar lo mejor de s\u00ed y alcanzar la m\u00e1xima ventaja competitiva posible.<\/p>\n","protected":false},"excerpt":{"rendered":"<p>Autos de Carreras La l\u00ednea exclusiva de Lucas Oil para la industria de las carreras automovil\u00edsticas refleja la experiencia y precisi\u00f3n de nuestro equipo de investigaci\u00f3n y desarrollo con m\u00e1s de 30 a\u00f1os de liderazgo en el sector. El compromiso de Lucas Oil con optimizar el delicado equilibrio entre la potencia y durabilidad de los [&hellip;]<\/p>\n","protected":false},"author":1,"featured_media":0,"parent":0,"menu_order":0,"comment_status":"closed","ping_status":"closed","template":"lifestyle-racing.php","meta":{"_acf_changed":false,"footnotes":""},"class_list":["post-29625","page","type-page","status-publish","hentry"],"acf":[],"_links":{"self":[{"href":"https:\/\/lucasoil.co.uk\/es\/wp-json\/wp\/v2\/pages\/29625","targetHints":{"allow":["GET"]}}],"collection":[{"href":"https:\/\/lucasoil.co.uk\/es\/wp-json\/wp\/v2\/pages"}],"about":[{"href":"https:\/\/lucasoil.co.uk\/es\/wp-json\/wp\/v2\/types\/page"}],"author":[{"embeddable":true,"href":"https:\/\/lucasoil.co.uk\/es\/wp-json\/wp\/v2\/users\/1"}],"replies":[{"embeddable":true,"href":"https:\/\/lucasoil.co.uk\/es\/wp-json\/wp\/v2\/comments?post=29625"}],"version-history":[{"count":1,"href":"https:\/\/lucasoil.co.uk\/es\/wp-json\/wp\/v2\/pages\/29625\/revisions"}],"predecessor-version":[{"id":29626,"href":"https:\/\/lucasoil.co.uk\/es\/wp-json\/wp\/v2\/pages\/29625\/revisions\/29626"}],"wp:attachment":[{"href":"https:\/\/lucasoil.co.uk\/es\/wp-json\/wp\/v2\/media?parent=29625"}],"curies":[{"name":"wp","href":"https:\/\/api.w.org\/{rel}","templated":true}]}}