{"id":29744,"date":"2024-05-16T12:27:58","date_gmt":"2024-05-16T16:27:58","guid":{"rendered":"https:\/\/staging.lucasoil.co.uk\/testimonios\/"},"modified":"2025-11-14T15:43:49","modified_gmt":"2025-11-14T20:43:49","slug":"testimonios","status":"publish","type":"page","link":"https:\/\/lucasoil.co.uk\/es\/testimonios\/","title":{"rendered":"Testimonios"},"content":{"rendered":"\n<h2 class=\"gb-headline gb-headline-90bed952 gb-headline-text\">\u00a1ESCUCHA LO QUE DICEN NUESTROS CLIENTES!<\/h2>\n\n<p class=\"has-text-align-center\">Lucas Oil Products se fund\u00f3 en 1989 con una simple filosof\u00eda, poner a disposici\u00f3n del mercado global la mejor l\u00ednea de lubricantes y aditivos. Estamos comprometidos con esta filosof\u00eda y actualmente seguimos produciendo los mejores aceites del mundo. <\/p>\n<div class=\"gb-container gb-container-30c9a494\">\n\n<a class=\"gb-button gb-button-5720eecc gb-button-text\" href=\"#sharestory\">Comparta la historia de Lucas Oil.<\/a>\n\n<\/div><div class=\"gb-container gb-container-fe12a466\">\n\n<h2 class=\"gb-headline gb-headline-1ef2c21a gb-headline-text\">CONSULTA OTRAS OPINIONES<\/h2>\n\n\n\n<p class=\"has-text-align-center\">Haga clic en una categor\u00eda de productos abajo para leer lo que los clientes actuales de Lucas Oil dicen acerca de sus experiencias con nuestra marca.<\/p>\n\n<\/div><div class=\"gb-container gb-container-ca1fb4e2\">\n\n<div class=\"wp-block-columns is-layout-flex wp-container-core-columns-is-layout-9d6595d7 wp-block-columns-is-layout-flex\">\n<div class=\"wp-block-column is-layout-flow wp-block-column-is-layout-flow\" style=\"flex-basis:20%\">\n<figure class=\"wp-block-image size-full\"><img loading=\"lazy\" decoding=\"async\" width=\"512\" height=\"698\" src=\"https:\/\/lucasoil.co.uk\/wp-content\/uploads\/2024\/06\/general-products.png\" alt=\"Lucas Oil Products\" class=\"wp-image-28295\" srcset=\"https:\/\/lucasoil.co.uk\/wp-content\/uploads\/2024\/06\/general-products.png 512w, https:\/\/lucasoil.co.uk\/wp-content\/uploads\/2024\/06\/general-products-220x300.png 220w\" sizes=\"auto, (max-width: 512px) 100vw, 512px\" \/><\/figure>\n<\/div>\n\n\n\n<div class=\"wp-block-column is-layout-flow wp-block-column-is-layout-flow\" style=\"flex-basis:80%\">\n<h2 class=\"gb-headline gb-headline-a84869d8 gb-headline-text\">LUCAS OIL PRODUCTS<\/h2>\n\n\n\n<p style=\"font-style:normal;font-weight:300\">Lucas Oil se enorgullece de producir una amplia y diversa gama de productos para satisfacer todas sus necesidades. Desde aceites para motor y tratamientos para combustible de calidad superior hasta lubricantes y aditivos especializados. Lucas Oil ofrece una gran variedad de soluciones dise\u00f1adas para mejorar el desempe\u00f1o de su veh\u00edculo, proteger sus componentes vitales y garantizar un funcionamiento \u00f3ptimo a los motores de todos los tipos y tama\u00f1os. <\/p>\n\n\n<div class=\"gb-grid-wrapper gb-grid-wrapper-bd7be120\">\n<div class=\"gb-grid-column gb-grid-column-a9b73b2d\"><div class=\"gb-container gb-container-a9b73b2d\">\n\n<a class=\"gb-button gb-button-f9daf2d3 gb-button-text\" href=\"https:\/\/lucasoil.co.uk\/?page_id=815\">COMPRAR ONLINE<\/a>\n\n<\/div><\/div>\n\n<div class=\"gb-grid-column gb-grid-column-ee029d5c\"><div class=\"gb-container gb-container-ee029d5c\">\n\n<a class=\"gb-button gb-button-9d6dd905 gb-button-text\" href=\"https:\/\/lucasoil.co.uk\/?page_id=815\">ENCUENTRA EN TIENDA<\/a>\n\n<\/div><\/div>\n\n<div class=\"gb-grid-column gb-grid-column-1de00515\"><div class=\"gb-container gb-container-1de00515\"><\/div><\/div>\n<\/div><\/div>\n<\/div>\n\n<\/div>","protected":false},"excerpt":{"rendered":"<p>\u00a1ESCUCHA LO QUE DICEN NUESTROS CLIENTES! Lucas Oil Products se fund\u00f3 en 1989 con una simple filosof\u00eda, poner a disposici\u00f3n del mercado global la mejor l\u00ednea de lubricantes y aditivos. Estamos comprometidos con esta filosof\u00eda y actualmente seguimos produciendo los mejores aceites del mundo. CONSULTA OTRAS OPINIONES Haga clic en una categor\u00eda de productos abajo [&hellip;]<\/p>\n","protected":false},"author":1,"featured_media":0,"parent":0,"menu_order":0,"comment_status":"closed","ping_status":"closed","template":"category-testimonial.php","meta":{"_acf_changed":false,"footnotes":""},"class_list":["post-29744","page","type-page","status-publish","hentry"],"acf":[],"_links":{"self":[{"href":"https:\/\/lucasoil.co.uk\/es\/wp-json\/wp\/v2\/pages\/29744","targetHints":{"allow":["GET"]}}],"collection":[{"href":"https:\/\/lucasoil.co.uk\/es\/wp-json\/wp\/v2\/pages"}],"about":[{"href":"https:\/\/lucasoil.co.uk\/es\/wp-json\/wp\/v2\/types\/page"}],"author":[{"embeddable":true,"href":"https:\/\/lucasoil.co.uk\/es\/wp-json\/wp\/v2\/users\/1"}],"replies":[{"embeddable":true,"href":"https:\/\/lucasoil.co.uk\/es\/wp-json\/wp\/v2\/comments?post=29744"}],"version-history":[{"count":4,"href":"https:\/\/lucasoil.co.uk\/es\/wp-json\/wp\/v2\/pages\/29744\/revisions"}],"predecessor-version":[{"id":31100,"href":"https:\/\/lucasoil.co.uk\/es\/wp-json\/wp\/v2\/pages\/29744\/revisions\/31100"}],"wp:attachment":[{"href":"https:\/\/lucasoil.co.uk\/es\/wp-json\/wp\/v2\/media?parent=29744"}],"curies":[{"name":"wp","href":"https:\/\/api.w.org\/{rel}","templated":true}]}}