{"id":31125,"date":"2024-06-04T16:25:21","date_gmt":"2024-06-04T20:25:21","guid":{"rendered":"https:\/\/lucasoil.co.uk\/testimonios\/testimonios-aceites-de-motor\/"},"modified":"2025-11-25T11:37:36","modified_gmt":"2025-11-25T16:37:36","slug":"testimonios-aceites-de-motor","status":"publish","type":"page","link":"https:\/\/lucasoil.co.uk\/es\/testimonios\/testimonios-aceites-de-motor\/","title":{"rendered":"Testimonios &#8211; Aceites de motor"},"content":{"rendered":"\n<h2 class=\"gb-headline gb-headline-90bed952 gb-headline-text\">Conozca las opiniones de nuestros clientes.<\/h2>\n\n<p class=\"has-text-align-center\">Lucas Oil Products se fund\u00f3 en 1989 con una simple filosof\u00eda, poner a disposici\u00f3n del mercado global la mejor l\u00ednea de lubricantes y aditivos. Estamos comprometidos con esta filosof\u00eda y actualmente seguimos produciendo los mejores aceites del mundo. <\/p>\n<div class=\"gb-container gb-container-30c9a494\">\n\n<a class=\"gb-button gb-button-5720eecc gb-button-text\" href=\"#sharestory\">Comparta la historia de Lucas Oil.<\/a>\n\n<\/div><div class=\"gb-container gb-container-fe12a466\">\n\n<h2 class=\"gb-headline gb-headline-1ef2c21a gb-headline-text\">CONSULTA OTRAS OPINIONES<\/h2>\n\n\n\n<p class=\"has-text-align-center\">Haga clic en una categor\u00eda de productos abajo para leer lo que los clientes actuales de Lucas Oil dicen acerca de sus experiencias con nuestra marca.<\/p>\n\n<\/div><div class=\"gb-container gb-container-ca1fb4e2\">\n\n<div class=\"wp-block-columns is-layout-flex wp-container-core-columns-is-layout-9d6595d7 wp-block-columns-is-layout-flex\">\n<div class=\"wp-block-column is-layout-flow wp-block-column-is-layout-flow\" style=\"flex-basis:20%\">\n<figure class=\"wp-block-image size-full\"><img loading=\"lazy\" decoding=\"async\" width=\"512\" height=\"698\" src=\"https:\/\/lucasoil.co.uk\/wp-content\/uploads\/2024\/06\/motor-oils.png\" alt=\"\" class=\"wp-image-28331\" srcset=\"https:\/\/lucasoil.co.uk\/wp-content\/uploads\/2024\/06\/motor-oils.png 512w, https:\/\/lucasoil.co.uk\/wp-content\/uploads\/2024\/06\/motor-oils-220x300.png 220w\" sizes=\"auto, (max-width: 512px) 100vw, 512px\" \/><\/figure>\n<\/div>\n\n\n\n<div class=\"wp-block-column is-layout-flow wp-block-column-is-layout-flow\" style=\"flex-basis:80%\">\n<h2 class=\"gb-headline gb-headline-a84869d8 gb-headline-text\">ACEITES DE MOTOR<\/h2>\n\n\n\n<p style=\"font-style:normal;font-weight:300\">Lucas ofrece el mejor rendimiento y protecci\u00f3n superior a todo tipo de motores. Nuestra avanzada y amplia gama de aceites para motor de calidad superior brindan una excelente lubricaci\u00f3n, reducen la fricci\u00f3n y el desgaste y, a la vez, maximizan el desempe\u00f1o y la eficiencia energ\u00e9tica de su veh\u00edculo. Nuestros aceites est\u00e1n fortificados con una mezcla precisa de aditivos para brindar una mejor estabilidad t\u00e9cnica, excelente resistencia a la oxidaci\u00f3n y alto control de la viscosidad para garantizar una lubricaci\u00f3n \u00f3ptima incluso bajo las m\u00e1s extremas condiciones de funcionamiento. <\/p>\n\n\n<div class=\"gb-grid-wrapper gb-grid-wrapper-bd7be120\">\n<div class=\"gb-grid-column gb-grid-column-1de00515\"><div class=\"gb-container gb-container-1de00515\">\n\n<a class=\"gb-button gb-button-c041ac70 gb-button-text\" href=\"https:\/\/lucasoil.co.uk\/es\/category-engine-oil\/\">M\u00c1S INFORMACI\u00d3N<\/a>\n\n<\/div><\/div>\n\n<div class=\"gb-grid-column gb-grid-column-a9b73b2d\"><div class=\"gb-container gb-container-a9b73b2d\">\n\n<a class=\"gb-button gb-button-f9daf2d3 gb-button-text\" href=\"https:\/\/lucasoil.co.uk\/where-to-buy\/\">COMPRAR ONLINE<\/a>\n\n<\/div><\/div>\n\n<div class=\"gb-grid-column gb-grid-column-ee029d5c\"><div class=\"gb-container gb-container-ee029d5c\">\n\n<a class=\"gb-button gb-button-9d6dd905 gb-button-text\" href=\"https:\/\/lucasoil.co.uk\/where-to-buy\/\">ENCUENTRA EN TIENDA<\/a>\n\n<\/div><\/div>\n<\/div><\/div>\n<\/div>\n\n<\/div>","protected":false},"excerpt":{"rendered":"<p>Conozca las opiniones de nuestros clientes. Lucas Oil Products se fund\u00f3 en 1989 con una simple filosof\u00eda, poner a disposici\u00f3n del mercado global la mejor l\u00ednea de lubricantes y aditivos. Estamos comprometidos con esta filosof\u00eda y actualmente seguimos produciendo los mejores aceites del mundo. CONSULTA OTRAS OPINIONES Haga clic en una categor\u00eda de productos abajo [&hellip;]<\/p>\n","protected":false},"author":1,"featured_media":0,"parent":29744,"menu_order":0,"comment_status":"closed","ping_status":"closed","template":"category-testimonial-motoroil.php","meta":{"_acf_changed":false,"footnotes":""},"class_list":["post-31125","page","type-page","status-publish","hentry"],"acf":[],"_links":{"self":[{"href":"https:\/\/lucasoil.co.uk\/es\/wp-json\/wp\/v2\/pages\/31125","targetHints":{"allow":["GET"]}}],"collection":[{"href":"https:\/\/lucasoil.co.uk\/es\/wp-json\/wp\/v2\/pages"}],"about":[{"href":"https:\/\/lucasoil.co.uk\/es\/wp-json\/wp\/v2\/types\/page"}],"author":[{"embeddable":true,"href":"https:\/\/lucasoil.co.uk\/es\/wp-json\/wp\/v2\/users\/1"}],"replies":[{"embeddable":true,"href":"https:\/\/lucasoil.co.uk\/es\/wp-json\/wp\/v2\/comments?post=31125"}],"version-history":[{"count":4,"href":"https:\/\/lucasoil.co.uk\/es\/wp-json\/wp\/v2\/pages\/31125\/revisions"}],"predecessor-version":[{"id":31147,"href":"https:\/\/lucasoil.co.uk\/es\/wp-json\/wp\/v2\/pages\/31125\/revisions\/31147"}],"up":[{"embeddable":true,"href":"https:\/\/lucasoil.co.uk\/es\/wp-json\/wp\/v2\/pages\/29744"}],"wp:attachment":[{"href":"https:\/\/lucasoil.co.uk\/es\/wp-json\/wp\/v2\/media?parent=31125"}],"curies":[{"name":"wp","href":"https:\/\/api.w.org\/{rel}","templated":true}]}}