{"id":31131,"date":"2024-06-04T16:25:44","date_gmt":"2024-06-04T20:25:44","guid":{"rendered":"https:\/\/lucasoil.co.uk\/testimonios\/testimonios-transmision\/"},"modified":"2025-11-25T11:36:51","modified_gmt":"2025-11-25T16:36:51","slug":"testimonios-transmision","status":"publish","type":"page","link":"https:\/\/lucasoil.co.uk\/es\/testimonios\/testimonios-transmision\/","title":{"rendered":"Testimonios &#8211; Transmisi\u00f3n"},"content":{"rendered":"\n<h2 class=\"gb-headline gb-headline-90bed952 gb-headline-text\">Conozca las opiniones de nuestros clientes.<\/h2>\n\n<p class=\"has-text-align-center\">Lucas Oil Products se fund\u00f3 en 1989 con una simple filosof\u00eda, poner a disposici\u00f3n del mercado global la mejor l\u00ednea de lubricantes y aditivos. Estamos comprometidos con esta filosof\u00eda y actualmente seguimos produciendo los mejores aceites del mundo. <\/p>\n<div class=\"gb-container gb-container-30c9a494\">\n\n<a class=\"gb-button gb-button-5720eecc gb-button-text\" href=\"#sharestory\">Comparta la historia de Lucas Oil.<\/a>\n\n<\/div><div class=\"gb-container gb-container-fe12a466\">\n\n<h2 class=\"gb-headline gb-headline-1ef2c21a gb-headline-text\">CONSULTA OTRAS OPINIONES<\/h2>\n\n\n\n<p class=\"has-text-align-center\">Haga clic en una categor\u00eda de productos abajo para leer lo que los clientes actuales de Lucas Oil dicen acerca de sus experiencias con nuestra marca.<\/p>\n\n<\/div><div class=\"gb-container gb-container-ca1fb4e2\">\n\n<div class=\"wp-block-columns is-layout-flex wp-container-core-columns-is-layout-9d6595d7 wp-block-columns-is-layout-flex\">\n<div class=\"wp-block-column is-layout-flow wp-block-column-is-layout-flow\" style=\"flex-basis:20%\">\n<figure class=\"wp-block-image size-full\"><img loading=\"lazy\" decoding=\"async\" width=\"512\" height=\"698\" src=\"https:\/\/lucasoil.co.uk\/wp-content\/uploads\/2024\/06\/transmission.png\" alt=\"Productos de transmisi&#xF3;n\" class=\"wp-image-28333\" srcset=\"https:\/\/lucasoil.co.uk\/wp-content\/uploads\/2024\/06\/transmission.png 512w, https:\/\/lucasoil.co.uk\/wp-content\/uploads\/2024\/06\/transmission-220x300.png 220w\" sizes=\"auto, (max-width: 512px) 100vw, 512px\" \/><\/figure>\n<\/div>\n\n\n\n<div class=\"wp-block-column is-layout-flow wp-block-column-is-layout-flow\" style=\"flex-basis:80%\">\n<h2 class=\"gb-headline gb-headline-a84869d8 gb-headline-text\">TRANSMISI\u00d3N<\/h2>\n\n\n\n<p style=\"font-style:normal;font-weight:300\">Nuestras mezclas est\u00e1n formuladas espec\u00edficamente para eliminar los ruidos, evitar el deslizamiento, detener las fugas, proteger contra el desgaste y evitar los cambios bruscos, adem\u00e1s de extender significativamente la vida \u00fatil de las transmisiones de una amplia gama de diversas aplicaciones. Los productos para la transmisi\u00f3n de Lucas Oil brindan cambios m\u00e1s suaves y confiables y son ideales para las transmisiones desgastadas, equipo agr\u00edcola, autos de pasajeros, cortadoras de c\u00e9sped, camiones de equipo pesado y otros veh\u00edculos de alto rendimiento. <\/p>\n\n\n<div class=\"gb-grid-wrapper gb-grid-wrapper-bd7be120\">\n<div class=\"gb-grid-column gb-grid-column-1de00515\"><div class=\"gb-container gb-container-1de00515\">\n\n<a class=\"gb-button gb-button-c041ac70 gb-button-text\" href=\"https:\/\/lucasoil.co.uk\/es\/category-transmission\/\">M\u00c1S INFORMACI\u00d3N<\/a>\n\n<\/div><\/div>\n\n<div class=\"gb-grid-column gb-grid-column-a9b73b2d\"><div class=\"gb-container gb-container-a9b73b2d\">\n\n<a class=\"gb-button gb-button-f9daf2d3 gb-button-text\" href=\"https:\/\/lucasoil.co.uk\/where-to-buy\/\">COMPRAR ONLINE<\/a>\n\n<\/div><\/div>\n\n<div class=\"gb-grid-column gb-grid-column-ee029d5c\"><div class=\"gb-container gb-container-ee029d5c\">\n\n<a class=\"gb-button gb-button-9d6dd905 gb-button-text\" href=\"https:\/\/lucasoil.co.uk\/where-to-buy\/\">ENCUENTRA EN TIENDA<\/a>\n\n<\/div><\/div>\n<\/div><\/div>\n<\/div>\n\n<\/div>","protected":false},"excerpt":{"rendered":"<p>Conozca las opiniones de nuestros clientes. Lucas Oil Products se fund\u00f3 en 1989 con una simple filosof\u00eda, poner a disposici\u00f3n del mercado global la mejor l\u00ednea de lubricantes y aditivos. Estamos comprometidos con esta filosof\u00eda y actualmente seguimos produciendo los mejores aceites del mundo. CONSULTA OTRAS OPINIONES Haga clic en una categor\u00eda de productos abajo [&hellip;]<\/p>\n","protected":false},"author":1,"featured_media":0,"parent":29744,"menu_order":0,"comment_status":"closed","ping_status":"closed","template":"category-testimonial-transmission.php","meta":{"_acf_changed":false,"footnotes":""},"class_list":["post-31131","page","type-page","status-publish","hentry"],"acf":[],"_links":{"self":[{"href":"https:\/\/lucasoil.co.uk\/es\/wp-json\/wp\/v2\/pages\/31131","targetHints":{"allow":["GET"]}}],"collection":[{"href":"https:\/\/lucasoil.co.uk\/es\/wp-json\/wp\/v2\/pages"}],"about":[{"href":"https:\/\/lucasoil.co.uk\/es\/wp-json\/wp\/v2\/types\/page"}],"author":[{"embeddable":true,"href":"https:\/\/lucasoil.co.uk\/es\/wp-json\/wp\/v2\/users\/1"}],"replies":[{"embeddable":true,"href":"https:\/\/lucasoil.co.uk\/es\/wp-json\/wp\/v2\/comments?post=31131"}],"version-history":[{"count":6,"href":"https:\/\/lucasoil.co.uk\/es\/wp-json\/wp\/v2\/pages\/31131\/revisions"}],"predecessor-version":[{"id":31145,"href":"https:\/\/lucasoil.co.uk\/es\/wp-json\/wp\/v2\/pages\/31131\/revisions\/31145"}],"up":[{"embeddable":true,"href":"https:\/\/lucasoil.co.uk\/es\/wp-json\/wp\/v2\/pages\/29744"}],"wp:attachment":[{"href":"https:\/\/lucasoil.co.uk\/es\/wp-json\/wp\/v2\/media?parent=31131"}],"curies":[{"name":"wp","href":"https:\/\/api.w.org\/{rel}","templated":true}]}}