{"id":31233,"date":"2024-04-23T15:32:19","date_gmt":"2024-04-23T19:32:19","guid":{"rendered":"https:\/\/lucasoil.co.uk\/?page_id=31233"},"modified":"2025-11-25T12:04:25","modified_gmt":"2025-11-25T17:04:25","slug":"club-de-descuentos-para-pilotos","status":"publish","type":"page","link":"https:\/\/lucasoil.co.uk\/es\/club-de-descuentos-para-pilotos\/","title":{"rendered":"Club de descuentos para pilotos"},"content":{"rendered":"<div class=\"gb-container gb-container-d902b4ce\">\n<div class=\"wp-block-image\">\n<figure class=\"aligncenter size-full\"><img loading=\"lazy\" decoding=\"async\" width=\"350\" height=\"306\" src=\"\/wp-content\/uploads\/2024\/04\/lucasoil-racer-discount-club.gif\" alt=\"\" class=\"wp-image-1037\"\/><\/figure>\n<\/div>\n\n\n<p>El Lucas Oil Racer Discount Club o \u00abLORDC\u00bb es un programa dise\u00f1ado espec\u00edficamente para ayudar a los pilotos de base y a los entusiastas del automovilismo a acceder a descuentos en los productos Lucas Oil de nuestros socios minoristas LORDC cuidadosamente seleccionados.<\/p>\n\n\n\n<p>Reg\u00edstrate ahora para recibir tu paquete de afiliaci\u00f3n gratuito, que contiene varios regalos de Lucas Oil, como camisetas y calcoman\u00edas, as\u00ed como para acceder a ofertas y concursos exclusivos de Lucas Oil Products.<\/p>\n\n\n\n<p>Tanto si est\u00e1s esprintando en el circuito como si simplemente vas al trabajo, Lucas Oil te proporciona la protecci\u00f3n que necesitas para tu motor, caja de cambios, combustible, refrigeraci\u00f3n y sistemas de direcci\u00f3n asistida.<\/p>\n\n\n\n<a class=\"gb-button gb-button-1b9eb2c0 gb-button-text\" href=\"https:\/\/lucasoil.co.uk\/?page_id=1057\">\u00a1Solicita HOY tu Tarjeta de Descuento Lucas Oil Racer!<\/a>\n\n<\/div>\n<hr class=\"wp-block-separator has-alpha-channel-opacity\"\/>\n<div class=\"gb-container gb-container-93693d66\">\n\n<h2 class=\"gb-headline gb-headline-f3940ab7 gb-headline-text\">Galer\u00eda de fotos de miembros<\/h2>\n\n\n\n<figure class=\"wp-block-gallery has-nested-images columns-default is-cropped animate__animated animate__fadeInUp wp-block-gallery-1 is-layout-flex wp-block-gallery-is-layout-flex\">\n<figure class=\"wp-block-image size-large\"><img loading=\"lazy\" decoding=\"async\" width=\"1024\" height=\"683\" data-id=\"1040\" src=\"\/wp-content\/uploads\/2024\/04\/1Q8A4582aR2-1024x683.jpg\" alt=\"\" class=\"wp-image-1040\" srcset=\"https:\/\/lucasoil.co.uk\/wp-content\/uploads\/2024\/04\/1Q8A4582aR2-1024x683.jpg 1024w, https:\/\/lucasoil.co.uk\/wp-content\/uploads\/2024\/04\/1Q8A4582aR2-300x200.jpg 300w, https:\/\/lucasoil.co.uk\/wp-content\/uploads\/2024\/04\/1Q8A4582aR2-768x512.jpg 768w, https:\/\/lucasoil.co.uk\/wp-content\/uploads\/2024\/04\/1Q8A4582aR2-1536x1025.jpg 1536w, https:\/\/lucasoil.co.uk\/wp-content\/uploads\/2024\/04\/1Q8A4582aR2.jpg 2000w\" sizes=\"auto, (max-width: 1024px) 100vw, 1024px\" \/><\/figure>\n\n\n\n<figure class=\"wp-block-image size-large\"><img loading=\"lazy\" decoding=\"async\" width=\"1024\" height=\"771\" data-id=\"1041\" src=\"\/wp-content\/uploads\/2024\/04\/PXL_20220506_123817513-1024x771.jpg\" alt=\"\" class=\"wp-image-1041\" srcset=\"https:\/\/lucasoil.co.uk\/wp-content\/uploads\/2024\/04\/PXL_20220506_123817513-1024x771.jpg 1024w, https:\/\/lucasoil.co.uk\/wp-content\/uploads\/2024\/04\/PXL_20220506_123817513-300x226.jpg 300w, https:\/\/lucasoil.co.uk\/wp-content\/uploads\/2024\/04\/PXL_20220506_123817513-768x578.jpg 768w, https:\/\/lucasoil.co.uk\/wp-content\/uploads\/2024\/04\/PXL_20220506_123817513-1536x1157.jpg 1536w, https:\/\/lucasoil.co.uk\/wp-content\/uploads\/2024\/04\/PXL_20220506_123817513.jpg 2000w\" sizes=\"auto, (max-width: 1024px) 100vw, 1024px\" \/><\/figure>\n\n\n\n<figure class=\"wp-block-image size-large\"><img loading=\"lazy\" decoding=\"async\" width=\"1024\" height=\"646\" data-id=\"1043\" src=\"\/wp-content\/uploads\/2024\/04\/James-Rudd-1024x646.jpg\" alt=\"\" class=\"wp-image-1043\" srcset=\"https:\/\/lucasoil.co.uk\/wp-content\/uploads\/2024\/04\/James-Rudd-1024x646.jpg 1024w, https:\/\/lucasoil.co.uk\/wp-content\/uploads\/2024\/04\/James-Rudd-300x189.jpg 300w, https:\/\/lucasoil.co.uk\/wp-content\/uploads\/2024\/04\/James-Rudd-768x484.jpg 768w, https:\/\/lucasoil.co.uk\/wp-content\/uploads\/2024\/04\/James-Rudd-1536x968.jpg 1536w, https:\/\/lucasoil.co.uk\/wp-content\/uploads\/2024\/04\/James-Rudd.jpg 2000w\" sizes=\"auto, (max-width: 1024px) 100vw, 1024px\" \/><\/figure>\n\n\n\n<figure class=\"wp-block-image size-large\"><img loading=\"lazy\" decoding=\"async\" width=\"1024\" height=\"768\" data-id=\"1044\" src=\"\/wp-content\/uploads\/2024\/04\/IMG_20220703_143418-1024x768.jpg\" alt=\"\" class=\"wp-image-1044\" srcset=\"https:\/\/lucasoil.co.uk\/wp-content\/uploads\/2024\/04\/IMG_20220703_143418-1024x768.jpg 1024w, https:\/\/lucasoil.co.uk\/wp-content\/uploads\/2024\/04\/IMG_20220703_143418-300x225.jpg 300w, https:\/\/lucasoil.co.uk\/wp-content\/uploads\/2024\/04\/IMG_20220703_143418-768x576.jpg 768w, https:\/\/lucasoil.co.uk\/wp-content\/uploads\/2024\/04\/IMG_20220703_143418-1536x1152.jpg 1536w, https:\/\/lucasoil.co.uk\/wp-content\/uploads\/2024\/04\/IMG_20220703_143418.jpg 2000w\" sizes=\"auto, (max-width: 1024px) 100vw, 1024px\" \/><\/figure>\n\n\n\n<figure class=\"wp-block-image size-large\"><img loading=\"lazy\" decoding=\"async\" width=\"683\" height=\"683\" data-id=\"1039\" src=\"\/wp-content\/uploads\/2024\/04\/IMG_20220424_205426_631.jpg\" alt=\"\" class=\"wp-image-1039\" srcset=\"https:\/\/lucasoil.co.uk\/wp-content\/uploads\/2024\/04\/IMG_20220424_205426_631.jpg 683w, https:\/\/lucasoil.co.uk\/wp-content\/uploads\/2024\/04\/IMG_20220424_205426_631-300x300.jpg 300w, https:\/\/lucasoil.co.uk\/wp-content\/uploads\/2024\/04\/IMG_20220424_205426_631-150x150.jpg 150w\" sizes=\"auto, (max-width: 683px) 100vw, 683px\" \/><\/figure>\n\n\n\n<figure class=\"wp-block-image size-large\"><img loading=\"lazy\" decoding=\"async\" width=\"1024\" height=\"768\" data-id=\"1042\" src=\"\/wp-content\/uploads\/2024\/04\/IMG-20220602-WA0012-1024x768.jpg\" alt=\"\" class=\"wp-image-1042\" srcset=\"https:\/\/lucasoil.co.uk\/wp-content\/uploads\/2024\/04\/IMG-20220602-WA0012-1024x768.jpg 1024w, https:\/\/lucasoil.co.uk\/wp-content\/uploads\/2024\/04\/IMG-20220602-WA0012-300x225.jpg 300w, https:\/\/lucasoil.co.uk\/wp-content\/uploads\/2024\/04\/IMG-20220602-WA0012-768x576.jpg 768w, https:\/\/lucasoil.co.uk\/wp-content\/uploads\/2024\/04\/IMG-20220602-WA0012-1536x1152.jpg 1536w, https:\/\/lucasoil.co.uk\/wp-content\/uploads\/2024\/04\/IMG-20220602-WA0012.jpg 2000w\" sizes=\"auto, (max-width: 1024px) 100vw, 1024px\" \/><\/figure>\n\n\n\n<figure class=\"wp-block-image size-large\"><img loading=\"lazy\" decoding=\"async\" width=\"1024\" height=\"682\" data-id=\"1045\" src=\"\/wp-content\/uploads\/2024\/04\/CMR-Racing-1024x682.jpg\" alt=\"\" class=\"wp-image-1045\" srcset=\"https:\/\/lucasoil.co.uk\/wp-content\/uploads\/2024\/04\/CMR-Racing-1024x682.jpg 1024w, https:\/\/lucasoil.co.uk\/wp-content\/uploads\/2024\/04\/CMR-Racing-300x200.jpg 300w, https:\/\/lucasoil.co.uk\/wp-content\/uploads\/2024\/04\/CMR-Racing-768x511.jpg 768w, https:\/\/lucasoil.co.uk\/wp-content\/uploads\/2024\/04\/CMR-Racing-1536x1023.jpg 1536w, https:\/\/lucasoil.co.uk\/wp-content\/uploads\/2024\/04\/CMR-Racing.jpg 2000w\" sizes=\"auto, (max-width: 1024px) 100vw, 1024px\" \/><\/figure>\n\n\n\n<figure class=\"wp-block-image size-large\"><img loading=\"lazy\" decoding=\"async\" width=\"1024\" height=\"768\" data-id=\"1047\" src=\"\/wp-content\/uploads\/2024\/04\/20220917_111019-1024x768.jpg\" alt=\"\" class=\"wp-image-1047\" srcset=\"https:\/\/lucasoil.co.uk\/wp-content\/uploads\/2024\/04\/20220917_111019-1024x768.jpg 1024w, https:\/\/lucasoil.co.uk\/wp-content\/uploads\/2024\/04\/20220917_111019-300x225.jpg 300w, https:\/\/lucasoil.co.uk\/wp-content\/uploads\/2024\/04\/20220917_111019-768x576.jpg 768w, https:\/\/lucasoil.co.uk\/wp-content\/uploads\/2024\/04\/20220917_111019-1536x1152.jpg 1536w, https:\/\/lucasoil.co.uk\/wp-content\/uploads\/2024\/04\/20220917_111019.jpg 2000w\" sizes=\"auto, (max-width: 1024px) 100vw, 1024px\" \/><\/figure>\n\n\n\n<figure class=\"wp-block-image size-large\"><img loading=\"lazy\" decoding=\"async\" width=\"1024\" height=\"473\" data-id=\"1048\" src=\"\/wp-content\/uploads\/2024\/04\/20220824_121814-1024x473.jpg\" alt=\"\" class=\"wp-image-1048\" srcset=\"https:\/\/lucasoil.co.uk\/wp-content\/uploads\/2024\/04\/20220824_121814-1024x473.jpg 1024w, https:\/\/lucasoil.co.uk\/wp-content\/uploads\/2024\/04\/20220824_121814-300x139.jpg 300w, https:\/\/lucasoil.co.uk\/wp-content\/uploads\/2024\/04\/20220824_121814-768x355.jpg 768w, https:\/\/lucasoil.co.uk\/wp-content\/uploads\/2024\/04\/20220824_121814-1536x710.jpg 1536w, https:\/\/lucasoil.co.uk\/wp-content\/uploads\/2024\/04\/20220824_121814.jpg 2000w\" sizes=\"auto, (max-width: 1024px) 100vw, 1024px\" \/><\/figure>\n\n\n\n<figure class=\"wp-block-image size-large\"><img loading=\"lazy\" decoding=\"async\" width=\"1024\" height=\"461\" data-id=\"1046\" src=\"\/wp-content\/uploads\/2024\/04\/20220319_153350-1024x461.jpg\" alt=\"\" class=\"wp-image-1046\" srcset=\"https:\/\/lucasoil.co.uk\/wp-content\/uploads\/2024\/04\/20220319_153350-1024x461.jpg 1024w, https:\/\/lucasoil.co.uk\/wp-content\/uploads\/2024\/04\/20220319_153350-300x135.jpg 300w, https:\/\/lucasoil.co.uk\/wp-content\/uploads\/2024\/04\/20220319_153350-768x346.jpg 768w, https:\/\/lucasoil.co.uk\/wp-content\/uploads\/2024\/04\/20220319_153350-1536x692.jpg 1536w, https:\/\/lucasoil.co.uk\/wp-content\/uploads\/2024\/04\/20220319_153350.jpg 2000w\" sizes=\"auto, (max-width: 1024px) 100vw, 1024px\" \/><\/figure>\n<\/figure>\n\n<\/div>\n<hr class=\"wp-block-separator has-alpha-channel-opacity\"\/>\n<div class=\"gb-container gb-container-b55c5b7f\">\n\n<h2 class=\"wp-block-heading\">Distribuidores autorizados<\/h2>\n\n\n<div class=\"gb-grid-wrapper gb-grid-wrapper-77364008\">\n<div class=\"gb-grid-column gb-grid-column-048bf879\"><div class=\"gb-container gb-container-048bf879\">\n<div class=\"wp-block-image\">\n<figure class=\"aligncenter size-large is-resized\"><a href=\"https:\/\/www.serckmotorsport.co.uk\/brand\/lucas\/\"><img loading=\"lazy\" decoding=\"async\" width=\"1024\" height=\"384\" src=\"\/wp-content\/uploads\/2024\/04\/Serck-Motorsport-Unipart-HighRes-1024x384.jpg\" alt=\"\" class=\"wp-image-1049\" style=\"width:250px\" srcset=\"https:\/\/lucasoil.co.uk\/wp-content\/uploads\/2024\/04\/Serck-Motorsport-Unipart-HighRes-1024x384.jpg 1024w, https:\/\/lucasoil.co.uk\/wp-content\/uploads\/2024\/04\/Serck-Motorsport-Unipart-HighRes-300x113.jpg 300w, https:\/\/lucasoil.co.uk\/wp-content\/uploads\/2024\/04\/Serck-Motorsport-Unipart-HighRes-768x288.jpg 768w, https:\/\/lucasoil.co.uk\/wp-content\/uploads\/2024\/04\/Serck-Motorsport-Unipart-HighRes.jpg 1200w\" sizes=\"auto, (max-width: 1024px) 100vw, 1024px\" \/><\/a><\/figure>\n<\/div>\n<\/div><\/div>\n\n<div class=\"gb-grid-column gb-grid-column-5dbb5eeb\"><div class=\"gb-container gb-container-5dbb5eeb\">\n<div class=\"wp-block-image\">\n<figure class=\"aligncenter size-full is-resized\"><a href=\"https:\/\/www.demon-tweeks.com\/us\/motorsport\/oils-fluids\/shop-by\/brand\/3098\/\"><img loading=\"lazy\" decoding=\"async\" width=\"358\" height=\"163\" src=\"\/wp-content\/uploads\/2024\/04\/demon-tweeks.jpg\" alt=\"\" class=\"wp-image-1050\" style=\"width:250px\" srcset=\"https:\/\/lucasoil.co.uk\/wp-content\/uploads\/2024\/04\/demon-tweeks.jpg 358w, https:\/\/lucasoil.co.uk\/wp-content\/uploads\/2024\/04\/demon-tweeks-300x137.jpg 300w\" sizes=\"auto, (max-width: 358px) 100vw, 358px\" \/><\/a><\/figure>\n<\/div>\n<\/div><\/div>\n\n<div class=\"gb-grid-column gb-grid-column-7e4b9241\"><div class=\"gb-container gb-container-7e4b9241\">\n<div class=\"wp-block-image\">\n<figure class=\"aligncenter size-full is-resized\"><a href=\"http:\/\/www.santapod.co.uk\/\"><img loading=\"lazy\" decoding=\"async\" width=\"358\" height=\"163\" src=\"\/wp-content\/uploads\/2024\/04\/s_lordc_santapod.jpg\" alt=\"\" class=\"wp-image-1052\" style=\"width:250px\" srcset=\"https:\/\/lucasoil.co.uk\/wp-content\/uploads\/2024\/04\/s_lordc_santapod.jpg 358w, https:\/\/lucasoil.co.uk\/wp-content\/uploads\/2024\/04\/s_lordc_santapod-300x137.jpg 300w\" sizes=\"auto, (max-width: 358px) 100vw, 358px\" \/><\/a><\/figure>\n<\/div>\n<\/div><\/div>\n\n<div class=\"gb-grid-column gb-grid-column-2eddda2f\"><div class=\"gb-container gb-container-2eddda2f\">\n<div class=\"wp-block-image\">\n<figure class=\"aligncenter size-full is-resized\"><a href=\"https:\/\/en-gb.facebook.com\/aemotorsportuk\/\"><img loading=\"lazy\" decoding=\"async\" width=\"358\" height=\"163\" src=\"\/wp-content\/uploads\/2024\/04\/AE-Motorsport.jpg\" alt=\"\" class=\"wp-image-1051\" style=\"width:250px\" srcset=\"https:\/\/lucasoil.co.uk\/wp-content\/uploads\/2024\/04\/AE-Motorsport.jpg 358w, https:\/\/lucasoil.co.uk\/wp-content\/uploads\/2024\/04\/AE-Motorsport-300x137.jpg 300w\" sizes=\"auto, (max-width: 358px) 100vw, 358px\" \/><\/a><\/figure>\n<\/div>\n<\/div><\/div>\n<\/div>\n<\/div>","protected":false},"excerpt":{"rendered":"<p>El Lucas Oil Racer Discount Club o \u00abLORDC\u00bb es un programa dise\u00f1ado espec\u00edficamente para ayudar a los pilotos de base y a los entusiastas del automovilismo a acceder a descuentos en los productos Lucas Oil de nuestros socios minoristas LORDC cuidadosamente seleccionados. Reg\u00edstrate ahora para recibir tu paquete de afiliaci\u00f3n gratuito, que contiene varios regalos [&hellip;]<\/p>\n","protected":false},"author":1,"featured_media":0,"parent":0,"menu_order":0,"comment_status":"closed","ping_status":"closed","template":"page-nonblock.php","meta":{"_acf_changed":false,"footnotes":""},"class_list":["post-31233","page","type-page","status-publish","hentry"],"acf":[],"_links":{"self":[{"href":"https:\/\/lucasoil.co.uk\/es\/wp-json\/wp\/v2\/pages\/31233","targetHints":{"allow":["GET"]}}],"collection":[{"href":"https:\/\/lucasoil.co.uk\/es\/wp-json\/wp\/v2\/pages"}],"about":[{"href":"https:\/\/lucasoil.co.uk\/es\/wp-json\/wp\/v2\/types\/page"}],"author":[{"embeddable":true,"href":"https:\/\/lucasoil.co.uk\/es\/wp-json\/wp\/v2\/users\/1"}],"replies":[{"embeddable":true,"href":"https:\/\/lucasoil.co.uk\/es\/wp-json\/wp\/v2\/comments?post=31233"}],"version-history":[{"count":2,"href":"https:\/\/lucasoil.co.uk\/es\/wp-json\/wp\/v2\/pages\/31233\/revisions"}],"predecessor-version":[{"id":31235,"href":"https:\/\/lucasoil.co.uk\/es\/wp-json\/wp\/v2\/pages\/31233\/revisions\/31235"}],"wp:attachment":[{"href":"https:\/\/lucasoil.co.uk\/es\/wp-json\/wp\/v2\/media?parent=31233"}],"curies":[{"name":"wp","href":"https:\/\/api.w.org\/{rel}","templated":true}]}}