{"id":31265,"date":"2024-04-19T15:11:42","date_gmt":"2024-04-19T19:11:42","guid":{"rendered":"https:\/\/lucasoil.co.uk\/especialidad-marina\/"},"modified":"2025-11-25T12:04:51","modified_gmt":"2025-11-25T17:04:51","slug":"especialidad-marina","status":"publish","type":"page","link":"https:\/\/lucasoil.co.uk\/es\/especialidad-marina\/","title":{"rendered":"Especialidad: Marina"},"content":{"rendered":"\n<h2 class=\"gb-headline gb-headline-31aad6ec gb-headline-text\">MARINA<\/h2>\n\n<p>Prep\u00e1rate para el agua con la amplia gama de aceites marinos, aditivos y productos de apariencia de alto rendimiento de Lucas. Dise\u00f1ados para optimizar el rendimiento y la protecci\u00f3n del motor en entornos marinos, nuestros aditivos para aceite y combustible meticulosamente elaborados est\u00e1n pensados para que tu embarcaci\u00f3n funcione sin problemas. <\/p>\n","protected":false},"excerpt":{"rendered":"<p>MARINA Prep\u00e1rate para el agua con la amplia gama de aceites marinos, aditivos y productos de apariencia de alto rendimiento de Lucas. Dise\u00f1ados para optimizar el rendimiento y la protecci\u00f3n del motor en entornos marinos, nuestros aditivos para aceite y combustible meticulosamente elaborados est\u00e1n pensados para que tu embarcaci\u00f3n funcione sin problemas.<\/p>\n","protected":false},"author":1,"featured_media":0,"parent":0,"menu_order":0,"comment_status":"closed","ping_status":"closed","template":"lifestyle-marine.php","meta":{"_acf_changed":false,"footnotes":""},"class_list":["post-31265","page","type-page","status-publish","hentry"],"acf":[],"_links":{"self":[{"href":"https:\/\/lucasoil.co.uk\/es\/wp-json\/wp\/v2\/pages\/31265","targetHints":{"allow":["GET"]}}],"collection":[{"href":"https:\/\/lucasoil.co.uk\/es\/wp-json\/wp\/v2\/pages"}],"about":[{"href":"https:\/\/lucasoil.co.uk\/es\/wp-json\/wp\/v2\/types\/page"}],"author":[{"embeddable":true,"href":"https:\/\/lucasoil.co.uk\/es\/wp-json\/wp\/v2\/users\/1"}],"replies":[{"embeddable":true,"href":"https:\/\/lucasoil.co.uk\/es\/wp-json\/wp\/v2\/comments?post=31265"}],"version-history":[{"count":2,"href":"https:\/\/lucasoil.co.uk\/es\/wp-json\/wp\/v2\/pages\/31265\/revisions"}],"predecessor-version":[{"id":31267,"href":"https:\/\/lucasoil.co.uk\/es\/wp-json\/wp\/v2\/pages\/31265\/revisions\/31267"}],"wp:attachment":[{"href":"https:\/\/lucasoil.co.uk\/es\/wp-json\/wp\/v2\/media?parent=31265"}],"curies":[{"name":"wp","href":"https:\/\/api.w.org\/{rel}","templated":true}]}}