{"id":31305,"date":"2024-04-18T16:23:15","date_gmt":"2024-04-18T20:23:15","guid":{"rendered":"https:\/\/lucasoil.co.uk\/categoria-hidraulica\/"},"modified":"2025-11-25T12:14:58","modified_gmt":"2025-11-25T17:14:58","slug":"categoria-hidraulica","status":"publish","type":"page","link":"https:\/\/lucasoil.co.uk\/es\/categoria-hidraulica\/","title":{"rendered":"Categor\u00eda: Hidr\u00e1ulica"},"content":{"rendered":"\n<h2 class=\"gb-headline gb-headline-342cd95d gb-headline-text\">HIDR\u00c1ULICA<\/h2>\n\n<p>Estos aditivos y fluidos altamente eficaces proporcionan una excelente protecci\u00f3n contra el desgaste en los sistemas hidr\u00e1ulicos. Dise\u00f1ados para cumplir o superar las normas m\u00e1s estrictas de los fabricantes de equipos originales, los fluidos hidr\u00e1ulicos Lucas garantizan un funcionamiento suave de la m\u00e1quina, reducen la fricci\u00f3n y prolongan la vida \u00fatil de las piezas hidr\u00e1ulicas cr\u00edticas, aumentando la vida \u00fatil del fluido, deteniendo las fugas y aumentando la presi\u00f3n hidr\u00e1ulica. <\/p>\n","protected":false},"excerpt":{"rendered":"<p>HIDR\u00c1ULICA Estos aditivos y fluidos altamente eficaces proporcionan una excelente protecci\u00f3n contra el desgaste en los sistemas hidr\u00e1ulicos. Dise\u00f1ados para cumplir o superar las normas m\u00e1s estrictas de los fabricantes de equipos originales, los fluidos hidr\u00e1ulicos Lucas garantizan un funcionamiento suave de la m\u00e1quina, reducen la fricci\u00f3n y prolongan la vida \u00fatil de las piezas [&hellip;]<\/p>\n","protected":false},"author":1,"featured_media":0,"parent":0,"menu_order":0,"comment_status":"closed","ping_status":"closed","template":"category-hydraulics.php","meta":{"_acf_changed":false,"footnotes":""},"class_list":["post-31305","page","type-page","status-publish","hentry"],"acf":[],"_links":{"self":[{"href":"https:\/\/lucasoil.co.uk\/es\/wp-json\/wp\/v2\/pages\/31305","targetHints":{"allow":["GET"]}}],"collection":[{"href":"https:\/\/lucasoil.co.uk\/es\/wp-json\/wp\/v2\/pages"}],"about":[{"href":"https:\/\/lucasoil.co.uk\/es\/wp-json\/wp\/v2\/types\/page"}],"author":[{"embeddable":true,"href":"https:\/\/lucasoil.co.uk\/es\/wp-json\/wp\/v2\/users\/1"}],"replies":[{"embeddable":true,"href":"https:\/\/lucasoil.co.uk\/es\/wp-json\/wp\/v2\/comments?post=31305"}],"version-history":[{"count":2,"href":"https:\/\/lucasoil.co.uk\/es\/wp-json\/wp\/v2\/pages\/31305\/revisions"}],"predecessor-version":[{"id":31307,"href":"https:\/\/lucasoil.co.uk\/es\/wp-json\/wp\/v2\/pages\/31305\/revisions\/31307"}],"wp:attachment":[{"href":"https:\/\/lucasoil.co.uk\/es\/wp-json\/wp\/v2\/media?parent=31305"}],"curies":[{"name":"wp","href":"https:\/\/api.w.org\/{rel}","templated":true}]}}