{"id":31414,"date":"2024-06-04T16:24:43","date_gmt":"2024-06-04T20:24:43","guid":{"rendered":"https:\/\/lucasoil.co.uk\/testimonios\/testimonios-aditivos-para-aceites-de-motor\/"},"modified":"2025-11-25T12:43:53","modified_gmt":"2025-11-25T17:43:53","slug":"testimonios-aditivos-para-aceites-de-motor","status":"publish","type":"page","link":"https:\/\/lucasoil.co.uk\/es\/testimonios\/testimonios-aditivos-para-aceites-de-motor\/","title":{"rendered":"Testimonios &#8211; Aditivos para aceites de motor"},"content":{"rendered":"\n<h2 class=\"gb-headline gb-headline-90bed952 gb-headline-text\">Conozca las opiniones de nuestros clientes.<\/h2>\n\n<p class=\"has-text-align-center\">Lucas Oil Products se fund\u00f3 en 1989 con una simple filosof\u00eda, poner a disposici\u00f3n del mercado global la mejor l\u00ednea de lubricantes y aditivos. Estamos comprometidos con esta filosof\u00eda y actualmente seguimos produciendo los mejores aceites del mundo. <\/p>\n<div class=\"gb-container gb-container-30c9a494\">\n\n<a class=\"gb-button gb-button-5720eecc gb-button-text\" href=\"#sharestory\">Comparta la historia de Lucas Oil.<\/a>\n\n<\/div><div class=\"gb-container gb-container-fe12a466\">\n\n<h2 class=\"gb-headline gb-headline-1ef2c21a gb-headline-text\">CONSULTA OTRAS OPINIONES<\/h2>\n\n\n\n<p class=\"has-text-align-center\">Haga clic en una categor\u00eda de productos abajo para leer lo que los clientes actuales de Lucas Oil dicen acerca de sus experiencias con nuestra marca.<\/p>\n\n<\/div><div class=\"gb-container gb-container-ca1fb4e2\">\n\n<div class=\"wp-block-columns is-layout-flex wp-container-core-columns-is-layout-9d6595d7 wp-block-columns-is-layout-flex\">\n<div class=\"wp-block-column is-layout-flow wp-block-column-is-layout-flow\" style=\"flex-basis:20%\">\n<figure class=\"wp-block-image size-full\"><img loading=\"lazy\" decoding=\"async\" width=\"512\" height=\"698\" src=\"https:\/\/lucasoil.co.uk\/wp-content\/uploads\/2024\/06\/engine-oil-additives.png\" alt=\"Aditivos de Aceite para Motor\" class=\"wp-image-28329\" srcset=\"https:\/\/lucasoil.co.uk\/wp-content\/uploads\/2024\/06\/engine-oil-additives.png 512w, https:\/\/lucasoil.co.uk\/wp-content\/uploads\/2024\/06\/engine-oil-additives-220x300.png 220w\" sizes=\"auto, (max-width: 512px) 100vw, 512px\" \/><\/figure>\n<\/div>\n\n\n\n<div class=\"wp-block-column is-layout-flow wp-block-column-is-layout-flow\" style=\"flex-basis:80%\">\n<h2 class=\"gb-headline gb-headline-a84869d8 gb-headline-text\">Aditivos de Aceite para Motor<\/h2>\n\n\n\n<p style=\"font-style:normal;font-weight:300\">Los aditivos de aceite ayudan a reducir la fricci\u00f3n y el desgaste, prolongan la vida \u00fatil de los componentes del motor y brindan un funcionamiento m\u00e1s suave y uniforme. Los aditivos de Lucas Oil pueden aumentar la eficiencia del combustible, mantener el motor m\u00e1s limpio ya que evitan la formaci\u00f3n de dep\u00f3sitos y ofrecen una mejor protecci\u00f3n contra la oxidaci\u00f3n y la corrosi\u00f3n para brindar un mejor desempe\u00f1o y eficiencia general del veh\u00edculo. Con nuestras mezclas especializadas para aplicaciones como el rodaje del motor, veh\u00edculos con alto kilometraje, equipo pesado o autos importados es f\u00e1cil encontrar el mejor aditivo para satisfacer sus necesidades.  <\/p>\n\n\n<div class=\"gb-grid-wrapper gb-grid-wrapper-bd7be120\">\n<div class=\"gb-grid-column gb-grid-column-1de00515\"><div class=\"gb-container gb-container-1de00515\">\n\n<a class=\"gb-button gb-button-c041ac70 gb-button-text\" href=\"https:\/\/lucasoil.co.uk\/es\/category-engine-oil-additives\/\">LEARN MORE<\/a>\n\n<\/div><\/div>\n\n<div class=\"gb-grid-column gb-grid-column-a9b73b2d\"><div class=\"gb-container gb-container-a9b73b2d\">\n\n<a class=\"gb-button gb-button-f9daf2d3 gb-button-text\" href=\"https:\/\/lucasoil.co.uk\/es\/?page_id=31422\">COMPRAR ONLINE<\/a>\n\n<\/div><\/div>\n\n<div class=\"gb-grid-column gb-grid-column-ee029d5c\"><div class=\"gb-container gb-container-ee029d5c\">\n\n<a class=\"gb-button gb-button-9d6dd905 gb-button-text\" href=\"https:\/\/lucasoil.co.uk\/es\/?page_id=31422\">ENCUENTRA EN TIENDA<\/a>\n\n<\/div><\/div>\n<\/div><\/div>\n<\/div>\n\n<\/div>","protected":false},"excerpt":{"rendered":"<p>Conozca las opiniones de nuestros clientes. Lucas Oil Products se fund\u00f3 en 1989 con una simple filosof\u00eda, poner a disposici\u00f3n del mercado global la mejor l\u00ednea de lubricantes y aditivos. Estamos comprometidos con esta filosof\u00eda y actualmente seguimos produciendo los mejores aceites del mundo. CONSULTA OTRAS OPINIONES Haga clic en una categor\u00eda de productos abajo [&hellip;]<\/p>\n","protected":false},"author":1,"featured_media":0,"parent":29744,"menu_order":0,"comment_status":"closed","ping_status":"closed","template":"category-testimonial-engineoiladditives.php","meta":{"_acf_changed":false,"footnotes":""},"class_list":["post-31414","page","type-page","status-publish","hentry"],"acf":[],"_links":{"self":[{"href":"https:\/\/lucasoil.co.uk\/es\/wp-json\/wp\/v2\/pages\/31414","targetHints":{"allow":["GET"]}}],"collection":[{"href":"https:\/\/lucasoil.co.uk\/es\/wp-json\/wp\/v2\/pages"}],"about":[{"href":"https:\/\/lucasoil.co.uk\/es\/wp-json\/wp\/v2\/types\/page"}],"author":[{"embeddable":true,"href":"https:\/\/lucasoil.co.uk\/es\/wp-json\/wp\/v2\/users\/1"}],"replies":[{"embeddable":true,"href":"https:\/\/lucasoil.co.uk\/es\/wp-json\/wp\/v2\/comments?post=31414"}],"version-history":[{"count":2,"href":"https:\/\/lucasoil.co.uk\/es\/wp-json\/wp\/v2\/pages\/31414\/revisions"}],"predecessor-version":[{"id":31417,"href":"https:\/\/lucasoil.co.uk\/es\/wp-json\/wp\/v2\/pages\/31414\/revisions\/31417"}],"up":[{"embeddable":true,"href":"https:\/\/lucasoil.co.uk\/es\/wp-json\/wp\/v2\/pages\/29744"}],"wp:attachment":[{"href":"https:\/\/lucasoil.co.uk\/es\/wp-json\/wp\/v2\/media?parent=31414"}],"curies":[{"name":"wp","href":"https:\/\/api.w.org\/{rel}","templated":true}]}}