{"id":31494,"date":"2024-05-08T10:38:04","date_gmt":"2024-05-08T14:38:04","guid":{"rendered":"https:\/\/lucasoil.co.uk\/terminos-y-condiciones\/"},"modified":"2025-11-25T12:45:13","modified_gmt":"2025-11-25T17:45:13","slug":"terminos-y-condiciones","status":"publish","type":"page","link":"https:\/\/lucasoil.co.uk\/es\/terminos-y-condiciones\/","title":{"rendered":"T\u00e9rminos y condiciones"},"content":{"rendered":"\n<div style=\"height:100px\" aria-hidden=\"true\" class=\"wp-block-spacer\"><\/div>\n\n<ol>\n<li><strong>Este sitio web<\/strong><br\/><br\/>Este sitio web https:\/\/lucasoil.co.uk\/ (nuestro<strong>\u00abSitio<\/strong>\u00ab) est\u00e1 gestionado por Lucas Oil Products UK Limited (<strong>\u00abnosotros<\/strong>\u00ab,<strong>\u00abnuestro<\/strong>\u00ab,<strong>\u00abnos<\/strong>\u00ab). Nuestra direcci\u00f3n es Unit 4, Cunliffe Drive, Llangefni Industrial Estate, Anglesey, LL77 7JA, Reino Unido. Nuestro n\u00famero de registro de IVA es 793 4800 05  <\/li>\n\n\n<li><strong>Nuestras condiciones<\/strong>\n<ol>\n<li>Estas condiciones (nuestras<strong>\u00abCondiciones<\/strong>\u00ab) explican c\u00f3mo puedes utilizar nuestro Sitio. El Sitio incluye los sitios web vinculados a los siguientes nombres de dominio y todas las p\u00e1ginas web asociadas: <br\/><br\/>www.lucasoil.co.uk<\/li>\n<li>Debes leer atentamente estas Condiciones antes de utilizar nuestro Sitio, ya que crean obligaciones legales vinculantes para ti. Si no comprendes alguna parte de las mismas, te rogamos que nos lo comuniques utilizando los datos de contacto que se indican a continuaci\u00f3n. Al acceder o utilizar nuestro Sitio, o cualquier parte del mismo, aceptas quedar vinculado por estas Condiciones. Si no est\u00e1s de acuerdo o no aceptas alguna de estas Condiciones, debes dejar de utilizar el Sitio inmediatamente. Ten en cuenta que podemos actualizar nuestras Condiciones de vez en cuando, por lo que si vuelves a visitar nuestro Sitio en una fecha posterior, debes comprobar las Condiciones de nuevo en ese momento para asegurarte de que has visto la versi\u00f3n actual.    <\/li>\n<li>Si tienes alguna pregunta sobre nuestro Sitio o sobre estas Condiciones, incluso si no entiendes alguna parte de las mismas, ponte en contacto con nosotros:\n<ol>\n<li>por correo electr\u00f3nico a info@lucasoil.co.uk;<\/li>\n<li>por tel\u00e9fono al +44 (0) 1248-723-666; o<\/li>\n<li>Por correo postal a la siguiente direcci\u00f3n: Unit 4, Cunliffe Drive, Llangefni Industrial Estate, Anglesey, LL77 7JA, Reino Unido<\/li>\n<\/ol>\n<\/li>\n<li>Nos esforzaremos por responderte con prontitud. Ten en cuenta que nuestros servicios de correo electr\u00f3nico y tel\u00e9fono s\u00f3lo est\u00e1n controlados entre las 10.00 y las 16.00, hora del Reino Unido (excluidos los d\u00edas festivos en el Reino Unido o parte de ellos). <\/li>\n<li>Tenga en cuenta tambi\u00e9n que podemos conservar un registro de la correspondencia para poder gestionar adecuadamente nuestro sitio web, atender su consulta y con fines de calidad y formaci\u00f3n.<\/li>\n<\/ol>\n<\/li>\n\n<li><strong>Definiciones<\/strong>\n<ol>\n<li>En estas Condiciones, ciertas palabras tienen significados definidos. \u00c9stas son: <br\/><br\/>\u00abContenido\u00bb, es decir, cualquier texto, imagen, v\u00eddeo, audio u otro contenido o material, software u otra informaci\u00f3n que aparezca en el Sitio, forme parte de \u00e9l o que env\u00edes al Sitio; y<br\/><br\/>\u00abEnv\u00edo\u00bb significa cualquier informaci\u00f3n que quieras enviarnos, ya sea una sugerencia publicitaria o de marketing, una idea de producto, una idea de negocio o cualquier cosa que consideres confidencial, comercialmente sensible o valiosa.<\/li>\n<\/ol>\n<\/li>\n\n\n<li><strong>Datos personales<\/strong><br\/><br\/>Tienes varios derechos, y nosotros varias obligaciones, en relaci\u00f3n con tus datos personales. Consulta nuestra <a href=\"https:\/\/lucasoil.co.uk\/privacy-policy\/\">pol\u00edtica de privacidad<\/a> (nuestra<strong>\u00abPol\u00edtica de privacidad<\/strong>\u00ab) para obtener m\u00e1s informaci\u00f3n sobre c\u00f3mo utilizamos tus datos personales. <\/li>\n\n\n<li><strong>Utilizar nuestro sitio web<\/strong>\n<ol>\n<li>Nuestro Sitio es un lugar donde puedes encontrar informaci\u00f3n sobre nosotros, los productos que vendemos y los servicios que prestamos.<\/li>\n<li>Aceptas que eres el \u00fanico responsable de todos los costes y gastos en los que puedas incurrir en relaci\u00f3n con tu uso del Sitio, incluidos los costes relacionados con tu conexi\u00f3n y uso de Internet.<\/li>\n<li>Aunque intentaremos asegurarnos de que nuestro Sitio est\u00e9 disponible y funcione correctamente en todo momento, no garantizamos que nuestro Sitio est\u00e9 disponible todo el tiempo, o en cualquier momento concreto, que nuestro Sitio funcione correctamente, o que cualquier funcionalidad de nuestro Sitio est\u00e9 disponible en todo o en cualquier momento. Adem\u00e1s, podemos suspender o finalizar el funcionamiento del Sitio en cualquier momento si lo consideramos oportuno. <\/li>\n<li>Aunque intentamos asegurarnos de que nuestro Sitio sea preciso y est\u00e9 actualizado, no podemos prometer que lo sea. Adem\u00e1s, no podemos prometer que el Sitio sea apto o adecuado para cualquier fin. Nuestro Contenido se proporciona \u00fanicamente con fines de informaci\u00f3n general y para informarte sobre nosotros y nuestros bienes y servicios, as\u00ed como sobre noticias, caracter\u00edsticas y otras personas que puedan ser de tu inter\u00e9s. No constituye asesoramiento t\u00e9cnico, financiero o jur\u00eddico, ni ning\u00fan otro tipo de asesoramiento, y no debes confiar en \u00e9l para ning\u00fan fin. Cualquier confianza que puedas depositar en la informaci\u00f3n de este Sitio corre por tu cuenta y riesgo.    <\/li>\n<li>Cuando el Sitio te permita iniciar sesi\u00f3n, debes mantener la confidencialidad de tu contrase\u00f1a y otros datos de tu cuenta. Por favor, inf\u00f3rmanos inmediatamente en caso de que sospeches o sepas que tu contrase\u00f1a u otros datos han sido conocidos por cualquier otra persona. Si facilitas tus datos de acceso a cualquier persona, ser\u00e1s responsable de cualquier uso que haga de nuestro Sitio a trav\u00e9s de ese acceso.  <\/li>\n<li>Intentamos que el Sitio sea lo m\u00e1s accesible posible. Si tienes alguna dificultad para utilizar el Sitio, ponte en contacto con nosotros utilizando los medios indicados anteriormente y\/o utiliza las herramientas de accesibilidad del sitio web disponibles a trav\u00e9s de tu dispositivo y navegador. <\/li>\n<li>Podemos impedir o suspender tu acceso al Sitio si no cumples, o sospechamos que no has cumplido, cualquier parte de estas Condiciones o cualquier ley aplicable. Esto ser\u00e1 sin perjuicio de nuestros otros derechos y recursos con respecto a dicho incumplimiento. Ten en cuenta que podemos rastrear tu direcci\u00f3n IP y, si es necesario, ponernos en contacto con tu proveedor de servicios de Internet en caso de sospecha de incumplimiento de estas Condiciones o de la legislaci\u00f3n aplicable.  <\/li>\n<li>Si tu incumplimiento puede poner en peligro los derechos, bienes o intereses de cualquier otra persona, o sospechamos que puede ser el caso, podemos revelar tus datos y cualquier otra informaci\u00f3n relevante que tengamos sobre ti, para ayudar a evitar que se produzca cualquier da\u00f1o.<\/li>\n<\/ol>\n<\/li>\n\n\n<li><strong>Restricciones al uso indebido<\/strong>\n<ol>\n<li>El Sitio puede contener servicios interactivos, incluidos, entre otros, grupos de debate, grupos de noticias, tablones de anuncios, salas de chat, blogs y otras funciones de redes sociales que pueden permitirte publicar, transmitir o enviar informaci\u00f3n. Podemos o no controlar activamente la informaci\u00f3n que env\u00edas a trav\u00e9s de estos servicios. Por ello, puedes estar expuesto a contenidos en estos servicios que sean inexactos, fraudulentos o enga\u00f1osos, o que te parezcan ofensivos o censurables, y que no est\u00e9n respaldados por nosotros. Adem\u00e1s, no debes publicar ninguna informaci\u00f3n en estos servicios a partir de la cual se te pueda identificar, ya que esto puede causarte riesgos, por ejemplo en relaci\u00f3n con la recepci\u00f3n de correspondencia no solicitada o la suplantaci\u00f3n de identidad. Podemos eliminar cualquier informaci\u00f3n de estos servicios, o restringir tu capacidad para utilizarlos, seg\u00fan consideremos oportuno. El uso que hagas de estos servicios es por tu cuenta y riesgo.     <\/li>\n<li>No debes hacer un uso indebido de nuestro Sitio. Los siguientes son ejemplos de uso indebido: \n<ol>\n<li>utilizar el Sitio para cualquier fin impropio, ilegal o inmoral,<\/li>\n<li>causar molestias con tu uso del Sitio o hacer que el funcionamiento del Sitio se vea comprometido o perjudicado;<\/li>\n<li>utilizar el Sitio para crear, alojar o transmitir cualquier material difamatorio, ofensivo u obsceno, o participar en actividades que puedan ofender a otros por motivos de raza, religi\u00f3n, orientaci\u00f3n sexual u otros;<\/li>\n<li>utilizar el Sitio para da\u00f1ar o intentar da\u00f1ar a otras personas (incluidos los ni\u00f1os) de cualquier forma;<\/li>\n<li>utilizar el Sitio para crear, alojar o transmitir cualquier material que amenace o fomente el da\u00f1o corporal o la destrucci\u00f3n de la propiedad, o que constituya un delito penal o d\u00e9 lugar a responsabilidad civil;<\/li>\n<li>utilizar el Sitio para crear, alojar o transmitir material que infrinja los derechos de autor, marca registrada, patente, secreto comercial, privacidad, derecho de publicidad u otra propiedad intelectual o derechos de cualquier otra parte;<\/li>\n<li>utilizar el Sitio para crear, alojar o transmitir material publicitario no solicitado a otros usuarios;<\/li>\n<li>utilizar el Sitio para crear, alojar o transmitir cualquier material que acose a otra persona;<\/li>\n<li>utilizar el Sitio para hacer ofertas falsas, enga\u00f1osas o fraudulentas para vender o comprar productos, art\u00edculos o servicios, o para enviar cartas en cadena o esquemas piramidales o similares;<\/li>\n<li>utilizar el Sitio para acceder, o intentar acceder, a las cuentas de otros o para penetrar o intentar penetrar o violar las medidas de seguridad, el software inform\u00e1tico, el hardware, los sistemas de comunicaci\u00f3n electr\u00f3nica o los sistemas de telecomunicaciones de cualquier persona;<\/li>\n<li>utilizar el Sitio para recopilar, o intentar recopilar, informaci\u00f3n personal sobre terceros sin su conocimiento o consentimiento, o para realizar \u00abscreen scraping\u00bb, \u00abdatabase scraping\u00bb o cualquier otra actividad con el fin de obtener listas de usuarios u otros datos;<\/li>\n<li>utilizar el Sitio para cualquier actividad que afecte negativamente a la capacidad de otras personas o sistemas para utilizar los servicios o Internet en general, incluyendo, sin limitaci\u00f3n, las inundaciones y la pirater\u00eda inform\u00e1tica;<\/li>\n<li>suplantar a cualquier persona o entidad o utilizar un nombre falso que no est\u00e9s autorizado a utilizar; o<\/li>\n<li>fomentar, condonar o ensalzar la conducci\u00f3n o el uso imprudentes o peligrosos de veh\u00edculos.<\/li>\n<\/ol>\n<\/li>\n<\/ol>\n<\/li>\n\n\n<li><strong>Propiedad intelectual<\/strong>\n<ol>\n<li>Cuando env\u00edas Contenido a nuestro Sitio, nos concedes el derecho a utilizar ese Contenido en relaci\u00f3n con nuestro negocio. Esto incluye almacenar ese Contenido y ponerlo a disposici\u00f3n a trav\u00e9s de nuestro Sitio. Podemos permitir que otras personas lo hagan en nuestro nombre. Estos derechos ser\u00e1n gratuitos (no podr\u00e1s cobrarnos por ellos) e irrevocables, y existir\u00e1n perpetuamente. Aceptas que no tenemos que identificarte como autor de ese material, y que no tendr\u00e1s derecho a oponerte a que lo tratemos. Esto no afecta a tus derechos en virtud de las leyes relativas a los datos personales. Sin embargo, cuando ese Contenido contenga alg\u00fan dato personal, t\u00fa consientes, y debes contar con el consentimiento de cualquier otra persona identificada, en enviarnos ese Contenido y permitirnos utilizarlo como se ha mencionado anteriormente.      <\/li>\n<li>Este Sitio y toda la propiedad intelectual que contiene son propiedad nuestra, de nuestros licenciantes o de ambos (seg\u00fan proceda). La propiedad intelectual incluye los derechos de autor de nuestro Sitio, nuestras marcas registradas y nombres de dominio, y los de otras personas, los derechos de dise\u00f1o, por ejemplo de nuestras interfaces de usuario, los derechos de bases de datos, y cualquier otra propiedad intelectual o derechos de cualquier tipo, est\u00e9n o no registrados, incluso si fuera posible registrarlos (y no hemos avanzado en dicho registro). <\/li>\n<li>Nosotros y nuestros licenciantes nos reservamos todos nuestros y sus Esto significa, por ejemplo, que nosotros (y ellos) seguimos siendo propietarios de su propiedad intelectual y seguimos siendo libres de utilizarla como nosotros (y ellos) consideremos oportuno.<\/li>\n<li>Tienes derecho a acceder a nuestro Sitio y a utilizarlo, para obtener informaci\u00f3n sobre nosotros y nuestros productos y servicios, siempre con sujeci\u00f3n a estas Condiciones. Nada de lo dispuesto en estas Condiciones o de cualquier otro modo te otorga ning\u00fan otro derecho, t\u00edtulo o inter\u00e9s sobre el Sitio. <\/li>\n<li>Cuando se ponga a disposici\u00f3n software a trav\u00e9s de nuestro Sitio, o por nosotros a trav\u00e9s de cualquier plataforma como Apple App Store o Google Play, ten en cuenta que tu descarga, instalaci\u00f3n y uso de este software estar\u00e1n sujetos a t\u00e9rminos y condiciones adicionales, que se te indicar\u00e1n cuando accedas a dicho software. Cuando enlacemos a nuestros sitios de redes sociales, como Facebook, X e Instagram, ten en cuenta que estos sitios tienen sus propias condiciones de uso, que debes leer y cumplir. <\/li>\n<li>Ten en cuenta que las siguientes marcas son de nuestra propiedad o de nuestros licenciantes:<br\/><br\/>LUCAS<br\/><br\/>LUCAS OIL<br\/><br\/>DEEP CLEAN<br\/><br\/>SAFEGUARD<br\/><br\/>RED &#8216;N&#8217; TACKY<br\/><br\/><img decoding=\"async\" src=\"\/wp-content\/uploads\/2024\/05\/lucas-logos1.jpg\" alt=\"Lucas Shields\"\/><br\/><br\/><img decoding=\"async\" src=\"\/wp-content\/uploads\/2024\/05\/lucas-logos2.jpg\" alt=\"Escudo Lucas\"\/><\/li>\n<li>Si crees que alguna parte de nuestro Sitio, o cualquier cosa disponible a trav\u00e9s de \u00e9l, infringe tus derechos, ponte en contacto con nosotros utilizando los medios indicados anteriormente. Cuando te pongas en contacto con nosotros, ind\u00edcanos: \n<ol>\n<li>tu direcci\u00f3n, n\u00famero de tel\u00e9fono y direcci\u00f3n de correo electr\u00f3nico;<\/li>\n<li>descripci\u00f3n de los derechos que afirmas que se han infringido;<\/li>\n<li>una descripci\u00f3n de la supuesta actividad infractora;<\/li>\n<li>una declaraci\u00f3n tuya de que crees de buena fe que la actividad infractora no est\u00e1 autorizada por ti, el propietario de los derechos, su agente o la ley; y<\/li>\n<li>una declaraci\u00f3n tuya, bajo pena de perjurio, de que la informaci\u00f3n es exacta y de que eres el titular de los derechos o est\u00e1s autorizado a actuar en nombre del titular de los derechos.<\/li>\n<\/ol>\n<\/li>\n<\/ol>\n<\/li>\n\n\n<li><strong>Seguridad<\/strong>\n<ol>\n<li>Podemos aplicar medidas de seguridad y ciertas restricciones a nuestro Sitio. Aceptas no manipular ni tratar de eludir, evitar o negar dichas medidas de seguridad o restricciones, ni pedir o ayudar a otra persona a hacerlo, incluyendo la presentaci\u00f3n de informaci\u00f3n falsa, o utilizando medios que oculten la identidad de los dispositivos o personas que visitan nuestro Sitio, como el uso de servicios VPN o los navegadores TOR. <\/li>\n<li>Nuestro Sitio contiene avisos importantes (incluidos avisos de propiedad intelectual), incluidos los contenidos en cualquier derecho digital u otra tecnolog\u00eda de seguridad incorporada o contenida en el Sitio. No debes alterar ni eliminar ninguno de estos avisos, incluidos los de cualquier impresi\u00f3n de nuestro Sitio. <\/li>\n<li>La comunicaci\u00f3n a trav\u00e9s de Internet no es segura. Aunque intentamos asegurarnos de que el Sitio sea seguro, no podemos garantizar la seguridad de ninguna informaci\u00f3n que nos facilites y, por tanto, no podemos garantizar que permanezca confidencial, por ejemplo, durante su transmisi\u00f3n a nosotros. <\/li>\n<li>En particular, y por esa raz\u00f3n, no debes dejarnos ning\u00fan Env\u00edo. Aunque valoramos tus comentarios, te comprometes a no enviar ning\u00fan Env\u00edo. Si haces alg\u00fan Env\u00edo, podremos utilizarlo como creamos conveniente de forma gratuita.  <\/li>\n<li>Adem\u00e1s, te recomendamos que tengas instalado un software antivirus y un cortafuegos personal actualizados cuando accedas y utilices nuestro Sitio.<\/li>\n<\/ol>\n<\/li>\n\n<li><strong>Sitios de terceros<\/strong><br\/><br\/>El Sitio puede contener hiperv\u00ednculos o referencias a sitios web de terceros distintos del Sitio. Dichos hiperv\u00ednculos o referencias se proporcionan \u00fanicamente para tu comodidad. No gestionamos estos sitios web de terceros y no aceptamos ninguna responsabilidad legal por cualquier contenido, material o informaci\u00f3n que contengan. La visualizaci\u00f3n de cualquier hiperv\u00ednculo y referencia a cualquier sitio web de terceros no significa que respaldemos el sitio web, los productos o los servicios de ese tercero. Tu uso de un sitio web de terceros se regir\u00e1 por los t\u00e9rminos y condiciones de ese sitio web de terceros, no por estas Condiciones.    <\/li>\n\n\n<li><strong>Los l\u00edmites de nuestra responsabilidad<\/strong>\n<ol>\n<li>Excepto por cualquier responsabilidad legal que no podamos excluir por ley (como por muerte o lesiones personales), no somos legalmente responsables de ninguna p\u00e9rdida que no fuera previsible cuando accediste a nuestro Sitio, o que no fuera causada por ning\u00fan incumplimiento de estas Condiciones o de cualquier deber por nuestra parte. Nuestro Sitio se proporciona \u00abtal cual\u00bb, y su uso es por tu cuenta y riesgo. Excluimos, en la m\u00e1xima medida permitida por la ley, todas las garant\u00edas expresas e impl\u00edcitas.  <\/li>\n<li>Por lo tanto, es muy importante lo que te proporcionaremos, y lo que decimos que no haremos, lo que garantizamos y lo que no garantizaremos, y lo que te recomendamos o exigimos que hagas, en estas Condiciones. Lee atentamente estas Condiciones e inf\u00f3rmanos si no entiendes alg\u00fan punto. <\/li>\n<li>No seremos responsables ante ti de ning\u00fan incumplimiento de estas Condiciones causado por cualquier acontecimiento o circunstancia que escape a nuestro control razonable, incluyendo, pero sin limitarse a, huelgas, cierres patronales u otros conflictos laborales; aver\u00edas en los sistemas o en el acceso a la red; o inundaciones, incendios, explosiones o accidentes.<\/li>\n<li>Adem\u00e1s, nadie que no sea una de las partes de estas Condiciones tiene derecho a hacer cumplir ninguna de ellas.<\/li>\n<\/ol>\n<\/li>\n\n\n<li><strong>Variaci\u00f3n<\/strong><br\/><br\/>Estas Condiciones est\u00e1n fechadas el 13 de febrero de 2024. Ninguna modificaci\u00f3n de estas Condiciones ser\u00e1 v\u00e1lida ni tendr\u00e1 efecto alguno a menos que la acordemos por escrito. Nos reservamos el derecho a modificar estas Condiciones de vez en cuando.  <\/li>\n\n\n<li><strong>Disputas<\/strong>\n<ol>\n<li>Intentaremos resolver cualquier disputa contigo de forma r\u00e1pida y eficaz.<\/li>\n<li>Si no est\u00e1s satisfecho con nosotros, ponte en contacto con nosotros lo antes posible.<\/li>\n<li>Si deseas emprender acciones judiciales, los tribunales competentes del Reino Unido tendr\u00e1n jurisdicci\u00f3n exclusiva en relaci\u00f3n con estas Condiciones, y se aplicar\u00e1 a las mismas la legislaci\u00f3n pertinente del Reino Unido.<\/li>\n<\/ol>\n<\/li>\n<\/ol>\n\n<style>\nol li {padding-bottom:1em;};\ntable, th, td, tr, td {border: 1px solid #000000;};\n<\/style>\n\n<div style=\"height:100px\" aria-hidden=\"true\" class=\"wp-block-spacer\"><\/div>\n","protected":false},"excerpt":{"rendered":"<p>Este sitio web Este sitio web https:\/\/lucasoil.co.uk\/ (nuestro\u00abSitio\u00ab) est\u00e1 gestionado por Lucas Oil Products UK Limited (\u00abnosotros\u00ab,\u00abnuestro\u00ab,\u00abnos\u00ab). Nuestra direcci\u00f3n es Unit 4, Cunliffe Drive, Llangefni Industrial Estate, Anglesey, LL77 7JA, Reino Unido. Nuestro n\u00famero de registro de IVA es 793 4800 05 Nuestras condiciones Estas condiciones (nuestras\u00abCondiciones\u00ab) explican c\u00f3mo puedes utilizar nuestro Sitio. El Sitio [&hellip;]<\/p>\n","protected":false},"author":1,"featured_media":0,"parent":0,"menu_order":0,"comment_status":"closed","ping_status":"closed","template":"page-nonblock.php","meta":{"_acf_changed":false,"footnotes":""},"class_list":["post-31494","page","type-page","status-publish","hentry"],"acf":[],"_links":{"self":[{"href":"https:\/\/lucasoil.co.uk\/es\/wp-json\/wp\/v2\/pages\/31494","targetHints":{"allow":["GET"]}}],"collection":[{"href":"https:\/\/lucasoil.co.uk\/es\/wp-json\/wp\/v2\/pages"}],"about":[{"href":"https:\/\/lucasoil.co.uk\/es\/wp-json\/wp\/v2\/types\/page"}],"author":[{"embeddable":true,"href":"https:\/\/lucasoil.co.uk\/es\/wp-json\/wp\/v2\/users\/1"}],"replies":[{"embeddable":true,"href":"https:\/\/lucasoil.co.uk\/es\/wp-json\/wp\/v2\/comments?post=31494"}],"version-history":[{"count":2,"href":"https:\/\/lucasoil.co.uk\/es\/wp-json\/wp\/v2\/pages\/31494\/revisions"}],"predecessor-version":[{"id":31496,"href":"https:\/\/lucasoil.co.uk\/es\/wp-json\/wp\/v2\/pages\/31494\/revisions\/31496"}],"wp:attachment":[{"href":"https:\/\/lucasoil.co.uk\/es\/wp-json\/wp\/v2\/media?parent=31494"}],"curies":[{"name":"wp","href":"https:\/\/api.w.org\/{rel}","templated":true}]}}