{"id":31511,"date":"2024-01-11T21:17:50","date_gmt":"2024-01-12T02:17:50","guid":{"rendered":"https:\/\/lucasoil.co.uk\/politica-de-privacidad\/"},"modified":"2025-11-25T12:51:14","modified_gmt":"2025-11-25T17:51:14","slug":"politica-de-privacidad","status":"publish","type":"page","link":"https:\/\/lucasoil.co.uk\/es\/politica-de-privacidad\/","title":{"rendered":"Pol\u00edtica de privacidad"},"content":{"rendered":"\n<div style=\"height:100px\" aria-hidden=\"true\" class=\"wp-block-spacer\"><\/div>\n\n<ol>\n\t<li>\n\t\t<strong>Este sitio web<\/strong><br\/><br\/>\t\t<p>Este sitio web https:\/\/lucasoil.co.uk\/ (nuestro<strong>\u00abSitio<\/strong>\u00ab) est\u00e1 gestionado por Lucas Oil Products UK Limited (<strong>\u00abnosotros<\/strong>\u00ab,<strong>\u00abnuestro<\/strong>\u00ab,<strong>\u00abnos<\/strong>\u00ab). Nuestra direcci\u00f3n es Unit 4, Cunliffe Drive, Llangefni Industrial Estate, Anglesey, LL77 7JA, Reino Unido. Nuestro n\u00famero de registro de IVA es 793 4800 05  <\/p>\n\t<\/li>\n\t<li>\n\t\t<strong>Esta Pol\u00edtica de Privacidad<\/strong><br\/><br\/>\t\t<ol>\n\t\t\t<li>Esta pol\u00edtica de privacidad (nuestra<strong>\u00abPol\u00edtica de privacidad<\/strong>\u00ab) establece la informaci\u00f3n personal que recopilamos sobre ti o que nos proporcionas (tus<strong>\u00abdatos personales<\/strong>\u00ab), por qu\u00e9 los recopilamos, c\u00f3mo los utilizamos y cu\u00e1ndo podemos compartirlos o divulgarlos. Tambi\u00e9n establece c\u00f3mo ponerte en contacto con nosotros y con las autoridades supervisoras para obtener m\u00e1s informaci\u00f3n, y\/o en caso de que tengas una queja que no podamos resolver contigo. <\/li>\n\t\t\t<li>Recogemos, utilizamos y somos responsables de determinados datos personales que te conciernen. Cuando lo hacemos, estamos regulados por varias leyes, incluida la Ley de Protecci\u00f3n de Datos de 2018 (que se aplica en el Reino Unido), y el Reglamento General de Protecci\u00f3n de Datos (que se aplica en toda la Uni\u00f3n Europea). Somos responsables como \u00abcontrolador\u00bb de esos datos personales a efectos de esas leyes.  <\/li>\n\t\t<\/ol>\n\t<\/li>\n\t<li><strong>Contactar con nosotros<\/strong><br\/><br\/>\t\t<ol>\n\t\t\t<li>Si tienes alguna pregunta sobre nuestro Sitio o sobre esta Pol\u00edtica de Privacidad, incluso si no entiendes alguna parte de esta Pol\u00edtica de Privacidad, ponte en contacto con nosotros:<br\/><br\/>\t\t\t\t<ol>\n\t\t\t\t\t<li>por correo electr\u00f3nico a <a href=\"mailto:info@lucasoil.co.uk\">info@lucasoil.co.uk<\/a>;<\/li>\n\t\t\t\t\t<li>por tel\u00e9fono al +44 (0) 1248-723-666; o<\/li>\n\t\t\t\t\t<li>Por correo postal a la siguiente direcci\u00f3n: Unit 4, Cunliffe Drive, Llangefni Industrial Estate, Anglesey, LL77 7JA, Reino Unido<\/li>\n\t\t\t\t<\/ol>\n\t\t\t<\/li>\n\t\t\t<li>Nos esforzaremos por responderle con prontitud. Tenga en cuenta que nuestro correo electr\u00f3nico y tel\u00e9fono solo se supervisan entre las 10:00 y las 16:00 (hora del Reino Unido), excluyendo los d\u00edas festivos nacionales y bancarios en el Reino Unido o parte de ellos. <\/li>\n\t\t\t<li>Tenga en cuenta tambi\u00e9n que podemos conservar un registro de la correspondencia para poder gestionar adecuadamente nuestro sitio web, atender su consulta y con fines de calidad y formaci\u00f3n.<\/li>\n\t\t<\/ol>\n\t<\/li>\n\t<li><strong>Nuestro Sitio<\/strong><br\/><br\/>\t\t<ol>\n\t\t\t<li>Esta Pol\u00edtica de Privacidad se refiere a tu uso de nuestro Sitio. El Sitio incluye los sitios web vinculados a los siguientes nombres de dominio y todas las p\u00e1ginas web asociadas: <br\/><br\/><p>www.lucasoil.co.uk<\/p><\/li>\n\t\t\t<li>Ten en cuenta que esta Pol\u00edtica de Privacidad se aplica tambi\u00e9n a nuestras cuentas de redes sociales en:<br\/><br\/>\t\t\t\t<p>Instagram, <a href=\"https:\/\/www.instagram.com\/lucasoil_uk\/?hl=en\">https:\/\/www.instagram.com\/lucasoil_uk\/?hl=en<\/a><\/p>\n\t\t\t\t<p>Twitter, <a href=\"https:\/\/twitter.com\/LucasOilUK\">https:\/\/twitter.com\/LucasOilUK<\/a><\/p>\n\t\t\t\t<p>Facebook, <a href=\"https:\/\/www.facebook.com\/LucasOilProductsUK\/?locale=en_GB\">https:\/\/www.facebook.com\/LucasOilProductsUK\/?locale=en_GB<\/a><\/p>\n\t\t\t<\/li>\n\t\t<\/ol>\n\t<\/li>\n\t<li><strong>Sitios de esta fiesta<\/strong><br\/><br\/>\t\t<p>A lo largo de nuestro Sitio podemos enlazar con otros sitios web y plataformas propiedad de terceros y gestionados por ellos. Estos sitios web y plataformas de terceros tambi\u00e9n pueden recopilar informaci\u00f3n sobre ti. Para obtener informaci\u00f3n sobre la privacidad relativa a estos otros sitios web de terceros, y para saber c\u00f3mo recopilan y utilizan tus datos personales, consulta sus pol\u00edticas de privacidad.  <\/p>\n\t<\/li>\n\t<li><strong>C\u00f3mo recogemos los datos personales<\/strong><br\/><br\/>\t\t<ol>\n\t\t\t<li>Recogemos datos personales sobre ti cuando accedes a nuestro Sitio, te registras con nosotros, te pones en contacto con nosotros, nos env\u00edas comentarios, nos llamas por tel\u00e9fono o nos escribes, publicas material en nuestro Sitio, te inscribes para recibir informaci\u00f3n de marketing nuestra, concursas en encuestas, visitas nuestras cuentas en las redes sociales o participas en concursos a trav\u00e9s de nuestro Sitio.<\/li>\n\t\t\t<li>Recogemos estos datos personales de ti, ya sea directamente, como cuando te registras con nosotros o te pones en contacto con nosotros, o indirectamente, cuando navegas por nuestro Sitio o a trav\u00e9s de los proveedores de las instalaciones para nosotros y para ti, por ejemplo los proveedores de medios sociales.<\/li>\n\t\t\t<li>Nuestra recopilaci\u00f3n de tus datos personales se ve facilitada por el uso de cookies. Para m\u00e1s informaci\u00f3n sobre c\u00f3mo utilizamos las cookies, consulta nuestra pol\u00edtica de cookies en <a href=\"https:\/\/lucasoil.co.uk\/es\/politica-de-cookies\/\">https:\/\/lucasoil.co.uk\/cookie-policy\/.<\/a> <\/li>\n\t\t<\/ol>\n\t<\/li>\n\t<li><strong>Datos personales recogidos<\/strong><br\/><br\/>\t\t<ol>\n\t\t\t<li>Los datos personales que recopilamos dependen de las actividades concretas llevadas a cabo a trav\u00e9s de nuestro Sitio o de nuestros perfiles en las redes sociales. Los datos personales pueden incluir: <br\/><br\/>\t\t\t\t<ol>\n\t\t\t\t\t<li>tu nombre, direcci\u00f3n y datos de contacto;<\/li>\n\t\t\t\t\t<li>la ubicaci\u00f3n y\/o el dispositivo desde el que visitas nuestro Sitio;<\/li>\n\t\t\t\t\t<li>tu fecha de nacimiento;<\/li>\n\t\t\t\t\t<li>la informaci\u00f3n de tu perfil en las redes sociales;<\/li>\n\t\t\t\t\t<li>si eres una empresa, los datos de los empleados de las personas encargadas de representar a tu empresa;<\/li>\n\t\t\t\t\t<li>detalles de cualquier comentario que nos des por tel\u00e9fono, correo electr\u00f3nico, correo postal o a trav\u00e9s de las redes sociales;<\/li>\n\t\t\t\t\t<li>tus datos de registro en el Sitio, como nombre de usuario, datos de acceso; y\/o<\/li>\n\t\t\t\t\t<li>informaci\u00f3n relativa a los elementos de nuestro Sitio que visitas, lees, con los que interact\u00faas, e informaci\u00f3n relativa a la forma de esa interacci\u00f3n.<\/li>\n\t\t\t\t<\/ol>\n\t\t\t<\/li>\n\t\t<\/ol>\n\t<\/li>\n\t<li><strong>Usos de tus Datos Personales<\/strong><br\/><br\/>\t\t<ol>\n\t\t\t<li>Utilizamos tus datos personales para:<br\/><br\/>\t\t\t\t<ol>\n\t\t\t\t\t<li>crear y gestionar tu inscripci\u00f3n con nosotros;<\/li>\n\t\t\t\t\t<li>verificar tu identidad;<\/li>\n\t\t\t\t\t<li>personalizar nuestro Sitio y su contenido seg\u00fan tus preferencias particulares;<\/li>\n\t\t\t\t\t<li>proporcionarte noticias, actualizaciones u otro material que consideremos que pueda ser de tu inter\u00e9s, o que nos hayas pedido que te proporcionemos;<\/li>\n\t\t\t\t\t<li>notificarte cualquier cambio en nuestro Sitio o en nuestros servicios que pueda afectarte;<\/li>\n\t\t\t\t\t<li>mejorar nuestro negocio, por ejemplo a trav\u00e9s de comentarios sobre los productos, o mediante la formaci\u00f3n de nuestro personal;<\/li>\n\t\t\t\t\t<li>para proteger los derechos, la propiedad o la seguridad de otros; y<\/li>\n\t\t\t\t\t<li>para operar nuestro Sitio y nuestro negocio.<\/li>\n\t\t\t\t<\/ol>\n\t\t\t<\/li>\n\t\t\t<li>Este Sitio no est\u00e1 destinado a ser utilizado por ni\u00f1os y no recopilamos ni utilizamos conscientemente datos personales relativos a ni\u00f1os.<\/li>\n\t\t<\/ol>\n\t<\/li>\n\t<li><strong>Nuestra base jur\u00eddica para el tratamiento de tus datos personales<\/strong><br\/><br\/>\t\t<ol>\n\t\t\t<li>Cuando utilizamos datos personales estamos obligados a tener una base jur\u00eddica para hacerlo. Hay varias bases jur\u00eddicas diferentes en las que podemos basarnos, dependiendo de qu\u00e9 datos personales tratemos y por qu\u00e9. <\/li>\n\t\t\t<li>Los fundamentos jur\u00eddicos en los que podemos basarnos incluyen<br\/><br\/>\t\t\t\t<ol>\n\t\t\t\t\t<li>consentimiento: cuando nos has dado un consentimiento claro para que procesemos tus datos personales con un fin espec\u00edfico;<\/li>\n\t\t\t\t\t<li>contrato &#8211; cuando nuestro uso de tus datos personales es necesario para un contrato que tenemos contigo, o porque nos has pedido que tomemos medidas espec\u00edficas antes de celebrar un contrato;<\/li>\n\t\t\t\t\t<li>obligaci\u00f3n legal: cuando el uso que hagamos de tus datos personales sea necesario para cumplir la ley; y<\/li>\n\t\t\t\t\t<li>Intereses leg\u00edtimos: cuando el uso que hacemos de tus datos personales es necesario para nuestros intereses leg\u00edtimos, tus intereses leg\u00edtimos o los intereses leg\u00edtimos de un tercero, por ejemplo para evitar el fraude (a menos que exista una buena raz\u00f3n para proteger tus datos personales que prevalezca sobre nuestros intereses leg\u00edtimos).<\/li>\n\t\t\t\t<\/ol>\n\t\t\t<\/li>\n\t\t<\/ol>\n\t<\/li>\n\t<li><strong>M\u00e1s informaci\u00f3n<\/strong><br\/><br\/>\t\t<p>Para m\u00e1s detalles sobre cu\u00e1ndo recopilamos datos personales, qu\u00e9 recopilamos y c\u00f3mo los utilizamos, lee las siguientes secciones:<\/p>\n\t\t<table width=\"100%\" cellpadding=\"10\" cellspacing=\"0\" border=\"1\">\n\t\t\t<tr>\n\t\t\t\t<th width=\"30%\" class=\"tbl-border\">\n\t\t\t\t\t<p>Cu\u00e1ndo se recoge la informaci\u00f3n<\/p>\n\t\t\t\t<\/th>\n\t\t\t\t<th width=\"35%\" class=\"tbl-border\">\n\t\t\t\t\t<p>Qu\u00e9 informaci\u00f3n recogemos<\/p>\n\t\t\t\t<\/th>\n\t\t\t\t<th width=\"35%\" class=\"tbl-border\">\n\t\t\t\t\t<p>C\u00f3mo y por qu\u00e9 utilizamos tu informaci\u00f3n<\/p>\n\t\t\t\t<\/th>\n\t\t\t<\/tr>\n\t\t\t<tr>\n\t\t\t\t<td class=\"tbl-border\">\n\t\t\t\t\t<p>Cuando te registras para recibir informaci\u00f3n nuestra sobre nuestros productos y negocios, incluidos nuestros boletines informativos y actualizaciones sobre los productos que suministramos de vez en cuando.<\/p>\n\t\t\t\t<\/td>\n\t\t\t\t<td class=\"tbl-border\">\n\t\t\t\t\t<p>Tu nombre y direcci\u00f3n de correo electr\u00f3nico.<\/p>\n\t\t\t\t<\/td>\n\t\t\t\t<td class=\"tbl-border\">\n\t\t\t\t\t<p>Recogemos estos datos personales directamente de ti.<\/p>\n\t\t\t\t\t<p>Utilizaremos estos datos personales para proporcionarte informaci\u00f3n sobre nuestros productos y negocios, incluida la informaci\u00f3n sobre la disponibilidad de nuevos productos. Podemos hacerlo por correo postal, correo electr\u00f3nico, tel\u00e9fono o mensaje de texto (SMS). <\/p>\n\t\t\t\t\t<p>Nuestra base para procesar estos datos personales es el consentimiento, que nos das cuando introduces tus datos en nuestro Sitio.<\/p>\n\t\t\t\t\t<p>Conservaremos estos datos personales hasta que los retires. Ten en cuenta que en la parte inferior de todos nuestros correos electr\u00f3nicos de marketing se incluyen enlaces para darte de baja, o puedes pedirnos que dejemos de procesar tus datos personales para estos fines utilizando los medios de contacto establecidos en esta Pol\u00edtica de privacidad. <\/p>\n\t\t\t\t<\/td>\n\t\t\t<\/tr>\n\t\t\t<tr>\n\t\t\t\t<td class=\"tbl-border\">\n\t\t\t\t\t<p>Cuando visitas nuestros perfiles en las redes sociales.<\/p>\n\t\t\t\t<\/td>\n\t\t\t\t<td class=\"tbl-border\">\n\t\t\t\t\t<p>Nuestros proveedores de redes sociales recopilan informaci\u00f3n anal\u00edtica sobre los elementos de nuestros perfiles que visitas y con los que interact\u00faas. Tambi\u00e9n recopilan las publicaciones que haces en esos perfiles y los detalles de tus actividades compartidas. <\/p>\n\t\t\t\t<\/td>\n\t\t\t\t<td class=\"tbl-border\">\n\t\t\t\t\t<p>Nuestros proveedores de perfiles en redes sociales y nosotros recopilamos esta informaci\u00f3n.<\/p>\n\t\t\t\t\t<p>La base para recopilar y utilizar esta informaci\u00f3n es el consentimiento, que se da a estos proveedores de perfiles de redes sociales al utilizar sus servicios. Si no deseas que tu informaci\u00f3n se utilice de este modo, ponte en contacto con el proveedor de redes sociales correspondiente o modifica la configuraci\u00f3n de intercambio de datos en su sitio web o aplicaci\u00f3n. <\/p>\n\t\t\t\t\t<p>S\u00f3lo conservamos informaci\u00f3n an\u00f3nima. No conservamos ninguna informaci\u00f3n a partir de la cual podamos identificarte. El proveedor de la plataforma de medios sociales puede conservar dicha informaci\u00f3n, por ejemplo, la informaci\u00f3n de publicaci\u00f3n, compartici\u00f3n y perfil, y ponerla a nuestra disposici\u00f3n para que la veamos. Consulta su pol\u00edtica de privacidad para obtener m\u00e1s informaci\u00f3n.   <\/p>\n\t\t\t\t<\/td>\n\t\t\t<\/tr><style>.tbl-border{vertical-align: top;<\/style>\n\t\t<\/table>\n\t<\/li>\n\t<li><strong>Compartir datos personales<\/strong><br\/><br\/>\t\t<ol>\n\t\t\t<li>Si env\u00edas los datos personales de otra persona, debes contar con su consentimiento para hacerlo.<\/li>\n\t\t\t<li>Compartimos habitualmente datos personales de la siguiente manera:\n\t\t\t\t<ol>\n\t\t\t\t\t<li>con nuestros proveedores, que ayudan a hacer posible el funcionamiento de nuestro Sitio, por ejemplo proveedores de alojamiento y proveedores de servicios de correo electr\u00f3nico. Este intercambio permite ofrecerte nuestro Sitio. Algunos de estos proveedores pueden tener su sede fuera del Reino Unido, la UE o el Espacio Econ\u00f3mico Europeo. Para m\u00e1s informaci\u00f3n, incluida la relativa a c\u00f3mo protegemos tus datos personales cuando esto ocurre, consulta la secci\u00f3n \u00abTransferencia de tu informaci\u00f3n fuera del EEE\u00bb; y   <\/li>\n\t\t\t\t\t<li>compartiremos los datos personales con las fuerzas de seguridad u otras autoridades si as\u00ed lo exige la legislaci\u00f3n aplicable. Cuando sepamos que has incumplido, o cuando sospechemos que puedes estar incumpliendo cualquier obligaci\u00f3n que tengas con nosotros, por ejemplo las condiciones relativas al uso de nuestro Sitio, podremos compartir tus datos personales con terceros para que nos ayuden a proteger sus derechos, propiedad o seguridad. Esto incluye compartirlos para prevenir el riesgo de fraude.  <\/li>\n\t\t\t\t<\/ol>\n\t\t\t<\/li>\n\t\t<\/ol>\n\t<\/li>\n\t<li><strong>Marketing de terceros<\/strong><br\/><br\/>\t\t<ol>\n\t\t\t<li>De vez en cuando, tambi\u00e9n nos gustar\u00eda compartir tus datos personales con terceros seleccionados para que puedan enviarte informaci\u00f3n sobre sus productos y\/o servicios. S\u00f3lo lo haremos si antes hemos obtenido tu consentimiento. <\/li>\n\t\t\t<li>Si previamente has aceptado que nos pongamos en contacto contigo de esta forma, puedes darte de baja en cualquier momento poni\u00e9ndote en contacto con nosotros a trav\u00e9s de los medios establecidos en esta Pol\u00edtica de privacidad, o haciendo clic en los enlaces para darse de baja de cualquier correo electr\u00f3nico o material de marketing que recibas.<\/li>\n\t\t<\/ol>\n\t<\/li>\n\t<li><strong>Cookies y tecnolog\u00edas similares<\/strong><br\/><br\/>\t\t<p>Una cookie es un peque\u00f1o archivo de texto que se coloca en tu dispositivo cuando utilizas nuestro Sitio. Utilizamos cookies y otras tecnolog\u00edas similares. Para m\u00e1s informaci\u00f3n sobre nuestro uso de cookies, consulta nuestra pol\u00edtica de cookies en <a href=\"https:\/\/lucasoil.co.uk\/es\/politica-de-cookies\/\">https:\/\/lucasoil.co.uk\/cookie-policy\/.<\/a>  <\/p>\n\t<\/li>\n\t<li><strong>Tus derechos<\/strong><br\/><br\/>\t\t<ol>\n\t\t\t<li>Seg\u00fan la legislaci\u00f3n vigente, tienes una serie de derechos importantes. En resumen, entre ellos se incluyen los derechos a: <br\/><br\/>\t\t\t\t<ol>\n\t\t\t\t\t<li>el tratamiento justo de tus datos personales y la transparencia sobre c\u00f3mo utilizamos tus datos personales;<\/li>\n\t\t\t\t\t<li>acceso a tus datos personales;<\/li>\n\t\t\t\t\t<li>exigirnos que corrijamos cualquier error en tus datos personales que tengamos;<\/li>\n\t\t\t\t\t<li>exigir la supresi\u00f3n de los datos personales que te conciernen en determinadas situaciones;<\/li>\n\t\t\t\t\t<li>recibir los datos personales que te conciernan y que nos hayas facilitado, en un formato estructurado, de uso com\u00fan y lectura mec\u00e1nica, y a que transmitamos esos datos personales a un tercero en determinadas situaciones;<\/li>\n\t\t\t\t\t<li>oponerte en cualquier momento al tratamiento de los datos personales que te conciernen con fines de marketing directo;<\/li>\n\t\t\t\t\t<li>oponerte a que se tomen decisiones por medios automatizados que produzcan efectos jur\u00eddicos que te conciernan o te afecten significativamente de forma similar; y<\/li>\n\t\t\t\t\t<li>oponerte en otras situaciones determinadas a que sigamos tratando tus datos personales.<\/li>\n\t\t\t\t<\/ol>\n\t\t\t<\/li>\n\t\t\t<li>Para m\u00e1s informaci\u00f3n sobre cada uno de esos derechos, incluidas las circunstancias en que se aplican, consulta las orientaciones del Comisionado de Informaci\u00f3n que se encuentran <a href=\"https:\/\/ico.org.uk\/for-organisations\/guide-to-the-general-data-protection-regulation-gdpr\/individual-rights\/\">aqu\u00ed<\/a>.<\/li>\n\t\t\t<li>Si deseas ejercer alguno de esos derechos, env\u00edanos un correo electr\u00f3nico, ll\u00e1manos por tel\u00e9fono o escr\u00edbenos utilizando los medios de contacto establecidos en esta Pol\u00edtica de privacidad, y recuerda facilitarnos informaci\u00f3n suficiente para identificarte, as\u00ed como el asunto al que se refiere tu correspondencia. Ten en cuenta que podemos pedirte que acredites tu identidad y direcci\u00f3n. <\/li>\n\t\t<\/ol>\n\t<\/li>\n\t<li><strong>Mantener seguros tus datos personales<\/strong><br\/><br\/>\t\t<ol>\n\t\t\t<li>Disponemos de medidas de seguridad adecuadas para evitar que los datos personales se pierdan accidentalmente o se utilicen o se acceda a ellos de forma no autorizada. Limitamos el acceso a tus datos personales a quienes tienen una verdadera necesidad comercial de conocerlos. Quienes procesen tus datos personales s\u00f3lo lo har\u00e1n de forma autorizada y est\u00e1n sujetos a un deber de confidencialidad.  <\/li>\n\t\t\t<li>Tambi\u00e9n disponemos de procedimientos para tratar cualquier sospecha de violaci\u00f3n de la seguridad de los datos. Te notificaremos a ti y a cualquier regulador aplicable una sospecha de violaci\u00f3n de la seguridad de los datos cuando estemos legalmente obligados a hacerlo. <\/li>\n\t\t\t<li>Si quieres informaci\u00f3n detallada de Get Safe Online sobre c\u00f3mo proteger tu informaci\u00f3n y tus ordenadores y dispositivos contra el fraude, el robo de identidad, los virus y muchos otros problemas en l\u00ednea, visita www.getsafeonline.org.<\/li>\n\t\t<\/ol>\n\t<\/li>\n\t<li><strong>C\u00f3mo reclamar<\/strong><br\/><br\/>\t\t<ol>\n\t\t\t<li>Esperamos poder resolver cualquier duda o inquietud que nos plantees sobre el uso que hacemos de tus datos personales.<\/li>\n\t\t\t<li>La legislaci\u00f3n aplicable tambi\u00e9n te da derecho a presentar una reclamaci\u00f3n ante una autoridad supervisora. La autoridad supervisora en el Reino Unido es el Comisario de Informaci\u00f3n, con el que puedes ponerte en contacto en <a href=\"https:\/\/ico.org.uk\/global\/contact-us\/\" target=\"_blank\" rel=\"noopener\">https:\/\/ico.org.uk\/global\/contact-us\/.<\/a> <\/li>\n\t\t<\/ol>\n\t<\/li>\n\t<li><strong>Cambios en esta Pol\u00edtica<\/strong><br\/><br\/>\t\t<p>Tenga en cuenta que podemos actualizar esta pol\u00edtica peri\u00f3dicamente, por lo que si vuelve a visitar nuestro sitio web m\u00e1s adelante, le recomendamos que la consulte de nuevo para asegurarse de haber visto la versi\u00f3n actual. Esta pol\u00edtica se actualiz\u00f3 por \u00faltima vez el 13 de febrero de 2024. <\/p>\n\t<\/li>\n<\/ol>\n\n<style>ol li {padding-bottom:1em;}\ntable, th, td, tr, td {border: 1px solid #000000;vertical-align: top;}\n.tbl-border {border: 1px solid #000000;vertical-align: top;}\n<\/style>\n\n<div style=\"height:100px\" aria-hidden=\"true\" class=\"wp-block-spacer\"><\/div>\n","protected":false},"excerpt":{"rendered":"<p>Este sitio web Este sitio web https:\/\/lucasoil.co.uk\/ (nuestro\u00abSitio\u00ab) est\u00e1 gestionado por Lucas Oil Products UK Limited (\u00abnosotros\u00ab,\u00abnuestro\u00ab,\u00abnos\u00ab). Nuestra direcci\u00f3n es Unit 4, Cunliffe Drive, Llangefni Industrial Estate, Anglesey, LL77 7JA, Reino Unido. Nuestro n\u00famero de registro de IVA es 793 4800 05 Esta Pol\u00edtica de Privacidad Esta pol\u00edtica de privacidad (nuestra\u00abPol\u00edtica de privacidad\u00ab) establece la [&hellip;]<\/p>\n","protected":false},"author":1,"featured_media":0,"parent":0,"menu_order":0,"comment_status":"closed","ping_status":"open","template":"page-nonblock.php","meta":{"_acf_changed":false,"footnotes":""},"class_list":["post-31511","page","type-page","status-publish","hentry"],"acf":[],"_links":{"self":[{"href":"https:\/\/lucasoil.co.uk\/es\/wp-json\/wp\/v2\/pages\/31511","targetHints":{"allow":["GET"]}}],"collection":[{"href":"https:\/\/lucasoil.co.uk\/es\/wp-json\/wp\/v2\/pages"}],"about":[{"href":"https:\/\/lucasoil.co.uk\/es\/wp-json\/wp\/v2\/types\/page"}],"author":[{"embeddable":true,"href":"https:\/\/lucasoil.co.uk\/es\/wp-json\/wp\/v2\/users\/1"}],"replies":[{"embeddable":true,"href":"https:\/\/lucasoil.co.uk\/es\/wp-json\/wp\/v2\/comments?post=31511"}],"version-history":[{"count":2,"href":"https:\/\/lucasoil.co.uk\/es\/wp-json\/wp\/v2\/pages\/31511\/revisions"}],"predecessor-version":[{"id":31513,"href":"https:\/\/lucasoil.co.uk\/es\/wp-json\/wp\/v2\/pages\/31511\/revisions\/31513"}],"wp:attachment":[{"href":"https:\/\/lucasoil.co.uk\/es\/wp-json\/wp\/v2\/media?parent=31511"}],"curies":[{"name":"wp","href":"https:\/\/api.w.org\/{rel}","templated":true}]}}