{"id":30514,"date":"2024-01-24T16:08:03","date_gmt":"2024-01-24T21:08:03","guid":{"rendered":"https:\/\/lucasoil.co.uk\/la-nostra-storia\/"},"modified":"2025-05-15T14:07:57","modified_gmt":"2025-05-15T18:07:57","slug":"la-nostra-storia","status":"publish","type":"page","link":"https:\/\/lucasoil.co.uk\/it\/la-nostra-storia\/","title":{"rendered":"La nostra storia"},"content":{"rendered":"<div class=\"gb-container gb-container-c2ccbf2a\">\n\n<div class=\"wp-block-columns is-layout-flex wp-container-core-columns-is-layout-9d6595d7 wp-block-columns-is-layout-flex\">\n<div class=\"wp-block-column is-layout-flow wp-block-column-is-layout-flow\" style=\"flex-basis:33.33%\"><div class=\"wp-block-image\">\n<figure class=\"aligncenter size-large\"><img loading=\"lazy\" decoding=\"async\" width=\"1024\" height=\"740\" src=\"https:\/\/lucasoil.co.uk:8888\/wp-content\/uploads\/2024\/01\/Forrest-and-Charlotte-lab-oil-test-1024x740.jpg\" alt=\"\" class=\"wp-image-14\" srcset=\"https:\/\/lucasoil.co.uk\/wp-content\/uploads\/2024\/01\/Forrest-and-Charlotte-lab-oil-test-1024x740.jpg 1024w, https:\/\/lucasoil.co.uk\/wp-content\/uploads\/2024\/01\/Forrest-and-Charlotte-lab-oil-test-300x217.jpg 300w, https:\/\/lucasoil.co.uk\/wp-content\/uploads\/2024\/01\/Forrest-and-Charlotte-lab-oil-test-768x555.jpg 768w, https:\/\/lucasoil.co.uk\/wp-content\/uploads\/2024\/01\/Forrest-and-Charlotte-lab-oil-test-1536x1110.jpg 1536w, https:\/\/lucasoil.co.uk\/wp-content\/uploads\/2024\/01\/Forrest-and-Charlotte-lab-oil-test-2048x1480.jpg 2048w\" sizes=\"auto, (max-width: 1024px) 100vw, 1024px\" \/><\/figure>\n<\/div>\n\n<div class=\"wp-block-image\">\n<figure class=\"aligncenter size-full\"><img loading=\"lazy\" decoding=\"async\" width=\"600\" height=\"400\" src=\"https:\/\/lucasoil.co.uk:8888\/wp-content\/uploads\/2024\/01\/Forrest-Lucas-10-24-2017-1.jpg\" alt=\"\" class=\"wp-image-20\" srcset=\"https:\/\/lucasoil.co.uk\/wp-content\/uploads\/2024\/01\/Forrest-Lucas-10-24-2017-1.jpg 600w, https:\/\/lucasoil.co.uk\/wp-content\/uploads\/2024\/01\/Forrest-Lucas-10-24-2017-1-300x200.jpg 300w\" sizes=\"auto, (max-width: 600px) 100vw, 600px\" \/><\/figure>\n<\/div><\/div>\n\n\n\n<div class=\"wp-block-column is-layout-flow wp-block-column-is-layout-flow\" style=\"flex-basis:66.66%\">\n<h2 class=\"gb-headline gb-headline-1860308c gb-headline-text ng-font\">La storia di Lucas<\/h2>\n\n\n\n<p><strong>A conduzione familiare, produzione americana, orientata al cliente:<\/strong> Lucas \u00e8 un fiero marchio americano che incarna un mix unico di conduzione familiare, produzione statunitense, soluzioni scientificamente superiori e impegno per l&#8217;impatto sulla comunit\u00e0. <\/p>\n\n\n\n<p>Negli ultimi 35 anni, abbiamo fissato lo standard mondiale per gli oli motore, gli additivi, i prodotti per l&#8217;estetica e i lubrificanti di qualit\u00e0 superiore, alimentando le tendenze nei settori automotive, degli autotrasporti, della nautica, dell&#8217;outdoor, degli sport motoristici, dell&#8217;industria e dei prodotti per la casa. <\/p>\n\n\n\n<p>La nostra impronta globale in rapida espansione \u00e8 sottolineata da operazioni di ricerca e sviluppo all&#8217;avanguardia, canali di vendita al dettaglio in evoluzione e produzione ad alta tecnologia. Pi\u00f9 di 300 prodotti premium compongono il pi\u00f9 vasto assortimento di prodotti a scaffale di qualsiasi compagnia petrolifera degli Stati Uniti, con una rete di distribuzione in 48 Paesi e rivenditori, tra cui Amazon, Walmart, AutoZone, O&#8217;Reilly Auto Parts, Advance Auto Parts, NAPA Auto Parts e molti altri.  <\/p>\n\n\n\n<p><strong>Prodotti premium, prestazioni comprovate<\/strong>: I nostri fondatori, Forrest e Charlotte Lucas, hanno dato vita all&#8217;azienda sviluppando formule efficaci e brevettate che hanno reso i motori pi\u00f9 freddi e puliti, massimizzando cos\u00ec l&#8217;affidabilit\u00e0 dei parchi di autocarri in tutto il Paese. Da allora, grazie alla ricerca all&#8217;avanguardia e al lavoro svolto in alcune delle comunit\u00e0 motoristiche pi\u00f9 famose del mondo, i piloti professionisti si affidano agli oli motore, agli additivi e ai lubrificanti Lucas per le loro esigenze. L&#8217;impegno del nostro marchio per offrire il massimo in termini di soluzioni per le prestazioni influisce in egual misura su tutti i clienti e i partner: dalla pista alla strada, tutti possono godere dei benefici dei nostri sforzi esaustivi per la risoluzione dei problemi e il miglioramento delle prestazioni.  <\/p>\n\n\n\n<p><strong>Prodotti che superano le aspettative<\/strong>: Dopo aver dimostrato da decenni la nostra resilienza in pista e fuori, siamo diventati sinonimo di qualit\u00e0 e prestazioni ineguagliabili. La nostra ampia linea di prodotti comprende una vasta gamma di additivi, oli motore, oli per ingranaggi, lubrificanti e prodotti per l&#8217;estetica progettati per auto, autocarri, ATV, imbarcazioni, motociclette, powersport e attrezzature outdoor: in sostanza, qualsiasi cosa abbia un motore &#8211; e molto altro ancora. <\/p>\n\n\n\n<p>Dalle formule scientificamente avanzate e ad alte prestazioni alle pratiche soluzioni per la casa, come il lucidante per metalli per elettrodomestici e l&#8217;olio penetrante, i nostri prodotti sono la scelta obbligata per meccanici, autotrasportatori, proprietari di auto d&#8217;epoca, agricoltori, gestori di parchi macchine e famiglie che esigono il meglio. I professionisti e gli appassionati si fidano di Lucas. <\/p>\n<\/div>\n<\/div>\n\n<\/div><div class=\"gb-container gb-container-5901ce4a\">\n<div class=\"gb-container gb-container-cf7ef6b6\">\n<div class=\"gb-grid-wrapper gb-grid-wrapper-9d32e17f wp-grid-full-width\">\n<div class=\"gb-grid-column gb-grid-column-5e94c381\"><div class=\"gb-container gb-container-5e94c381\">\n\n<p><strong>Sposare l&#8217;eredit\u00e0 familiare dell&#8217;eccellenza<\/strong>: L&#8217;amministratore delegato Morgan Lucas e la presidente Katie Lucas sono l&#8217;incarnazione della nostra cultura familiare e portano avanti l&#8217;eredit\u00e0 duratura iniziata dai fondatori della nostra azienda. L&#8217;affiatato team di marito e moglie guida il marchio verso il futuro, sostenendo i nostri valori, l&#8217;innovazione e l&#8217;impegno per l&#8217;eccellenza che si riflette nei nostri prodotti e nelle persone. <\/p>\n\n\n\n<p>Insieme, la coppia si concentra su un&#8217;azienda che affronta e risolve i problemi con soluzioni avanzate, iniziata con il fondatore Forrest Lucas che ha rivoluzionato il settore dei parchi autocarri. Preparano Lucas Oil ad affrontare le opportunit\u00e0 e le sfide future nel settore automobilistico in continua evoluzione, mantenendo una forte attenzione ai contributi alle organizzazioni non profit locali e nazionali e ottenendo riconoscimenti per la leadership aziendale e il servizio alla comunit\u00e0. <\/p>\n\n\n\n<p><strong>La cultura del restituire<\/strong>: Il nostro team si impegna a fare la cosa giusta, nel modo giusto, per il motivo giusto: migliorare la vita dei dipendenti, dei clienti e della comunit\u00e0.<\/p>\n\n\n\n<p>Lucas Oil si propone di creare soluzioni di qualit\u00e0 superiore che risolvano i problemi di tutti i giorni, con l&#8217;obiettivo di migliorare la vita del nostro personale, dei nostri clienti e della nostra comunit\u00e0. I nostri valori fondamentali di fiducia, assistenza, lavoro di squadra, coraggio e passione alimentano il nostro impegno per l&#8217;integrit\u00e0, l&#8217;autenticit\u00e0 e l&#8217;eccellenza. <\/p>\n\n\n\n<p>&#8220;Migliorare e incidere sulle vite&#8221; \u00e8 pi\u00f9 di un&#8217;affermazione: rispecchia i nostri valori fondamentali, pone le basi e indica la direzione di tutte le nostre azioni. Lucas continua a evolversi, tuttavia la nostra dedizione alla soddisfazione del cliente, all&#8217;integrit\u00e0, all&#8217;autenticit\u00e0 e al miglioramento della comunit\u00e0 rimane salda. Ci impegniamo a promuovere un ambiente di innovazione, a sposare il cambiamento e a lavorare insieme come un team forte e capace di risolvere i problemi.  <\/p>\n\n<\/div><\/div>\n\n<div class=\"gb-grid-column gb-grid-column-79b67226\"><div class=\"gb-container gb-container-79b67226\">\n<div class=\"wp-block-image\">\n<figure class=\"aligncenter size-large\"><img loading=\"lazy\" decoding=\"async\" width=\"1536\" height=\"1508\" src=\"\/wp-content\/uploads\/2024\/01\/2023_0627_Lucas_Family-1536x1508-1.jpg\" alt=\"\" class=\"wp-image-35\" style=\"object-fit:cover\" srcset=\"https:\/\/lucasoil.co.uk\/wp-content\/uploads\/2024\/01\/2023_0627_Lucas_Family-1536x1508-1.jpg 1536w, https:\/\/lucasoil.co.uk\/wp-content\/uploads\/2024\/01\/2023_0627_Lucas_Family-1536x1508-1-300x295.jpg 300w, https:\/\/lucasoil.co.uk\/wp-content\/uploads\/2024\/01\/2023_0627_Lucas_Family-1536x1508-1-1024x1005.jpg 1024w, https:\/\/lucasoil.co.uk\/wp-content\/uploads\/2024\/01\/2023_0627_Lucas_Family-1536x1508-1-768x754.jpg 768w\" sizes=\"auto, (max-width: 1536px) 100vw, 1536px\" \/><\/figure>\n<\/div>\n<\/div><\/div>\n<\/div>\n<\/div>\n<\/div><div class=\"gb-container gb-container-a68ea175\">\n\n<div class=\"wp-block-columns is-layout-flex wp-container-core-columns-is-layout-9d6595d7 wp-block-columns-is-layout-flex\">\n<div class=\"wp-block-column is-layout-flow wp-block-column-is-layout-flow\" style=\"flex-basis:50%\"><div class=\"wp-block-image\">\n<figure class=\"aligncenter size-full\"><img loading=\"lazy\" decoding=\"async\" width=\"720\" height=\"412\" src=\"https:\/\/lucasoil.co.uk\/wp-content\/uploads\/2024\/05\/cipf.jpg\" alt=\"\" class=\"wp-image-1191\" srcset=\"https:\/\/lucasoil.co.uk\/wp-content\/uploads\/2024\/05\/cipf.jpg 720w, https:\/\/lucasoil.co.uk\/wp-content\/uploads\/2024\/05\/cipf-300x172.jpg 300w\" sizes=\"auto, (max-width: 720px) 100vw, 720px\" \/><\/figure>\n<\/div><\/div>\n\n\n\n<div class=\"wp-block-column is-layout-flow wp-block-column-is-layout-flow\" style=\"flex-basis:50%\">\n<p><strong>L&#8217;impegno verso il futuro<\/strong>: Siamo costantemente impegnati a superare le aspettative dei nostri clienti e delle nostre comunit\u00e0. Continuiamo ad ampliare la nostra impronta globale grazie a ricerca e sviluppo all&#8217;avanguardia, produzione high-tech e canali di vendita al dettaglio in continua evoluzione, orientando la nostra direzione strategica verso il futuro con il massimo ottimismo.  <\/p>\n\n\n\n<p><strong>Siamo Lucas Oil.<\/strong><\/p>\n<\/div>\n<\/div>\n\n<\/div><div class=\"gb-container gb-container-10516a2d\">\n<div class=\"gb-container gb-container-a8b1c586\">\n\n<h2 class=\"gb-headline gb-headline-8b46a405 gb-headline-text\">Mission, vision e valori<\/h2>\n\n\n<div class=\"gb-grid-wrapper gb-grid-wrapper-a87dab19\">\n<div class=\"gb-grid-column gb-grid-column-bb7227e5\"><div class=\"gb-container gb-container-bb7227e5\">\n\n<h4 class=\"wp-block-heading ng-font\">MISSION<\/h4>\n\n\n\n<p>Impegno costante a creare soluzioni di qualit\u00e0 superiore per la risoluzione dei problemi quotidiani.<\/p>\n\n\n\n<h4 class=\"wp-block-heading ng-font\">VISION<\/h4>\n\n\n\n<p>Migliorare e incidere sulle vite.<\/p>\n\n\n<div class=\"gb-container gb-container-5684af72\">\n\n<figure class=\"wp-block-embed aligncenter is-type-video is-provider-youtube wp-block-embed-youtube yt-100 wp-embed-aspect-16-9 wp-has-aspect-ratio\"><div class=\"wp-block-embed__wrapper\">\n<div class=\"yt-video\"><iframe loading=\"lazy\" title=\"Lucas Oil Products Mission, Vision, and Value Statement\" width=\"500\" height=\"281\" src=\"https:\/\/www.youtube.com\/embed\/Oa23rGddmg8?feature=oembed\" frameborder=\"0\" allow=\"accelerometer; autoplay; clipboard-write; encrypted-media; gyroscope; picture-in-picture; web-share\" referrerpolicy=\"strict-origin-when-cross-origin\" allowfullscreen><\/iframe><\/div>\n<\/div><\/figure>\n\n<\/div>\n<\/div><\/div>\n\n<div class=\"gb-grid-column gb-grid-column-31ec22bc\"><div class=\"gb-container gb-container-31ec22bc\">\n\n<h4 class=\"wp-block-heading ng-font\">Valori<\/h4>\n\n\n\n<p>Perseguiamo senza sosta la soddisfazione del cliente.<\/p>\n\n\n\n<p>Siamo impegnati verso l&#8217;integrit\u00e0, l&#8217;autenticit\u00e0 e l&#8217;eccellenza.<\/p>\n\n\n\n<p>Siamo innovativi, creativi e abbracciamo il cambiamento.<\/p>\n\n\n\n<p>Investiamo nella vita dei nostri collaboratori.<\/p>\n\n\n\n<p>Siamo impegnati a migliorare le nostre comunit\u00e0.<\/p>\n\n\n\n<p>Siamo pi\u00f9 forti quando lavoriamo insieme.<\/p>\n\n\n\n<p>Siamo risolutori di problemi.<\/p>\n\n\n\n<h4 class=\"wp-block-heading ng-font\">SIAMO LUCAS OIL.<\/h4>\n\n<\/div><\/div>\n<\/div>\n<\/div>\n<\/div><div class=\"gb-container gb-container-79f3adb9\">\n<div class=\"gb-container gb-container-0ba605ea story-contact-container\">\n\n<h2 class=\"gb-headline gb-headline-2c8f2a5f gb-headline-text\">Contatti per Paese<\/h2>\n\n\n<div class=\"gb-grid-wrapper gb-grid-wrapper-74b1e36b\">\n<div class=\"gb-grid-column gb-grid-column-cbebbfd6\"><div class=\"gb-container gb-container-cbebbfd6\">\n\n<h3 class=\"wp-block-heading ng-font\" style=\"font-size:26px\">Stati Uniti<\/h3>\n\n\n\n<p style=\"font-size:18px\"><strong>Sede centrale<\/strong><br\/><a href=\"https:\/\/maps.app.goo.gl\/vNzv1ZxXUKJErasr8\" target=\"_blank\" rel=\"noreferrer noopener\">1310 E. 96th St. Suite 200<br\/>Indianapolis, IN 46240<\/a><br\/>Numero verde: (800) 342-2512<br\/>Fax: (951) 270-1902<\/p>\n\n\n\n<p style=\"font-size:18px\"><strong>Stabilimento di produzioni<\/strong><br\/><a href=\"https:\/\/goo.gl\/maps\/Kc8JQPXqtysZPG759?coh=178571&amp;entry=tt\" target=\"_blank\" rel=\"noreferrer noopener\">3199 Harrison Way NW<br\/>Corydon, Indiana 47112-6903<\/a><\/p>\n\n<\/div><\/div>\n\n<div class=\"gb-grid-column gb-grid-column-be9a7ec2\"><div class=\"gb-container gb-container-be9a7ec2\">\n\n<h3 class=\"wp-block-heading ng-font\" style=\"font-size:26px\">CANADA<\/h3>\n\n\n\n<p style=\"font-size:16px\">Numero verde: (800) 342-2512<br\/>Fax: (888) 281-7373<br\/><br\/><a href=\"https:\/\/www.lucasoil.ca\/\">LucasOil.ca<\/a><\/p>\n\n\n\n<h3 class=\"wp-block-heading ng-font\" style=\"font-size:26px\">Regno Unito<\/h3>\n\n\n\n<p style=\"font-size:18px\"><strong>LUCAS OIL PRODUCTS UK LTD<br\/><\/strong><a href=\"https:\/\/www.google.com\/search?q=Unit+4+Cunliffe+Drive%0D%0ALlangefni+Industrial+Estate%0D%0ALlangefni%0D%0AAnglesey%0D%0ALL77+7JA&amp;rlz=1C1CHBF_enUS1001US1001&amp;tbm=lcl&amp;sxsrf=APwXEdeeJhKCbfa8fsjULFzqnuFPtVMAZA%3A1683059545062&amp;ei=WXNRZNjFA4mjkPIPzd2s2AE&amp;ved=0ahUKEwiY1sayvdf-AhWJEUQIHc0uCxsQ4dUDCAk&amp;uact=5&amp;oq=Unit+4+Cunliffe+Drive%0D%0ALlangefni+Industrial+Estate%0D%0ALlangefni%0D%0AAnglesey%0D%0ALL77+7JA&amp;gs_lcp=Cg1nd3Mtd2l6LWxvY2FsEANQAFgAYABoAHAAeACAAQCIAQCSAQCYAQCgAQKgAQE&amp;sclient=gws-wiz-local#rlfi=hd:;si:;mv:%5B%5B53.25313007731903,-4.304905177119305%5D,%5B53.252770122680964,-4.3055068228806945%5D%5D\" target=\"_blank\" rel=\"noreferrer noopener\">Unit 4 Cunliffe Drive<br\/>Llangefni Industrial Estate<br\/>Llangefni<br\/>Anglesey<br\/>LL77 7JA<\/a><br\/>Phone: +44 (0) 1248-723-666<br\/><a href=\"https:\/\/lucasoil.co.uk\/it\/\" target=\"_blank\" rel=\"noreferrer noopener\">LucasOil.co.uk<\/a><\/p>\n\n<\/div><\/div>\n\n<div class=\"gb-grid-column gb-grid-column-2149bf20\"><div class=\"gb-container gb-container-2149bf20\">\n\n<h3 class=\"wp-block-heading has-text-align-center ng-font\" style=\"font-size:26px\">Messico<\/h3>\n\n\n\n<p class=\"has-text-align-center\" style=\"font-size:16px\">Numero verde: (800) 342-2512<br\/><a href=\"https:\/\/www.lucasoil.mx\/\">LucasOil.mx<\/a><\/p>\n\n\n\n<h3 class=\"wp-block-heading has-text-align-center ng-font\" style=\"font-size:26px\">EUROPA<\/h3>\n\n\n\n<p class=\"has-text-align-center\" style=\"font-size:18px\"><strong>Lucas Oil Products Europe Ltd<br\/><\/strong>Block 3 Harcourt Centre<br\/>Harcourt Road<br\/>Dublin 2<br\/>Ireland<br\/>Telefono: +44 344 225 5400<br\/><a href=\"http:\/\/lucasoil.eu.com\/\">LucasOil.eu.com<\/a><\/p>\n\n<\/div><\/div>\n<\/div>\n<\/div>\n<\/div>","protected":false},"excerpt":{"rendered":"<p>La storia di Lucas A conduzione familiare, produzione americana, orientata al cliente: Lucas \u00e8 un fiero marchio americano che incarna un mix unico di conduzione familiare, produzione statunitense, soluzioni scientificamente superiori e impegno per l&#8217;impatto sulla comunit\u00e0. Negli ultimi 35 anni, abbiamo fissato lo standard mondiale per gli oli motore, gli additivi, i prodotti per [&hellip;]<\/p>\n","protected":false},"author":1,"featured_media":0,"parent":0,"menu_order":0,"comment_status":"closed","ping_status":"closed","template":"","meta":{"_acf_changed":false,"footnotes":""},"class_list":["post-30514","page","type-page","status-publish","hentry"],"acf":[],"_links":{"self":[{"href":"https:\/\/lucasoil.co.uk\/it\/wp-json\/wp\/v2\/pages\/30514","targetHints":{"allow":["GET"]}}],"collection":[{"href":"https:\/\/lucasoil.co.uk\/it\/wp-json\/wp\/v2\/pages"}],"about":[{"href":"https:\/\/lucasoil.co.uk\/it\/wp-json\/wp\/v2\/types\/page"}],"author":[{"embeddable":true,"href":"https:\/\/lucasoil.co.uk\/it\/wp-json\/wp\/v2\/users\/1"}],"replies":[{"embeddable":true,"href":"https:\/\/lucasoil.co.uk\/it\/wp-json\/wp\/v2\/comments?post=30514"}],"version-history":[{"count":1,"href":"https:\/\/lucasoil.co.uk\/it\/wp-json\/wp\/v2\/pages\/30514\/revisions"}],"predecessor-version":[{"id":30528,"href":"https:\/\/lucasoil.co.uk\/it\/wp-json\/wp\/v2\/pages\/30514\/revisions\/30528"}],"wp:attachment":[{"href":"https:\/\/lucasoil.co.uk\/it\/wp-json\/wp\/v2\/media?parent=30514"}],"curies":[{"name":"wp","href":"https:\/\/api.w.org\/{rel}","templated":true}]}}