{"id":31273,"date":"2024-04-19T11:08:42","date_gmt":"2024-04-19T15:08:42","guid":{"rendered":"https:\/\/lucasoil.co.uk\/specialita-agricoltura\/"},"modified":"2025-11-25T12:08:07","modified_gmt":"2025-11-25T17:08:07","slug":"specialita-agricoltura","status":"publish","type":"page","link":"https:\/\/lucasoil.co.uk\/it\/specialita-agricoltura\/","title":{"rendered":"Specialit\u00e0: Agricoltura"},"content":{"rendered":"\n<h2 class=\"gb-headline gb-headline-01d1275c gb-headline-text\">AGRICOLTURA<\/h2>\n\n<p>Sfrutta al massimo il potenziale delle tue macchine operose con la nostra serie di oli, additivi, grassi e risolutori di problemi all&#8217;avanguardia, realizzati per mantenere in movimento la tua attivit\u00e0. Progettati per ridurre l&#8217;attrito e prevenire l&#8217;usura del motore, migliorare l&#8217;efficienza del carburante, ridurre le emissioni e mantenere pi\u00f9 puliti i componenti del motore, gli additivi Lucas contribuiscono a migliorare l&#8217;efficienza e l&#8217;affidabilit\u00e0 generale della macchina per aiutarti a ottenere la massima produttivit\u00e0 e redditivit\u00e0. <\/p>\n","protected":false},"excerpt":{"rendered":"<p>AGRICOLTURA Sfrutta al massimo il potenziale delle tue macchine operose con la nostra serie di oli, additivi, grassi e risolutori di problemi all&#8217;avanguardia, realizzati per mantenere in movimento la tua attivit\u00e0. Progettati per ridurre l&#8217;attrito e prevenire l&#8217;usura del motore, migliorare l&#8217;efficienza del carburante, ridurre le emissioni e mantenere pi\u00f9 puliti i componenti del motore, [&hellip;]<\/p>\n","protected":false},"author":1,"featured_media":0,"parent":0,"menu_order":0,"comment_status":"closed","ping_status":"closed","template":"lifestyle-agriculture.php","meta":{"_acf_changed":false,"footnotes":""},"class_list":["post-31273","page","type-page","status-publish","hentry"],"acf":[],"_links":{"self":[{"href":"https:\/\/lucasoil.co.uk\/it\/wp-json\/wp\/v2\/pages\/31273","targetHints":{"allow":["GET"]}}],"collection":[{"href":"https:\/\/lucasoil.co.uk\/it\/wp-json\/wp\/v2\/pages"}],"about":[{"href":"https:\/\/lucasoil.co.uk\/it\/wp-json\/wp\/v2\/types\/page"}],"author":[{"embeddable":true,"href":"https:\/\/lucasoil.co.uk\/it\/wp-json\/wp\/v2\/users\/1"}],"replies":[{"embeddable":true,"href":"https:\/\/lucasoil.co.uk\/it\/wp-json\/wp\/v2\/comments?post=31273"}],"version-history":[{"count":2,"href":"https:\/\/lucasoil.co.uk\/it\/wp-json\/wp\/v2\/pages\/31273\/revisions"}],"predecessor-version":[{"id":31278,"href":"https:\/\/lucasoil.co.uk\/it\/wp-json\/wp\/v2\/pages\/31273\/revisions\/31278"}],"wp:attachment":[{"href":"https:\/\/lucasoil.co.uk\/it\/wp-json\/wp\/v2\/media?parent=31273"}],"curies":[{"name":"wp","href":"https:\/\/api.w.org\/{rel}","templated":true}]}}