{"id":31286,"date":"2024-05-08T10:38:04","date_gmt":"2024-05-08T14:38:04","guid":{"rendered":"https:\/\/lucasoil.co.uk\/termini-e-condizioni\/"},"modified":"2025-11-25T12:08:07","modified_gmt":"2025-11-25T17:08:07","slug":"termini-e-condizioni","status":"publish","type":"page","link":"https:\/\/lucasoil.co.uk\/it\/termini-e-condizioni\/","title":{"rendered":"Termini e condizioni"},"content":{"rendered":"\n<div style=\"height:100px\" aria-hidden=\"true\" class=\"wp-block-spacer\"><\/div>\n\n<ol>\n<li><strong>Questo sito<\/strong><br\/><br\/>Questo sito web https:\/\/lucasoil.co.uk\/ (il nostro<strong>&#8220;Sito<\/strong>&#8220;) \u00e8 gestito da Lucas Oil Products UK Limited (<strong>&#8220;noi<\/strong>&#8220;,<strong>&#8220;nostro<\/strong>&#8220;,<strong>&#8220;ci<\/strong>&#8220;). Il nostro indirizzo \u00e8 Unit 4, Cunliffe Drive, Llangefni Industrial Estate, Anglesey, LL77 7JA, Regno Unito. Il nostro numero di partita IVA \u00e8 793 4800 05.  <\/li>\n\n\n<li><strong>I nostri termini<\/strong>\n<ol>\n<li>I presenti termini (i<strong>&#8220;Termini<\/strong>&#8220;) spiegano come l&#8217;utente pu\u00f2 utilizzare il nostro Sito. Il Sito include i siti web collegati ai seguenti nomi di dominio e tutte le pagine web associate: <br\/><br\/>www.lucasoil.co.uk<\/li>\n<li>Prima di utilizzare il nostro Sito, l&#8217;utente \u00e8 tenuto a leggere attentamente le presenti Condizioni, in quanto creano obblighi legali vincolanti per l&#8217;utente. Se non comprendi una qualsiasi parte dei Termini, ti preghiamo di comunicarcelo utilizzando i dettagli di contatto indicati di seguito. Accedendo o utilizzando il nostro Sito, o parte di esso, accetti di essere vincolato dai presenti Termini. Se non sei d&#8217;accordo o non accetti uno qualsiasi dei presenti Termini, devi interrompere immediatamente l&#8217;utilizzo del Sito. Si prega di notare che i Termini possono essere aggiornati di tanto in tanto, pertanto se si visita il Sito in un secondo momento \u00e8 necessario controllare nuovamente i Termini per assicurarsi di aver letto la versione attuale.    <\/li>\n<li>Se hai domande sul nostro Sito o sui presenti Termini, o se non comprendi una parte di questi Termini, contattaci:\n<ol>\n<li>via e-mail all&#8217;indirizzo info@lucasoil.co.uk;<\/li>\n<li>telefonicamente al numero +44 (0) 1248-723-666; oppure<\/li>\n<li>per posta all&#8217;indirizzo Unit 4, Cunliffe Drive, Llangefni Industrial Estate, Anglesey, LL77 7JA, Regno Unito.<\/li>\n<\/ol>\n<\/li>\n<li>Ci impegneremo a risponderti tempestivamente. Ti ricordiamo che i nostri servizi di posta elettronica e telefono sono monitorati solo nelle ore comprese tra le 1000 e le 1600 ora del Regno Unito (escluse le festivit\u00e0 pubbliche e bancarie del Regno Unito o parte di esse). <\/li>\n<li>Si prega inoltre di notare che potremmo conservare un registro della corrispondenza per permetterci di gestire correttamente il nostro Sito, per rispondere alle tue richieste e per scopi di qualit\u00e0 e formazione.<\/li>\n<\/ol>\n<\/li>\n\n<li><strong>Definizioni<\/strong>\n<ol>\n<li>In questi Termini alcune parole hanno un significato definito. Queste sono: <br\/><br\/>Per &#8220;Contenuto&#8221; si intende qualsiasi testo, immagine, video, audio o altro contenuto o materiale, software o altre informazioni presenti, facenti parte o inviate dall&#8217;utente al Sito; e<br\/><br\/>Per &#8220;invio&#8221; si intende qualsiasi informazione che l&#8217;utente voglia inviarci, ad esempio un suggerimento pubblicitario o di marketing, un&#8217;idea di prodotto, un&#8217;idea commerciale o qualsiasi cosa che l&#8217;utente consideri riservata, commercialmente sensibile o di valore.<\/li>\n<\/ol>\n<\/li>\n\n\n<li><strong>Dati personali<\/strong><br\/><br\/>Hai diversi diritti e noi abbiamo diversi obblighi in relazione ai tuoi dati personali. Per ulteriori informazioni sulle modalit\u00e0 di utilizzo dei tuoi dati <a href=\"https:\/\/lucasoil.co.uk\/privacy-policy\/\">personali, ti invitiamo a consultare la nostra informativa sulla privacy<\/a> (la nostra<strong>&#8220;Informativa sulla privacy<\/strong>&#8220;). <\/li>\n\n\n<li><strong>Utilizzo del nostro sito<\/strong>\n<ol>\n<li>Il nostro Sito \u00e8 un luogo in cui puoi trovare informazioni su di noi, sui prodotti che vendiamo e sui servizi che forniamo.<\/li>\n<li>L&#8217;utente accetta di essere l&#8217;unico responsabile di tutti i costi e le spese che potrebbe sostenere in relazione all&#8217;uso del Sito, compresi i costi relativi alla connessione e all&#8217;uso di Internet.<\/li>\n<li>Sebbene cercheremo di fare in modo che il nostro Sito sia sempre disponibile e funzioni correttamente, non garantiamo che il Sito sia sempre disponibile o in qualsiasi momento particolare, che il Sito funzioni correttamente o che qualsiasi funzionalit\u00e0 del Sito sia disponibile in qualsiasi momento. Inoltre, possiamo sospendere o interrompere il funzionamento del Sito in qualsiasi momento, come riteniamo opportuno. <\/li>\n<li>Sebbene cerchiamo di assicurarci che il nostro Sito sia accurato e aggiornato, non possiamo promettere che lo sar\u00e0. Inoltre, non possiamo promettere che il Sito sia adatto o idoneo a qualsiasi scopo. I nostri Contenuti sono forniti solo a scopo informativo generale e per informare l&#8217;utente su di noi e sui nostri beni e servizi, nonch\u00e9 su notizie, caratteristiche e altre persone che potrebbero essere di interesse. Non costituisce una consulenza tecnica, finanziaria o legale o di qualsiasi altro tipo e non si deve fare affidamento su di essa per alcuno scopo. L&#8217;utente pu\u00f2 fare affidamento sulle informazioni contenute in questo Sito a proprio rischio e pericolo.    <\/li>\n<li>Quando il Sito ti consente di effettuare il login, devi mantenere riservati la tua password e gli altri dettagli del tuo account. Ti preghiamo di informarci immediatamente nel caso in cui sospetti o sai che la tua password o altri dati sono stati resi noti ad altre persone. Se fornisci i tuoi dati di accesso a una persona, sei responsabile di qualsiasi uso che questa faccia del nostro Sito tramite tale accesso.  <\/li>\n<li>Cerchiamo di rendere il Sito il pi\u00f9 accessibile possibile. In caso di difficolt\u00e0 nell&#8217;utilizzo del Sito, ti invitiamo a contattarci utilizzando i mezzi sopra indicati e\/o a utilizzare gli strumenti di accessibilit\u00e0 del sito web disponibili attraverso il tuo dispositivo e il tuo browser. <\/li>\n<li>Possiamo impedire o sospendere l&#8217;accesso dell&#8217;utente al Sito qualora l&#8217;utente non rispetti, o sospettiamo che non abbia rispettato, qualsiasi parte dei presenti Termini o qualsiasi legge applicabile. Ci\u00f2 non pregiudica i nostri altri diritti e rimedi in relazione a tale violazione. Ti ricordiamo che abbiamo la possibilit\u00e0 di tracciare il tuo indirizzo IP e, se necessario, di contattare il tuo provider di servizi internet in caso di sospetta violazione dei presenti Termini o della legge applicabile.  <\/li>\n<li>Se la tua inosservanza pu\u00f2 mettere in pericolo i diritti, la propriet\u00e0 o gli interessi di qualsiasi altra persona, o se sospettiamo che ci\u00f2 possa accadere, possiamo divulgare i tuoi dati e qualsiasi altra informazione pertinente in nostro possesso, per contribuire a prevenire qualsiasi danno.<\/li>\n<\/ol>\n<\/li>\n\n\n<li><strong>Restrizioni all&#8217;uso improprio<\/strong>\n<ol>\n<li>Il Sito pu\u00f2 contenere servizi interattivi, tra cui, a titolo esemplificativo e non esaustivo, gruppi di discussione, gruppi di notizie, bacheche, chat room, blog e altre funzioni di social networking che possono consentire all&#8217;utente di pubblicare, trasmettere o inviare informazioni. Possiamo monitorare attivamente o meno le informazioni inviate dall&#8217;utente tramite questi servizi. Per questo motivo, potresti essere esposto a contenuti imprecisi, fraudolenti o ingannevoli o che trovi offensivi o sgradevoli e che non sono approvati da noi. Inoltre, l&#8217;utente non dovrebbe pubblicare su questi servizi informazioni da cui possa essere identificato, in quanto ci\u00f2 potrebbe causare rischi, ad esempio in relazione alla ricezione di corrispondenza non richiesta o all&#8217;impersonificazione dell&#8217;identit\u00e0. Possiamo rimuovere qualsiasi informazione presente in questi servizi o limitare la tua capacit\u00e0 di utilizzarli, a seconda delle nostre esigenze. L&#8217;uso di questi servizi \u00e8 a rischio dell&#8217;utente.     <\/li>\n<li>Non devi fare un uso improprio del nostro Sito. I seguenti sono esempi di uso improprio: \n<ol>\n<li>utilizzare il Sito per scopi impropri, illegali o immorali,<\/li>\n<li>causare fastidio attraverso l&#8217;utilizzo del Sito da parte dell&#8217;utente o compromettere o compromettere il funzionamento del Sito;<\/li>\n<li>utilizzare il Sito per creare, ospitare o trasmettere materiale diffamatorio, offensivo o osceno, o impegnarsi in attivit\u00e0 che possano recare offesa ad altri per motivi di razza, religione, orientamento sessuale o altro;<\/li>\n<li>utilizzare il Sito per danneggiare o tentare di danneggiare altre persone (compresi i bambini) in qualsiasi modo;<\/li>\n<li>utilizzare il Sito per creare, ospitare o trasmettere qualsiasi materiale che minacci o incoraggi danni fisici o la distruzione di propriet\u00e0, o che costituisca un reato penale o dia luogo a responsabilit\u00e0 civile;<\/li>\n<li>utilizzare il Sito per creare, ospitare o trasmettere materiale che violi il diritto d&#8217;autore, il marchio, il brevetto, il segreto commerciale, la privacy, il diritto di pubblicit\u00e0 o altre propriet\u00e0 intellettuali o diritti di terzi;<\/li>\n<li>utilizzare il Sito per creare, ospitare o trasmettere materiale pubblicitario non richiesto ad altri utenti;<\/li>\n<li>utilizzare il Sito per creare, ospitare o trasmettere materiale che molesti un&#8217;altra persona;<\/li>\n<li>utilizzare il Sito per fare offerte false, fuorvianti, ingannevoli o fraudolente per vendere o acquistare prodotti, articoli o servizi, o per inviare catene di Sant&#8217;Antonio o schemi piramidali o simili;<\/li>\n<li>utilizzare il Sito per accedere, o tentare di accedere, agli account di altri o per penetrare o tentare di penetrare o violare le misure di sicurezza, il software, l&#8217;hardware, i sistemi di comunicazione elettronica o i sistemi di telecomunicazione di altri;<\/li>\n<li>utilizzare il Sito per raccogliere, o tentare di raccogliere, informazioni personali su terzi senza che questi ne siano a conoscenza o abbiano dato il loro consenso, o per intraprendere attivit\u00e0 di &#8220;screen scraping&#8221;, &#8220;database scraping&#8221; o qualsiasi altra attivit\u00e0 con lo scopo di ottenere elenchi di utenti o altri dati;<\/li>\n<li>utilizzare il Sito per qualsiasi attivit\u00e0 che influisca negativamente sulla capacit\u00e0 di altre persone o sistemi di utilizzare i servizi o Internet in generale, inclusi, a titolo esemplificativo, flooding e hacking;<\/li>\n<li>impersonare una persona o un&#8217;entit\u00e0 o utilizzare un nome falso che non sei autorizzato a usare; oppure<\/li>\n<li>incoraggiare, condonare o esaltare la guida o l&#8217;uso spericolato o pericoloso dei veicoli.<\/li>\n<\/ol>\n<\/li>\n<\/ol>\n<\/li>\n\n\n<li><strong>Propriet\u00e0 intellettuale<\/strong>\n<ol>\n<li>Quando invii un Contenuto al nostro Sito, ci concedi il diritto di utilizzare tale Contenuto in relazione alla nostra attivit\u00e0. Ci\u00f2 include l&#8217;archiviazione di tali Contenuti e la loro messa a disposizione tramite il nostro Sito. Possiamo consentire ad altre persone di farlo per nostro conto. Questi diritti saranno gratuiti (non potrai farci pagare per questi diritti) e irrevocabili, e saranno validi per sempre. Accetti che non siamo tenuti a identificarti come autore di tale materiale e che non avrai alcun diritto di opporti al trattamento di tale materiale da parte nostra. Ci\u00f2 non pregiudica i tuoi diritti ai sensi delle leggi relative ai dati personali. Tuttavia, nel caso in cui i dati personali siano contenuti in tale Contenuto, l&#8217;utente acconsente, e deve avere il consenso di qualsiasi altra persona identificata, a inviarci tale Contenuto e a permetterci di utilizzarlo come sopra indicato.      <\/li>\n<li>Il Sito e tutta la propriet\u00e0 intellettuale in esso contenuta \u00e8 di nostra propriet\u00e0 o dei nostri licenziatari o di entrambi (a seconda dei casi). La propriet\u00e0 intellettuale comprende il copyright del nostro Sito, i nostri marchi e nomi di dominio e quelli di altre persone, i diritti di design, ad esempio sulle nostre interfacce utente, i diritti sui database e tutte le altre propriet\u00e0 intellettuali o diritti di qualsiasi tipo, siano essi registrati o meno, anche se fosse possibile registrarli (e noi non abbiamo proceduto a tale registrazione). <\/li>\n<li>Noi e i nostri licenziatari ci riserviamo tutti i nostri e loro Questo significa, ad esempio, che noi (e loro) rimaniamo proprietari della loro propriet\u00e0 intellettuale e siamo liberi di utilizzarla come noi (e loro) riteniamo opportuno.<\/li>\n<li>L&#8217;utente ha il diritto di accedere e utilizzare il nostro Sito per ottenere informazioni su di noi e sui nostri prodotti e servizi, sempre nel rispetto delle presenti Condizioni. Nulla di quanto contenuto nei presenti Termini o in altro modo concede all&#8217;utente qualsiasi altro diritto, titolo o interesse su o per il Sito. <\/li>\n<li>Nel caso in cui il software sia reso disponibile attraverso il nostro Sito, o da noi attraverso qualsiasi piattaforma come l&#8217;App Store di Apple o Google Play, ti preghiamo di notare che il download, l&#8217;installazione e l&#8217;utilizzo di tale software saranno soggetti a termini e condizioni aggiuntivi, che ti verranno segnalati al momento dell&#8217;accesso a tale software. Nei casi in cui ci colleghiamo ai nostri siti di social media, come Facebook, X e Instagram, ti preghiamo di notare che questi siti hanno i loro termini d&#8217;uso, che devi leggere e rispettare. <\/li>\n<li>Si prega di notare che i seguenti sono marchi commerciali di nostra propriet\u00e0 o dei nostri licenziatari:<br\/><br\/>LUCAS<br\/><br\/>LUCAS OIL<br\/><br\/>DEEP CLEAN<br\/><br\/>SAFEGUARD<br\/><br\/>RED &#8216;N&#8217; TACKY<br\/><br\/><img decoding=\"async\" src=\"\/wp-content\/uploads\/2024\/05\/lucas-logos1.jpg\" alt=\"Lucas Shields\"\/><br\/><br\/><img decoding=\"async\" src=\"\/wp-content\/uploads\/2024\/05\/lucas-logos2.jpg\" alt=\"Lucas Shield\"\/><\/li>\n<li>Se ritieni che una qualsiasi parte del nostro Sito, o qualsiasi cosa disponibile attraverso il nostro Sito, violi i tuoi diritti, ti preghiamo di contattarci utilizzando i mezzi sopra indicati. Quando ci contatti, ti preghiamo di fornire i seguenti dati: \n<ol>\n<li>il tuo indirizzo, numero di telefono e indirizzo e-mail;<\/li>\n<li>descrizione dei diritti che si ritiene siano stati violati;<\/li>\n<li>una descrizione della presunta attivit\u00e0 di violazione;<\/li>\n<li>una dichiarazione in cui l&#8217;utente dichiara di ritenere in buona fede che l&#8217;attivit\u00e0 di violazione non \u00e8 autorizzata dall&#8217;utente, dal titolare dei diritti, dal suo agente o dalla legge; e<\/li>\n<li>una tua dichiarazione, resa sotto pena di falsa testimonianza, che le informazioni sono accurate e che sei il titolare dei diritti o autorizzato ad agire per conto del titolare dei diritti.<\/li>\n<\/ol>\n<\/li>\n<\/ol>\n<\/li>\n\n\n<li><strong>Sicurezza<\/strong>\n<ol>\n<li>Possiamo applicare misure di sicurezza e alcune restrizioni al nostro Sito. L&#8217;utente accetta di non manomettere o tentare di aggirare, evitare o negare tali misure di sicurezza o restrizioni, o di chiedere o aiutare qualsiasi altra persona a farlo, anche attraverso l&#8217;invio di informazioni false, o utilizzando mezzi che oscurano l&#8217;identit\u00e0 dei dispositivi o delle persone che visitano il nostro Sito, come ad esempio l&#8217;utilizzo di servizi VPN o di browser TOR. <\/li>\n<li>Il nostro Sito contiene avvisi importanti (compresi quelli relativi alla propriet\u00e0 intellettuale), compresi quelli contenuti in qualsiasi diritto digitale o altra tecnologia di sicurezza incorporata o contenuta nel Sito. L&#8217;utente non deve manomettere o rimuovere nessuno di questi avvisi, anche in qualsiasi stampa del nostro Sito. <\/li>\n<li>Le comunicazioni via internet non sono sicure. Sebbene cerchiamo di fare in modo che il Sito sia sicuro, non possiamo garantire la sicurezza delle informazioni che ci fornisci e quindi non possiamo garantire che rimangano riservate, ad esempio durante la loro trasmissione a noi. <\/li>\n<li>In particolare, e per questo motivo, l&#8217;utente non deve farci pervenire alcun Contributo. Pur apprezzando il tuo feedback, accetti di non inviare alcun contributo. Nel caso in cui l&#8217;utente invii dei Contributi, noi potremo utilizzarli come meglio crediamo, a titolo gratuito.  <\/li>\n<li>Inoltre, ti consigliamo di utilizzare un software antivirus e un firewall personale aggiornati quando accedi e utilizzi il nostro Sito.<\/li>\n<\/ol>\n<\/li>\n\n<li><strong>Siti di terze parti<\/strong><br\/><br\/>Il Sito pu\u00f2 contenere collegamenti ipertestuali o riferimenti a siti web di terzi diversi dal Sito. Tali collegamenti ipertestuali o riferimenti sono forniti solo per comodit\u00e0 dell&#8217;utente. Non gestiamo questi siti web di terzi e non ci assumiamo alcuna responsabilit\u00e0 legale per i contenuti, i materiali o le informazioni in essi contenuti. La visualizzazione di un collegamento ipertestuale o di un riferimento a un sito web di terzi non implica l&#8217;approvazione del sito web, dei prodotti o dei servizi di tali terzi. L&#8217;utilizzo di un sito di terzi sar\u00e0 regolato dai termini e dalle condizioni di tale sito e non dai presenti Termini.    <\/li>\n\n\n<li><strong>I limiti della nostra responsabilit\u00e0<\/strong>\n<ol>\n<li>Fatta eccezione per qualsiasi responsabilit\u00e0 legale che non possiamo escludere per legge (ad esempio per morte o lesioni personali), non siamo legalmente responsabili per eventuali perdite che non erano prevedibili al momento dell&#8217;accesso al nostro Sito o che non sono state causate da una violazione dei presenti Termini o di qualsiasi obbligo da parte nostra. Il nostro Sito \u00e8 fornito &#8220;cos\u00ec com&#8217;\u00e8&#8221; e il suo utilizzo \u00e8 a suo rischio e pericolo. Escludiamo, nella misura massima consentita dalla legge, tutte le garanzie espresse e implicite.  <\/li>\n<li>Per questo motivo \u00e8 molto importante ci\u00f2 che ti forniremo e ci\u00f2 che non faremo, ci\u00f2 che ti garantiremo e ci\u00f2 che ti raccomanderemo o ti chiederemo di fare nei presenti Termini. Ti invitiamo a leggere attentamente le presenti Condizioni e a comunicarci eventuali dubbi. <\/li>\n<li>Non saremo responsabili nei tuoi confronti per qualsiasi violazione dei presenti Termini causata da eventi o circostanze al di fuori del nostro ragionevole controllo, tra cui, a titolo esemplificativo e non esaustivo, scioperi, serrate o altre controversie industriali; guasti ai sistemi o all&#8217;accesso alla rete; inondazioni, incendi, esplosioni o incidenti.<\/li>\n<li>Inoltre, nessuno che non sia parte di questi Termini ha il diritto di far valere uno qualsiasi di questi Termini.<\/li>\n<\/ol>\n<\/li>\n\n\n<li><strong>Variazione<\/strong><br\/><br\/>I presenti Termini sono datati 13 febbraio 2024. Nessuna modifica ai presenti Termini sar\u00e0 valida o avr\u00e0 effetto se non concordata da noi per iscritto. Ci riserviamo il diritto di modificare i presenti Termini di volta in volta.  <\/li>\n\n\n<li><strong>Controversie<\/strong>\n<ol>\n<li>Cercheremo di risolvere qualsiasi controversia con te in modo rapido ed efficiente.<\/li>\n<li>Se non sei soddisfatto di noi, contattaci il prima possibile.<\/li>\n<li>Se l&#8217;utente desidera intraprendere un&#8217;azione legale, i tribunali del Regno Unito avranno giurisdizione esclusiva in relazione ai presenti Termini e la legge del Regno Unito si applicher\u00e0 ai presenti Termini.<\/li>\n<\/ol>\n<\/li>\n<\/ol>\n\n<style>\nol li {padding-bottom:1em;};\ntable, th, td, tr, td {border: 1px solid #000000;};\n<\/style>\n\n<div style=\"height:100px\" aria-hidden=\"true\" class=\"wp-block-spacer\"><\/div>\n","protected":false},"excerpt":{"rendered":"<p>Questo sito Questo sito web https:\/\/lucasoil.co.uk\/ (il nostro&#8220;Sito&#8220;) \u00e8 gestito da Lucas Oil Products UK Limited (&#8220;noi&#8220;,&#8220;nostro&#8220;,&#8220;ci&#8220;). Il nostro indirizzo \u00e8 Unit 4, Cunliffe Drive, Llangefni Industrial Estate, Anglesey, LL77 7JA, Regno Unito. Il nostro numero di partita IVA \u00e8 793 4800 05. I nostri termini I presenti termini (i&#8220;Termini&#8220;) spiegano come l&#8217;utente pu\u00f2 utilizzare [&hellip;]<\/p>\n","protected":false},"author":1,"featured_media":0,"parent":0,"menu_order":0,"comment_status":"closed","ping_status":"closed","template":"page-nonblock.php","meta":{"_acf_changed":false,"footnotes":""},"class_list":["post-31286","page","type-page","status-publish","hentry"],"acf":[],"_links":{"self":[{"href":"https:\/\/lucasoil.co.uk\/it\/wp-json\/wp\/v2\/pages\/31286","targetHints":{"allow":["GET"]}}],"collection":[{"href":"https:\/\/lucasoil.co.uk\/it\/wp-json\/wp\/v2\/pages"}],"about":[{"href":"https:\/\/lucasoil.co.uk\/it\/wp-json\/wp\/v2\/types\/page"}],"author":[{"embeddable":true,"href":"https:\/\/lucasoil.co.uk\/it\/wp-json\/wp\/v2\/users\/1"}],"replies":[{"embeddable":true,"href":"https:\/\/lucasoil.co.uk\/it\/wp-json\/wp\/v2\/comments?post=31286"}],"version-history":[{"count":2,"href":"https:\/\/lucasoil.co.uk\/it\/wp-json\/wp\/v2\/pages\/31286\/revisions"}],"predecessor-version":[{"id":31288,"href":"https:\/\/lucasoil.co.uk\/it\/wp-json\/wp\/v2\/pages\/31286\/revisions\/31288"}],"wp:attachment":[{"href":"https:\/\/lucasoil.co.uk\/it\/wp-json\/wp\/v2\/media?parent=31286"}],"curies":[{"name":"wp","href":"https:\/\/api.w.org\/{rel}","templated":true}]}}